{"id":8573,"date":"2022-04-19T20:54:56","date_gmt":"2022-04-19T20:54:56","guid":{"rendered":"https:\/\/esc-sec.ca\/?page_id=8573"},"modified":"2022-04-19T20:54:56","modified_gmt":"2022-04-19T20:54:56","slug":"insectariums-du-canada","status":"publish","type":"page","link":"https:\/\/esc-sec.ca\/fr\/entomology-resources\/insectariums-du-canada\/","title":{"rendered":"Insectariums du Canada"},"content":{"rendered":"<p><strong>Insectariums du Canada<\/strong><\/p>\n<p>Un insectarium est un lieu dans lequel est conserv\u00e9e une collection d&rsquo;insectes et d&rsquo;autres arthropodes vivants, comme dans un zoo. Les expositions \u00e9ducatives sont ax\u00e9es sur l&rsquo;apprentissage au sujet des insectes et de leurs habitats, sur les raisons de leur importance et sur le travail des scientifiques (c.-\u00e0-d. les entomologistes, les arachnologues) qui les \u00e9tudient. Consultez leurs sites web et, si vous \u00eates dans la r\u00e9gion, envisagez une visite (pour certains, il est conseill\u00e9 de r\u00e9server).<\/p>\n<p>Zoo d\u2019insectes de Victoria (Victoria Bug Zoo), Victoria, C.-B.\u00a0\u00a0\u00a0 <a href=\"https:\/\/www.victoriabugzoo.ca\/\">https:\/\/www.victoriabugzoo.ca\/<\/a><\/p>\n<p>Insectarium de Sault Ste Marie, Sault Ste Marie, Ont.\u00a0\u00a0 <a href=\"https:\/\/www.entomica.com\/\">https:\/\/www.entomica.com\/<\/a><\/p>\n<p>Insectarium de Montr\u00e9al, Montr\u00e9al, Qc\u00a0\u00a0 <a href=\"https:\/\/espacepourlavie.ca\/insectarium\">https:\/\/espacepourlavie.ca\/insectarium<\/a><\/p>\n<p>Insectarium de Terre-Neuve, Reidville (pr\u00e8s de Deer Lake), T.-N. (ouvert en saison)\u00a0 <a href=\"https:\/\/nlinsectarium.com\/\">https:\/\/nlinsectarium.com\/<\/a><\/p>\n","protected":false},"excerpt":{"rendered":"<p>Insectariums du Canada Un insectarium est un lieu dans lequel est conserv\u00e9e une collection d&rsquo;insectes et d&rsquo;autres arthropodes vivants, comme dans un zoo. Les expositions \u00e9ducatives sont ax\u00e9es sur l&rsquo;apprentissage au sujet des insectes et de leurs habitats, sur les raisons de leur importance et sur le travail des scientifiques (c.-\u00e0-d. les entomologistes, les arachnologues) [&hellip;]<\/p>\n","protected":false},"author":17,"featured_media":0,"parent":2378,"menu_order":3,"comment_status":"closed","ping_status":"closed","template":"","meta":{"footnotes":""},"class_list":["post-8573","page","type-page","status-publish","hentry"],"jetpack_sharing_enabled":true,"_links":{"self":[{"href":"https:\/\/esc-sec.ca\/fr\/wp-json\/wp\/v2\/pages\/8573","targetHints":{"allow":["GET"]}}],"collection":[{"href":"https:\/\/esc-sec.ca\/fr\/wp-json\/wp\/v2\/pages"}],"about":[{"href":"https:\/\/esc-sec.ca\/fr\/wp-json\/wp\/v2\/types\/page"}],"author":[{"embeddable":true,"href":"https:\/\/esc-sec.ca\/fr\/wp-json\/wp\/v2\/users\/17"}],"replies":[{"embeddable":true,"href":"https:\/\/esc-sec.ca\/fr\/wp-json\/wp\/v2\/comments?post=8573"}],"version-history":[{"count":2,"href":"https:\/\/esc-sec.ca\/fr\/wp-json\/wp\/v2\/pages\/8573\/revisions"}],"predecessor-version":[{"id":8575,"href":"https:\/\/esc-sec.ca\/fr\/wp-json\/wp\/v2\/pages\/8573\/revisions\/8575"}],"up":[{"embeddable":true,"href":"https:\/\/esc-sec.ca\/fr\/wp-json\/wp\/v2\/pages\/2378"}],"wp:attachment":[{"href":"https:\/\/esc-sec.ca\/fr\/wp-json\/wp\/v2\/media?parent=8573"}],"curies":[{"name":"wp","href":"https:\/\/api.w.org\/{rel}","templated":true}]}}