{"id":5925,"date":"2020-02-26T20:24:05","date_gmt":"2020-02-26T20:24:05","guid":{"rendered":"https:\/\/esc-sec.ca\/?page_id=5925"},"modified":"2020-02-26T20:25:30","modified_gmt":"2020-02-26T20:25:30","slug":"politique-de-confidenti","status":"publish","type":"page","link":"https:\/\/esc-sec.ca\/fr\/politique-de-confidenti\/","title":{"rendered":"Politique de confidenti"},"content":{"rendered":"<h1>Politique de confidentialit\u00e9 de la Soci\u00e9t\u00e9 d\u2019entomologie du Canada<\/h1>\n<p><strong>Note\u00a0: En cas de divergence entre les textes fran\u00e7ais et anglais, le texte anglais pr\u00e9vaut.<\/strong><\/p>\n<p>Cette politique de confidentialit\u00e9 couvre le traitement des donn\u00e9es \u00e0 caract\u00e8re personnel qui sont collect\u00e9es lorsque vous visitez le site de la Soci\u00e9t\u00e9 d\u2019entomologie du Canada (SEC). Les donn\u00e9es \u00e0 caract\u00e8re personnel sont d\u00e9finies comme des informations qui peuvent \u00eatre utilis\u00e9es pour vous identifier ou pour vous contacter. Cette politique ne s\u2019applique pas aux pratiques des compagnies que ce site ne poss\u00e8de pas ou ne contr\u00f4le pas, ou aux personnes que ce site n\u2019emploie pas ou ne g\u00e8re pas. Vos donn\u00e9es \u00e0 caract\u00e8re personnel seront aussi fid\u00e8les, compl\u00e8tes et \u00e0 jour que n\u00e9cessaire pour les buts identifi\u00e9s. Sur demande, vous pouvez \u00eatre inform\u00e9 de l\u2019existence, l\u2019utilisation et la divulgation de vos donn\u00e9es \u00e0 caract\u00e8re personnel.<\/p>\n<p><strong>Collecte et utilisation des donn\u00e9es <\/strong><\/p>\n<p>Le site re\u00e7oit et enregistre automatiquement les informations sur nos serveurs \u00e0 partir de votre navigateur, incluant votre adresse IP et la page que vous avez demand\u00e9e.<\/p>\n<p><strong>But de la collecte des donn\u00e9es<\/strong><\/p>\n<p>Le site web collecte des donn\u00e9es afin d\u2019aider \u00e0 fournir un service que vous avez demand\u00e9.<\/p>\n<p><strong>Divulgation et partage des donn\u00e9es<\/strong><\/p>\n<p>La SEC ne vend pas ou ne loue pas de donn\u00e9es \u00e0 caract\u00e8re personnel \u00e0 de tierces parties.<\/p>\n<p>Nous enverrons des donn\u00e9es \u00e0 caract\u00e8re personnel vous concernant \u00e0 d\u2019autres compagnies, ou personnes, quand\u00a0:<\/p>\n<p>Nous avons votre consentement pour partager les donn\u00e9es;<\/p>\n<p>Nous devons partager vos donn\u00e9es pour fournir le produit ou le service que vous avez demand\u00e9;<\/p>\n<p>Nous devons envoyer les donn\u00e9es \u00e0 des compagnies travaillant en notre nom afin de vous fournir un produit ou service. (Ces compagnies n\u2019ont pas le droit d\u2019utiliser vos donn\u00e9es \u00e0 caract\u00e8re personnel que nous leur fournissons au-del\u00e0 de ce qui est n\u00e9cessaire pour nous assister.);<\/p>\n<p>Nous r\u00e9pondons \u00e0 des subpoenas, ordres de la cour ou processus l\u00e9gal.<\/p>\n<p><strong>Confidentialit\u00e9 des enfants<\/strong><\/p>\n<p>La SEC croit que la protection de la confidentialit\u00e9 des enfants en ligne est extr\u00eamement importante. Nous ne collectons pas de donn\u00e9es sp\u00e9cifiques sur les enfants, et nous croyons que les enfants devraient avoir le consentement de leurs parents avant de nous donner toute information personnelle.<\/p>\n<p><strong>Adresse courriel et informations de contact<\/strong><\/p>\n<p>Quand vous envoyez un courriel \u00e0 la SEC, ou quand vous nous demandez de vous r\u00e9pondre par courriel, nous apprenons votre adresse courriel exacte et toute information que vous avez incluse. Nous utilisons votre adresse courriel pour accuser r\u00e9ception de vos commentaires et\/ou r\u00e9pondre \u00e0 vos questions; nous pouvons conserver vos communications, et nos r\u00e9ponses, dans le cas o\u00f9 nous devrions correspondre davantage.<\/p>\n<p><strong>T\u00e9moins<\/strong><\/p>\n<p>Nous pouvons installer et acc\u00e9der aux t\u00e9moins SEC sur votre ordinateur. Un t\u00e9moin SEC est une petite quantit\u00e9 de donn\u00e9es transf\u00e9r\u00e9e \u00e0 votre navigateur par le serveur web de la SEC et entrepos\u00e9e sur le disque dur de votre ordinateur.<\/p>\n<p><strong>Capacit\u00e9 de modifier et supprimer vos informations <\/strong><\/p>\n<p>Si vous voulez r\u00e9viser, modifier pour l\u2019exactitude, supprimer, ou si vous avez toute question sur vos donn\u00e9es, envoyez-nous un courriel \u00e0 <a href=\"mailto:info@esc-sec.ca\">info@esc-sec.ca<\/a>.<\/p>\n<p><strong>S\u00e9curit\u00e9<\/strong><\/p>\n<p>Dans certaines sections, ce site utilise le cryptage SSL pour prot\u00e9ger la transmission des donn\u00e9es. Le cryptage SSL est un protocole d\u00e9velopp\u00e9 pour permettre les communications crypt\u00e9es et authentifi\u00e9es sur Internet.<\/p>\n<p><strong>Modifications \u00e0 cette politique de confidentialit\u00e9 <\/strong><\/p>\n<p>La SEC modifiera cette politique au besoin. Si un changement substantiel est apport\u00e9 \u00e0 la fa\u00e7on dont nous utilisons vos donn\u00e9es \u00e0 caract\u00e8re personnel, nous vous aviserons en publiant une annonce importante sur notre page.<\/p>\n<p>&nbsp;<\/p>\n","protected":false},"excerpt":{"rendered":"<p>Politique de confidentialit\u00e9 de la Soci\u00e9t\u00e9 d\u2019entomologie du Canada Note\u00a0: En cas de divergence entre les textes fran\u00e7ais et anglais, le texte anglais pr\u00e9vaut. Cette politique de confidentialit\u00e9 couvre le traitement des donn\u00e9es \u00e0 caract\u00e8re personnel qui sont collect\u00e9es lorsque vous visitez le site de la Soci\u00e9t\u00e9 d\u2019entomologie du Canada (SEC). Les donn\u00e9es \u00e0 caract\u00e8re [&hellip;]<\/p>\n","protected":false},"author":1,"featured_media":0,"parent":0,"menu_order":0,"comment_status":"closed","ping_status":"closed","template":"","meta":{"footnotes":""},"class_list":["post-5925","page","type-page","status-publish","hentry"],"jetpack_sharing_enabled":true,"_links":{"self":[{"href":"https:\/\/esc-sec.ca\/fr\/wp-json\/wp\/v2\/pages\/5925","targetHints":{"allow":["GET"]}}],"collection":[{"href":"https:\/\/esc-sec.ca\/fr\/wp-json\/wp\/v2\/pages"}],"about":[{"href":"https:\/\/esc-sec.ca\/fr\/wp-json\/wp\/v2\/types\/page"}],"author":[{"embeddable":true,"href":"https:\/\/esc-sec.ca\/fr\/wp-json\/wp\/v2\/users\/1"}],"replies":[{"embeddable":true,"href":"https:\/\/esc-sec.ca\/fr\/wp-json\/wp\/v2\/comments?post=5925"}],"version-history":[{"count":1,"href":"https:\/\/esc-sec.ca\/fr\/wp-json\/wp\/v2\/pages\/5925\/revisions"}],"predecessor-version":[{"id":5926,"href":"https:\/\/esc-sec.ca\/fr\/wp-json\/wp\/v2\/pages\/5925\/revisions\/5926"}],"wp:attachment":[{"href":"https:\/\/esc-sec.ca\/fr\/wp-json\/wp\/v2\/media?parent=5925"}],"curies":[{"name":"wp","href":"https:\/\/api.w.org\/{rel}","templated":true}]}}