{"id":4845,"date":"2019-01-10T14:49:54","date_gmt":"2019-01-10T14:49:54","guid":{"rendered":"http:\/\/esc-sec.ca\/?page_id=4845"},"modified":"2021-08-26T03:59:58","modified_gmt":"2021-08-26T03:59:58","slug":"enonce-de-diversite-et-dinclusion","status":"publish","type":"page","link":"https:\/\/esc-sec.ca\/fr\/the-society\/enonce-de-diversite-et-dinclusion\/","title":{"rendered":"\u00c9nonc\u00e9 de diversit\u00e9 et d\u2019inclusion"},"content":{"rendered":"<p><strong>\u00c9nonc\u00e9 de diversit\u00e9 et d\u2019inclusion de la Soci\u00e9t\u00e9 d\u2019entomologie du Canada<\/strong><\/p>\n<p>La Soci\u00e9t\u00e9 d\u2019entomologie du Canada (SEC) est une soci\u00e9t\u00e9 inclusive qui cherche \u00e0 promouvoir, faciliter, communiquer et favoriser la recherche et l\u2019\u00e9ducation sur les insectes et leurs apparent\u00e9s, parrainer le d\u00e9veloppement des entomologistes plus jeunes, et mettre en vedette l\u2019expertise entomologique du Canada nationalement et internationalement.<\/p>\n<p>La SEC reconna\u00eet et valorise toutes les dimensions de la diversit\u00e9. Ainsi, nous accueillons dans notre Soci\u00e9t\u00e9 et encourageons la participation de tous les individus qui sont int\u00e9ress\u00e9s par l\u2019entomologie, sans regard pour l\u2019\u00e2ge, le genre, l\u2019identit\u00e9 de genre, l\u2019origine, les ant\u00e9c\u00e9dents culturels, la religion, les habilet\u00e9s physiques, l\u2019orientation sexuelle, le statut professionnel, la localisation g\u00e9ographique et toute autre caract\u00e9ristique qui rend nos membres uniques.<\/p>\n<p>La SEC se commet \u00e0 promouvoir proactivement une culture d\u2019\u00e9quit\u00e9, de diversit\u00e9 et d\u2019inclusion et d\u00e9noncera activement tout pr\u00e9judice et st\u00e9r\u00e9otype lorsque rencontr\u00e9 dans la Soci\u00e9t\u00e9 ou dans la profession. La Soci\u00e9t\u00e9 s\u2019attend \u00e0 ce que ses membres, et plus particuli\u00e8rement ses directeurs, administrateurs, membres de comit\u00e9s et le personnel de la SEC, agissent en accord avec les principes \u00e9tablis dans cet \u00e9nonc\u00e9.<\/p>\n","protected":false},"excerpt":{"rendered":"<p>\u00c9nonc\u00e9 de diversit\u00e9 et d\u2019inclusion de la Soci\u00e9t\u00e9 d\u2019entomologie du Canada La Soci\u00e9t\u00e9 d\u2019entomologie du Canada (SEC) est une soci\u00e9t\u00e9 inclusive qui cherche \u00e0 promouvoir, faciliter, communiquer et favoriser la recherche et l\u2019\u00e9ducation sur les insectes et leurs apparent\u00e9s, parrainer le d\u00e9veloppement des entomologistes plus jeunes, et mettre en vedette l\u2019expertise entomologique du Canada nationalement [&hellip;]<\/p>\n","protected":false},"author":2,"featured_media":0,"parent":1962,"menu_order":0,"comment_status":"closed","ping_status":"closed","template":"","meta":{"footnotes":""},"class_list":["post-4845","page","type-page","status-publish","hentry"],"jetpack_sharing_enabled":true,"_links":{"self":[{"href":"https:\/\/esc-sec.ca\/fr\/wp-json\/wp\/v2\/pages\/4845","targetHints":{"allow":["GET"]}}],"collection":[{"href":"https:\/\/esc-sec.ca\/fr\/wp-json\/wp\/v2\/pages"}],"about":[{"href":"https:\/\/esc-sec.ca\/fr\/wp-json\/wp\/v2\/types\/page"}],"author":[{"embeddable":true,"href":"https:\/\/esc-sec.ca\/fr\/wp-json\/wp\/v2\/users\/2"}],"replies":[{"embeddable":true,"href":"https:\/\/esc-sec.ca\/fr\/wp-json\/wp\/v2\/comments?post=4845"}],"version-history":[{"count":8,"href":"https:\/\/esc-sec.ca\/fr\/wp-json\/wp\/v2\/pages\/4845\/revisions"}],"predecessor-version":[{"id":7797,"href":"https:\/\/esc-sec.ca\/fr\/wp-json\/wp\/v2\/pages\/4845\/revisions\/7797"}],"up":[{"embeddable":true,"href":"https:\/\/esc-sec.ca\/fr\/wp-json\/wp\/v2\/pages\/1962"}],"wp:attachment":[{"href":"https:\/\/esc-sec.ca\/fr\/wp-json\/wp\/v2\/media?parent=4845"}],"curies":[{"name":"wp","href":"https:\/\/api.w.org\/{rel}","templated":true}]}}