{"id":378,"date":"2017-01-17T22:19:10","date_gmt":"2017-01-17T22:19:10","guid":{"rendered":"http:\/\/esc-sec.ca\/wp\/prix\/call-for-nominations\/"},"modified":"2025-10-15T17:50:55","modified_gmt":"2025-10-15T17:50:55","slug":"call-for-nominations","status":"publish","type":"page","link":"https:\/\/esc-sec.ca\/fr\/awards\/call-for-nominations\/","title":{"rendered":"Les mises en candidature"},"content":{"rendered":"<div id='av_section_1'  class='avia-section main_color avia-section-default avia-no-shadow  avia-bg-style-scroll  avia-builder-el-0  el_before_av_submenu  avia-builder-el-first   container_wrap sidebar_right' style='background-color: #9cbfc1;  '  ><div class='container' ><main  role=\"main\" itemprop=\"mainContentOfPage\"  class='template-page content  av-content-small alpha units'><div class='post-entry post-entry-type-page post-entry-378'><div class='entry-content-wrapper clearfix'>\n<\/div><\/div><\/main><!-- close content main element --><\/div><\/div><div class='clear'><\/div><div id='sub_menu1'  class='av-submenu-container main_color  avia-builder-el-1  el_after_av_section  el_before_av_one_full  av-sticky-submenu  submenu-not-first container_wrap sidebar_right' style='  z-index:301' ><div class='container av-menu-mobile-disabled '><ul id=\"menu-sub-menu-awards-french\" class=\"av-subnav-menu av-submenu-pos-center\"><li id=\"menu-item-3446\" class=\"menu-item menu-item-type-post_type menu-item-object-page menu-item-top-level menu-item-top-level-1\"><a href=\"https:\/\/esc-sec.ca\/fr\/awards\/medaille-dor\/\" itemprop=\"url\"><span class=\"avia-bullet\"><\/span><span class=\"avia-menu-text\">M\u00e9daille d&rsquo;or<\/span><span class=\"avia-menu-fx\"><span class=\"avia-arrow-wrap\"><span class=\"avia-arrow\"><\/span><\/span><\/span><\/a><\/li>\n<li id=\"menu-item-3447\" class=\"menu-item menu-item-type-post_type menu-item-object-page menu-item-top-level menu-item-top-level-2\"><a href=\"https:\/\/esc-sec.ca\/fr\/awards\/c-gordon-hewitt\/\" itemprop=\"url\"><span class=\"avia-bullet\"><\/span><span class=\"avia-menu-text\">C. Gordon Hewitt<\/span><span class=\"avia-menu-fx\"><span class=\"avia-arrow-wrap\"><span class=\"avia-arrow\"><\/span><\/span><\/span><\/a><\/li>\n<li id=\"menu-item-3448\" class=\"menu-item menu-item-type-post_type menu-item-object-page menu-item-top-level menu-item-top-level-3\"><a href=\"https:\/\/esc-sec.ca\/fr\/awards\/criddle\/\" itemprop=\"url\"><span class=\"avia-bullet\"><\/span><span class=\"avia-menu-text\">Norman Criddle<\/span><span class=\"avia-menu-fx\"><span class=\"avia-arrow-wrap\"><span class=\"avia-arrow\"><\/span><\/span><\/span><\/a><\/li>\n<li id=\"menu-item-3449\" class=\"menu-item menu-item-type-post_type menu-item-object-page menu-item-top-level menu-item-top-level-4\"><a href=\"https:\/\/esc-sec.ca\/fr\/awards\/bert-john-carr-award\/\" itemprop=\"url\"><span class=\"avia-bullet\"><\/span><span class=\"avia-menu-text\">Bert et John Carr<\/span><span class=\"avia-menu-fx\"><span class=\"avia-arrow-wrap\"><span class=\"avia-arrow\"><\/span><\/span><\/span><\/a><\/li>\n<li id=\"menu-item-3450\" class=\"menu-item menu-item-type-post_type menu-item-object-page menu-item-top-level menu-item-top-level-5\"><a href=\"https:\/\/esc-sec.ca\/fr\/awards\/membres-honoraires\/\" itemprop=\"url\"><span class=\"avia-bullet\"><\/span><span class=\"avia-menu-text\">Membres Honoraires<\/span><span class=\"avia-menu-fx\"><span class=\"avia-arrow-wrap\"><span class=\"avia-arrow\"><\/span><\/span><\/span><\/a><\/li>\n<li id=\"menu-item-3451\" class=\"menu-item menu-item-type-post_type menu-item-object-page menu-item-top-level menu-item-top-level-6\"><a href=\"https:\/\/esc-sec.ca\/fr\/awards\/associes\/\" itemprop=\"url\"><span class=\"avia-bullet\"><\/span><span class=\"avia-menu-text\">Membres Associ\u00e9s<\/span><span class=\"avia-menu-fx\"><span class=\"avia-arrow-wrap\"><span class=\"avia-arrow\"><\/span><\/span><\/span><\/a><\/li>\n<li id=\"menu-item-3452\" class=\"menu-item menu-item-type-post_type menu-item-object-page menu-item-top-level menu-item-top-level-7\"><a href=\"https:\/\/esc-sec.ca\/fr\/awards\/call-for-nominations\/\" itemprop=\"url\"><span class=\"avia-bullet\"><\/span><span class=\"avia-menu-text\">Les mises en candidature<\/span><span class=\"avia-menu-fx\"><span class=\"avia-arrow-wrap\"><span class=\"avia-arrow\"><\/span><\/span><\/span><\/a><\/li>\n<\/ul><\/div><\/div><div class='sticky_placeholder'><\/div><div id='after_submenu'  class='main_color av_default_container_wrap container_wrap sidebar_right' style=' '  ><div class='container' ><div class='template-page content  av-content-small alpha units'><div class='post-entry post-entry-type-page post-entry-378'><div class='entry-content-wrapper clearfix'>\n<div class=\"flex_column av_one_full  flex_column_div av-zero-column-padding first  avia-builder-el-2  el_after_av_submenu  el_before_av_toggle_container  avia-builder-el-first  \" style='border-radius:0px; '><p><div  style='padding-bottom:10px; font-size:45px;' class='av-special-heading av-special-heading-h1  blockquote modern-quote  avia-builder-el-3  el_before_av_textblock  avia-builder-el-first  av-inherit-size '><h1 class='av-special-heading-tag '  itemprop=\"headline\"  >Les mises en candidature pour 2025<\/h1><div class='special-heading-border'><div class='special-heading-inner-border' ><\/div><\/div><\/div><br \/>\n<section class=\"av_textblock_section \"  itemscope=\"itemscope\" itemtype=\"https:\/\/schema.org\/CreativeWork\" ><div class='avia_textblock  '   itemprop=\"text\" ><p>Connaissez-vous un entomologiste respect\u00e9 qui m\u00e9rite une reconnaissance pour ses contributions remarquables dans son domaine au Canada? Cette personne est-elle un leader dans son domaine par son succ\u00e8s en publications, brevets, travail \u00e9ditorial et\/ou subventions, enseignement et mentorat d\u2019\u00e9tudiants, ou m\u00eame par du b\u00e9n\u00e9volat actif dans la SEC et d\u2019autres soci\u00e9t\u00e9s\/organisations? Si oui, consid\u00e9rez de la nominer pour un de nos prix d\u2019excellence de la Soci\u00e9t\u00e9. N\u2019h\u00e9sitez pas \u00e0 contacter la pr\u00e9sident du comit\u00e9 des prix d\u2019excellence, Roselyne Labbe (Roselyne.Labbe at agr.gc.ca), si vous avez des questions concernant l\u2019\u00e9ligibilit\u00e9 ou le processus de nomination.<\/p>\n<p class=\"x_MsoNormal\">Les candidatures doivent \u00eatre envoy\u00e9es soit par courriel au pr\u00e9sident du comit\u00e9 des prix d\u2019excellence, Roselyne Labbe (Roselyne.Labbe at agr.gc.ca) au plus tard le <b>28 f\u00e9vrier 2026.<\/b><\/p>\n<\/div><\/section><\/p><\/div><div   class=\"togglecontainer   toggle_close_all  avia-builder-el-5  el_after_av_one_full  el_before_av_hr \" >\n<section class=\"av_toggle_section\"  itemscope=\"itemscope\" itemtype=\"https:\/\/schema.org\/CreativeWork\"  >    <div role=\"tablist\" class=\"single_toggle\" data-tags=\"{Tout} \"  >        <p data-fake-id=\"#toggle-id-1\" class=\"toggler \"  itemprop=\"headline\"    role=\"tab\" tabindex=\"0\" aria-controls=\"toggle-id-1\">M\u00e9daille d\u2019or et prix C. Gordon Hewitt<span class=\"toggle_icon\" >        <span class=\"vert_icon\"><\/span><span class=\"hor_icon\"><\/span><\/span><\/p>        <div id=\"toggle-id-1\" class=\"toggle_wrap \"   >            <div class=\"toggle_content invers-color \"  itemprop=\"text\"   ><p align=\"left\"><strong><em>Ces deux prix vont pour les contributions remarquables en entomologie au Canada par un individuel. Le candidat\/la candidate au prix C. Gordon Hewitt doit avoir d\u00e9fendu avec succ\u00e8s sa th\u00e8se de doctorat au cours des 12 derni\u00e8res ann\u00e9es se terminant le 31 d\u00e9cembre de l\u2019ann\u00e9e au cours de laquelle le prix est re\u00e7u.<\/em><\/strong><\/p>\n<p align=\"left\">Les nominations ne peuvent \u00eatre faites que par des membres de la SEC, et doivent \u00eatre sign\u00e9es par la personne qui soumet la nomination et par au moins un personne qui appui la nomination (qui doit aussi \u00eatre membre de la SEC).<\/p>\n<p>Les personnes qui soumettent la nomination doivent inclure les informations suivantes pour les deux prix :<\/p>\n<p align=\"left\">1. Le nom et l&rsquo;adresse du nomin\u00e9 ;<br \/>\n2. Un \u00e9nonc\u00e9 sur les accomplissements pertinents (3-5 pages) qui peut inclure, mais ne se limite pas \u00e0 : domaine de recherche, contributions majeures particuli\u00e8res, nombre d&rsquo;articles dans des revues avec \u00e9valuation, livres, chapitres de livres, brevets, activit\u00e9s \u00e9ditoriales, histoire d&rsquo;enseignement, nombre d&rsquo;\u00e9tudiants gradu\u00e9s, prix d&rsquo;enseignement, valeur des subventions, implication dans la SEC, implication active et\/ou adh\u00e9sion \u00e0 d&rsquo;autres soci\u00e9t\u00e9s, implication dans la communaut\u00e9 entomologique, organisation de symposiums et r\u00e9unions ;<br \/>\n3. Un curriculum vitae \u00e0 jour ; et<br \/>\n4. Le nom de la personne qui soumet la nomination et au moins une personne qui l&rsquo;appuie.<\/p>\n<p align=\"left\">La documentation devrait mettre en \u00e9vidence le ou les accomplissements particuliers \u00e0 consid\u00e9rer et pas seulement les comp\u00e9tences g\u00e9n\u00e9rales du nomin\u00e9. D&rsquo;autres personnes peuvent aussi manifester leur appui, sans documentation, dans une lettre de soutien de la nomination. Le comit\u00e9 ne pr\u00e9parera aucune documentation et ne fera aucune recherche en lien avec la nomination.<\/p>\n<p>Merci d\u2019envoyer vos nominations par courriel au pr\u00e9sident des prix d\u2019excellence.<\/p>\n            <\/div>        <\/div>    <\/div><\/section>\n<section class=\"av_toggle_section\"  itemscope=\"itemscope\" itemtype=\"https:\/\/schema.org\/CreativeWork\"  >    <div role=\"tablist\" class=\"single_toggle\" data-tags=\"{Tout} \"  >        <p data-fake-id=\"#toggle-id-2\" class=\"toggler \"  itemprop=\"headline\"    role=\"tab\" tabindex=\"0\" aria-controls=\"toggle-id-2\">Prix Bert and John Carr<span class=\"toggle_icon\" >        <span class=\"vert_icon\"><\/span><span class=\"hor_icon\"><\/span><\/span><\/p>        <div id=\"toggle-id-2\" class=\"toggle_wrap \"   >            <div class=\"toggle_content invers-color \"  itemprop=\"text\"   ><p><span lang=\"fr-CA\">Le prix Bert et John Carr a \u00e9t\u00e9 cr\u00e9\u00e9 en 2010 (voir le Bulletin de la SEC, juin 2010 [p.102] ou septembre 2010 [p.170]) pour en appui \u00e0 des activit\u00e9s de recherche men\u00e9es par des individus qui \u00e9tudient la faune entomologique ou l\u2019histoire naturelle et la taxonomie de la faune entomologique du Canada. Une pr\u00e9f\u00e9rence sera donn\u00e9e aux candidatures provenant d\u2019amateurs, mais des candidatures pr\u00e9sent\u00e9es par des \u00e9tudiants ou d\u2019autres individus seront aussi prises en consid\u00e9ration.<\/span><\/p>\n<p><span lang=\"fr-CA\">Les candidatures devront inclure\u00a0:<\/span><\/p>\n<ol>\n<li><span lang=\"fr-CA\">Le nom et l\u2019adresse du candidat\u2009;<\/span><\/li>\n<li><span lang=\"fr-CA\">Un \u00e9nonc\u00e9 sur les activit\u00e9s de recherche devant \u00eatre entreprises par le candidat, dont une estimation des co\u00fbts jusqu\u2019\u00e0 concurrence de 1000<!-- On the website (https:\/\/esc-sec.ca\/fr\/awards\/bert-john-carr-award\/) it\u2019s written 1000$ -->\u00a0$\u2009; et<\/span><\/li>\n<li><span lang=\"fr-CA\">Un curriculum vitae \u00e0 jour.<\/span><\/li>\n<\/ol>\n<p><span lang=\"fr-CA\">Les candidatures doivent \u00eatre envoy\u00e9es par courriel au pr\u00e9sident du comit\u00e9 des prix d\u2019excellence<\/span><span lang=\"fr-CA\">.<\/span><\/p>\n            <\/div>        <\/div>    <\/div><\/section>\n<section class=\"av_toggle_section\"  itemscope=\"itemscope\" itemtype=\"https:\/\/schema.org\/CreativeWork\"  >    <div role=\"tablist\" class=\"single_toggle\" data-tags=\"{Tout} \"  >        <p data-fake-id=\"#toggle-id-3\" class=\"toggler \"  itemprop=\"headline\"    role=\"tab\" tabindex=\"0\" aria-controls=\"toggle-id-3\">Fiduciaires de la Soci\u00e9t\u00e9 d\u2019entomologie du Canada<span class=\"toggle_icon\" >        <span class=\"vert_icon\"><\/span><span class=\"hor_icon\"><\/span><\/span><\/p>        <div id=\"toggle-id-3\" class=\"toggle_wrap \"   >            <div class=\"toggle_content invers-color \"  itemprop=\"text\"   ><p><em><strong>Les fiduciaires sont consid\u00e9r\u00e9s comme ayant apport\u00e9 une contribution majeure \u00e0 l&rsquo;entomologie et doivent \u00eatre des membres actifs de la Soci\u00e9t\u00e9 au moment de la nomination. Leur contribution peut se situer dans n&rsquo;importe quel domaine (e.g. recherche, enseignement, application ou administration), et ils seront jug\u00e9s selon leur contribution et la stimulation au travail des autres, ainsi que par leurs efforts personnels. <\/strong><\/em><\/p>\n<p>Collectivement, les fiduciaires ne peuvent pas totaliser plus de 10% des membres actifs de la Soci\u00e9t\u00e9. Les nominations doivent \u00eatre support\u00e9es par au moins quatre membres actifs ou sp\u00e9ciaux de la Soci\u00e9t\u00e9 et doivent \u00eatre envoy\u00e9es par courriel au pr\u00e9sident des prix d\u2019excellence.<\/p>\n            <\/div>        <\/div>    <\/div><\/section>\n<section class=\"av_toggle_section\"  itemscope=\"itemscope\" itemtype=\"https:\/\/schema.org\/CreativeWork\"  >    <div role=\"tablist\" class=\"single_toggle\" data-tags=\"{Tout} \"  >        <p data-fake-id=\"#toggle-id-4\" class=\"toggler \"  itemprop=\"headline\"    role=\"tab\" tabindex=\"0\" aria-controls=\"toggle-id-4\">Membres honoraires de la Soci\u00e9t\u00e9 d\u2019entomologie du Canada<span class=\"toggle_icon\" >        <span class=\"vert_icon\"><\/span><span class=\"hor_icon\"><\/span><\/span><\/p>        <div id=\"toggle-id-4\" class=\"toggle_wrap \"   >            <div class=\"toggle_content invers-color \"  itemprop=\"text\"   ><p><strong><em>Un membre honoraire est consid\u00e9r\u00e9 comme ayant apport\u00e9 des contributions remarquables \u00e0 l&rsquo;avancement de l&rsquo;entomologie et peut \u00eatre un membre actif ou un ancien membre actif de la Soci\u00e9t\u00e9 au moment de la nomination. <\/em><\/strong><\/p>\n<p>Collectivement, les membres honoraires ne peuvent pas totaliser plus de 10 membres ou 1% des membres actifs de la Soci\u00e9t\u00e9. Les nominations doivent \u00eatre support\u00e9es par au moins cinq membres actifs ou sp\u00e9ciaux de la Soci\u00e9t\u00e9, et doivent \u00eatre envoy\u00e9es par courriel au pr\u00e9sident des prix d\u2019excellence.<\/p>\n            <\/div>        <\/div>    <\/div><\/section>\n<\/div><\/p>\n<div  style='height:40px' class='hr hr-invisible   avia-builder-el-6  el_after_av_toggle_container  avia-builder-el-last '><span class='hr-inner ' ><span class='hr-inner-style'><\/span><\/span><\/div>\n","protected":false},"excerpt":{"rendered":"","protected":false},"author":1,"featured_media":0,"parent":2352,"menu_order":70,"comment_status":"closed","ping_status":"closed","template":"","meta":{"footnotes":""},"class_list":["post-378","page","type-page","status-publish","hentry"],"jetpack_sharing_enabled":true,"_links":{"self":[{"href":"https:\/\/esc-sec.ca\/fr\/wp-json\/wp\/v2\/pages\/378","targetHints":{"allow":["GET"]}}],"collection":[{"href":"https:\/\/esc-sec.ca\/fr\/wp-json\/wp\/v2\/pages"}],"about":[{"href":"https:\/\/esc-sec.ca\/fr\/wp-json\/wp\/v2\/types\/page"}],"author":[{"embeddable":true,"href":"https:\/\/esc-sec.ca\/fr\/wp-json\/wp\/v2\/users\/1"}],"replies":[{"embeddable":true,"href":"https:\/\/esc-sec.ca\/fr\/wp-json\/wp\/v2\/comments?post=378"}],"version-history":[{"count":28,"href":"https:\/\/esc-sec.ca\/fr\/wp-json\/wp\/v2\/pages\/378\/revisions"}],"predecessor-version":[{"id":10750,"href":"https:\/\/esc-sec.ca\/fr\/wp-json\/wp\/v2\/pages\/378\/revisions\/10750"}],"up":[{"embeddable":true,"href":"https:\/\/esc-sec.ca\/fr\/wp-json\/wp\/v2\/pages\/2352"}],"wp:attachment":[{"href":"https:\/\/esc-sec.ca\/fr\/wp-json\/wp\/v2\/media?parent=378"}],"curies":[{"name":"wp","href":"https:\/\/api.w.org\/{rel}","templated":true}]}}