{"id":371,"date":"2017-01-17T22:18:47","date_gmt":"2017-01-17T22:18:47","guid":{"rendered":"http:\/\/esc-sec.ca\/wp\/prix\/fellows\/"},"modified":"2023-10-27T18:37:02","modified_gmt":"2023-10-27T18:37:02","slug":"associes","status":"publish","type":"page","link":"https:\/\/esc-sec.ca\/fr\/awards\/associes\/","title":{"rendered":"Membres Associ\u00e9s"},"content":{"rendered":"<div id='av_section_1'  class='avia-section main_color avia-section-default avia-no-shadow  avia-bg-style-scroll  avia-builder-el-0  el_before_av_submenu  avia-builder-el-first   container_wrap sidebar_right' style='background-color: #9cbfc1;  '  ><div class='container' ><main  role=\"main\" itemprop=\"mainContentOfPage\"  class='template-page content  av-content-small alpha units'><div class='post-entry post-entry-type-page post-entry-371'><div class='entry-content-wrapper clearfix'>\n<\/div><\/div><\/main><!-- close content main element --><\/div><\/div><div class='clear'><\/div><div id='sub_menu1'  class='av-submenu-container main_color  avia-builder-el-1  el_after_av_section  el_before_av_one_full  av-sticky-submenu  submenu-not-first container_wrap sidebar_right' style='  z-index:301' ><div class='container av-menu-mobile-disabled '><ul id=\"menu-sub-menu-awards-french\" class=\"av-subnav-menu av-submenu-pos-center\"><li id=\"menu-item-3446\" class=\"menu-item menu-item-type-post_type menu-item-object-page menu-item-top-level menu-item-top-level-1\"><a href=\"https:\/\/esc-sec.ca\/fr\/awards\/medaille-dor\/\" itemprop=\"url\"><span class=\"avia-bullet\"><\/span><span class=\"avia-menu-text\">M\u00e9daille d&rsquo;or<\/span><span class=\"avia-menu-fx\"><span class=\"avia-arrow-wrap\"><span class=\"avia-arrow\"><\/span><\/span><\/span><\/a><\/li>\n<li id=\"menu-item-3447\" class=\"menu-item menu-item-type-post_type menu-item-object-page menu-item-top-level menu-item-top-level-2\"><a href=\"https:\/\/esc-sec.ca\/fr\/awards\/c-gordon-hewitt\/\" itemprop=\"url\"><span class=\"avia-bullet\"><\/span><span class=\"avia-menu-text\">C. Gordon Hewitt<\/span><span class=\"avia-menu-fx\"><span class=\"avia-arrow-wrap\"><span class=\"avia-arrow\"><\/span><\/span><\/span><\/a><\/li>\n<li id=\"menu-item-3448\" class=\"menu-item menu-item-type-post_type menu-item-object-page menu-item-top-level menu-item-top-level-3\"><a href=\"https:\/\/esc-sec.ca\/fr\/awards\/criddle\/\" itemprop=\"url\"><span class=\"avia-bullet\"><\/span><span class=\"avia-menu-text\">Norman Criddle<\/span><span class=\"avia-menu-fx\"><span class=\"avia-arrow-wrap\"><span class=\"avia-arrow\"><\/span><\/span><\/span><\/a><\/li>\n<li id=\"menu-item-3449\" class=\"menu-item menu-item-type-post_type menu-item-object-page menu-item-top-level menu-item-top-level-4\"><a href=\"https:\/\/esc-sec.ca\/fr\/awards\/bert-john-carr-award\/\" itemprop=\"url\"><span class=\"avia-bullet\"><\/span><span class=\"avia-menu-text\">Bert et John Carr<\/span><span class=\"avia-menu-fx\"><span class=\"avia-arrow-wrap\"><span class=\"avia-arrow\"><\/span><\/span><\/span><\/a><\/li>\n<li id=\"menu-item-3450\" class=\"menu-item menu-item-type-post_type menu-item-object-page menu-item-top-level menu-item-top-level-5\"><a href=\"https:\/\/esc-sec.ca\/fr\/awards\/membres-honoraires\/\" itemprop=\"url\"><span class=\"avia-bullet\"><\/span><span class=\"avia-menu-text\">Membres Honoraires<\/span><span class=\"avia-menu-fx\"><span class=\"avia-arrow-wrap\"><span class=\"avia-arrow\"><\/span><\/span><\/span><\/a><\/li>\n<li id=\"menu-item-3451\" class=\"menu-item menu-item-type-post_type menu-item-object-page menu-item-top-level menu-item-top-level-6\"><a href=\"https:\/\/esc-sec.ca\/fr\/awards\/associes\/\" itemprop=\"url\"><span class=\"avia-bullet\"><\/span><span class=\"avia-menu-text\">Membres Associ\u00e9s<\/span><span class=\"avia-menu-fx\"><span class=\"avia-arrow-wrap\"><span class=\"avia-arrow\"><\/span><\/span><\/span><\/a><\/li>\n<li id=\"menu-item-3452\" class=\"menu-item menu-item-type-post_type menu-item-object-page menu-item-top-level menu-item-top-level-7\"><a href=\"https:\/\/esc-sec.ca\/fr\/awards\/call-for-nominations\/\" itemprop=\"url\"><span class=\"avia-bullet\"><\/span><span class=\"avia-menu-text\">Les mises en candidature<\/span><span class=\"avia-menu-fx\"><span class=\"avia-arrow-wrap\"><span class=\"avia-arrow\"><\/span><\/span><\/span><\/a><\/li>\n<\/ul><\/div><\/div><div class='sticky_placeholder'><\/div><div id='after_submenu'  class='main_color av_default_container_wrap container_wrap sidebar_right' style=' '  ><div class='container' ><div class='template-page content  av-content-small alpha units'><div class='post-entry post-entry-type-page post-entry-371'><div class='entry-content-wrapper clearfix'>\n<div class=\"flex_column av_one_full  flex_column_div av-zero-column-padding first  avia-builder-el-2  el_after_av_submenu  el_before_av_hr  avia-builder-el-first  \" style='border-radius:0px; '><div  style='padding-bottom:10px; font-size:45px;' class='av-special-heading av-special-heading-h1  blockquote modern-quote  avia-builder-el-3  avia-builder-el-no-sibling  av-inherit-size '><h1 class='av-special-heading-tag '  itemprop=\"headline\"  >Soci\u00e9t\u00e9 d\u2019entomologie du Canada &#8211; Membres Associ\u00e9s<\/h1><div class='special-heading-border'><div class='special-heading-inner-border' ><\/div><\/div><\/div><\/div>\n<div  style='height:25px' class='hr hr-invisible   avia-builder-el-4  el_after_av_one_full  el_before_av_one_full '><span class='hr-inner ' ><span class='hr-inner-style'><\/span><\/span><\/div>\n<div class=\"flex_column av_one_full  flex_column_div av-zero-column-padding first  avia-builder-el-5  el_after_av_hr  el_before_av_one_full  \" style='border-radius:0px; '><section class=\"av_textblock_section \"  itemscope=\"itemscope\" itemtype=\"https:\/\/schema.org\/CreativeWork\" ><div class='avia_textblock  '   itemprop=\"text\" ><p>Le statut de membre associ\u00e9 de la Soci\u00e9t\u00e9 d&rsquo;entomologie du Canada est accord\u00e9 par la Soci\u00e9t\u00e9 afin de reconna\u00eetre les membres pour leurs contributions majeures \u00e0 l&rsquo;entomologie par le biais de la recherche, de l&rsquo;enseignement, de l&rsquo;application et (ou) de l&rsquo;administration. Cette ann\u00e9e, la soci\u00e9t\u00e9 reconna\u00eet deux nouveaux membres associ\u00e9s.<\/p>\n<p><strong>Michel Cusson<br \/>\n<\/strong><\/p>\n<p><img loading=\"lazy\" decoding=\"async\" class=\"wp-image-9882 alignleft\" src=\"https:\/\/esc-sec.ca\/wp-content\/uploads\/2023\/10\/7-Fellow_Cusson.jpg\" alt=\"\" width=\"175\" height=\"268\" srcset=\"https:\/\/esc-sec.ca\/wp-content\/uploads\/2023\/10\/7-Fellow_Cusson.jpg 822w, https:\/\/esc-sec.ca\/wp-content\/uploads\/2023\/10\/7-Fellow_Cusson-196x300.jpg 196w, https:\/\/esc-sec.ca\/wp-content\/uploads\/2023\/10\/7-Fellow_Cusson-671x1030.jpg 671w, https:\/\/esc-sec.ca\/wp-content\/uploads\/2023\/10\/7-Fellow_Cusson-768x1178.jpg 768w, https:\/\/esc-sec.ca\/wp-content\/uploads\/2023\/10\/7-Fellow_Cusson-460x705.jpg 460w\" sizes=\"auto, (max-width: 175px) 100vw, 175px\" \/><\/p>\n<p>Michel Cusson a r\u00e9cemment pris sa retraite (2022) apr\u00e8s une longue et illustre carri\u00e8re, en grande partie au Centre de foresterie des Laurentides de Ressources naturelles Canada, o\u00f9 il est actuellement scientifique \u00e9m\u00e9rite. Il a obtenu son doctorat \u00e0 l&rsquo;Universit\u00e9 Laval (1989) avant la r\u00e9volution g\u00e9nomique, et apr\u00e8s un d\u00e9but de carri\u00e8re d&rsquo;abord comme physiologiste des insectes, puis comme biochimiste ou biologiste mol\u00e9culaire, il a termin\u00e9 comme sp\u00e9cialiste de la g\u00e9nomique appliqu\u00e9e aux esp\u00e8ces exotiques envahissantes des for\u00eats, notamment <em>Lymantria dispar<\/em> et <em>Agrilus planipennis<\/em>. Tout au long de sa carri\u00e8re, il a \u00e9t\u00e9 l&rsquo;auteur de 116 articles \u00e9valu\u00e9s par des pairs et de 20 chapitres de livres, et a pr\u00e9sent\u00e9 88 conf\u00e9rences invit\u00e9es. Il a r\u00e9alis\u00e9 des avanc\u00e9es d\u00e9cisives dans plusieurs domaines de la recherche entomologique, de la s\u00e9miochimie au diagnostic mol\u00e9culaire en passant par la virologie.<\/p>\n<p>Dr Cusson a \u00e9t\u00e9 pr\u00e9sident de la Soci\u00e9t\u00e9 d&rsquo;entomologie du Canada (2012) et de la Soci\u00e9t\u00e9 d&rsquo;entomologie du Qu\u00e9bec (2004). Il a re\u00e7u la m\u00e9daille d&rsquo;or de la SEC (2020) et le prix du CNRC pour une carri\u00e8re exceptionnelle (2022).<br \/>\n<br class=\"avia-permanent-lb\" \/><\/p>\n<p><strong>Donna Giberson<\/strong><\/p>\n<p><img loading=\"lazy\" decoding=\"async\" class=\"alignleft wp-image-9884 \" src=\"https:\/\/esc-sec.ca\/wp-content\/uploads\/2023\/10\/7-Fellow_Giberson_Photo-credit_Scott-Brammer_ESA.jpg\" alt=\"\" width=\"179\" height=\"218\" srcset=\"https:\/\/esc-sec.ca\/wp-content\/uploads\/2023\/10\/7-Fellow_Giberson_Photo-credit_Scott-Brammer_ESA.jpg 1052w, https:\/\/esc-sec.ca\/wp-content\/uploads\/2023\/10\/7-Fellow_Giberson_Photo-credit_Scott-Brammer_ESA-247x300.jpg 247w, https:\/\/esc-sec.ca\/wp-content\/uploads\/2023\/10\/7-Fellow_Giberson_Photo-credit_Scott-Brammer_ESA-847x1030.jpg 847w, https:\/\/esc-sec.ca\/wp-content\/uploads\/2023\/10\/7-Fellow_Giberson_Photo-credit_Scott-Brammer_ESA-768x934.jpg 768w, https:\/\/esc-sec.ca\/wp-content\/uploads\/2023\/10\/7-Fellow_Giberson_Photo-credit_Scott-Brammer_ESA-580x705.jpg 580w\" sizes=\"auto, (max-width: 179px) 100vw, 179px\" \/><\/p>\n<p>Donna Giberson est professeure \u00e9m\u00e9rite \u00e0 l&rsquo;Universit\u00e9 de l&rsquo;\u00cele-du-Prince-\u00c9douard, o\u00f9 elle a occup\u00e9 un poste de professeure pendant 25 ans. Son enseignement et sa recherche exceptionnels lui ont valu le Presidential Merit Award for Teaching, le MacLauchlan Prize for Effective Writing (leadership dans le d\u00e9veloppement de l&rsquo;\u00e9criture chez les communaut\u00e9s \u00e9tudiantes) et le UPEI Award for Scholarly Achievement (\u00e0 deux reprises).<\/p>\n<p>Dre Giberson a obtenu son doctorat \u00e0 l&rsquo;Universit\u00e9 du Manitoba (1991) et a rejoint la facult\u00e9 de l&rsquo;UPEI apr\u00e8s avoir \u00e9t\u00e9 boursi\u00e8re postdoctorale du CRSNG et charg\u00e9e de cours \u00e0 l&rsquo;Universit\u00e9 Mount Allison pendant un an. Elle a publi\u00e9 48 articles et chapitres de livres \u00e9valu\u00e9s par des pairs, 36 rapports et autres articles, et 8 livres et guides d&rsquo;identification, principalement sur les insectes aquatiques. Elle a pr\u00e9sent\u00e9 24 conf\u00e9rences invit\u00e9es ou principales.<\/p>\n<p>Dre Giberson a apport\u00e9 une contribution sans rel\u00e2che \u00e0 la communaut\u00e9 entomologique de bien des fa\u00e7ons, mais surtout par ses activit\u00e9s \u00e9ditoriales, en aidant \u00e0 produire plus de 60 num\u00e9ros en tant que r\u00e9dactrice adjointe du Bulletin de la SEC et en tant que r\u00e9dactrice du Bulletin d&rsquo;information de la Commission biologique du Canada (et, accessoirement, du Bulletin Mayfly Newsletter). Elle a jou\u00e9 un r\u00f4le de leadership presque continu au sein de la SEC pendant plus de 25 ans, a dirig\u00e9 l&rsquo;organisation de la r\u00e9union annuelle conjointe de la SEC en 2004 et a re\u00e7u la m\u00e9daille d&rsquo;or de la SEC en 2022.<\/p>\n<\/div><\/section><\/div>\n<div class=\"flex_column av_one_full  flex_column_div av-zero-column-padding first  avia-builder-el-7  el_after_av_one_full  avia-builder-el-last  column-top-margin\" style='border-radius:0px; '><p><div   class='hr hr-short hr-center   avia-builder-el-8  el_before_av_textblock  avia-builder-el-first '><span class='hr-inner ' ><span class='hr-inner-style'><\/span><\/span><\/div><br \/>\n<section class=\"av_textblock_section \"  itemscope=\"itemscope\" itemtype=\"https:\/\/schema.org\/CreativeWork\" ><div class='avia_textblock  '   itemprop=\"text\" ><p>Un membre de la Soci\u00e9t\u00e9 (membre actif, membre honoraire ou membre \u00e9m\u00e9rite) qui a apport\u00e9 une importante contribution au domaine de l\u2019entomologie peut \u00eatre nomm\u00e9 membre associ\u00e9.<\/p>\n<\/div><\/section><br \/>\n<section class=\"av_textblock_section \"  itemscope=\"itemscope\" itemtype=\"https:\/\/schema.org\/CreativeWork\" ><div class='avia_textblock  '   itemprop=\"text\" ><table>\n<tbody>\n<tr>\n<td>Arnason J T<\/td>\n<td>Ottawa ON<\/td>\n<td>2003<\/td>\n<\/tr>\n<tr>\n<td>Behan-Pelletier V<\/td>\n<td>Ottawa ON<\/td>\n<td>2016<\/td>\n<\/tr>\n<tr>\n<td>Bennett R<\/td>\n<td>Victoria BC<\/td>\n<td>2012<\/td>\n<\/tr>\n<tr>\n<td>Blais J R<\/td>\n<td>Sainte-Foy QC<\/td>\n<td>1975<\/td>\n<\/tr>\n<tr>\n<td>Boivin G<\/td>\n<td>St Jean S Richelieu QC<\/td>\n<td>1998<\/td>\n<\/tr>\n<tr>\n<td>Borden J H<\/td>\n<td>Burnaby BC<\/td>\n<td>1981<\/td>\n<\/tr>\n<tr>\n<td>Brust R A<\/td>\n<td>Winnipeg MB<\/td>\n<td>1975<\/td>\n<\/tr>\n<tr>\n<td>Byers R J<\/td>\n<td>Lethbridge AB<\/td>\n<td>1994<\/td>\n<\/tr>\n<tr>\n<td>Carde R<\/td>\n<td>Riverside CA<\/td>\n<td>1992<\/td>\n<\/tr>\n<tr>\n<td>Cartier J J<\/td>\n<td>Ottawa ON<\/td>\n<td>1978<\/td>\n<\/tr>\n<tr>\n<td>Cusson M<\/td>\n<td>Sainte-Foy QC<\/td>\n<td>2023<\/td>\n<\/tr>\n<tr>\n<td>Danks H V<\/td>\n<td>Ottawa ON<\/td>\n<td>1982<\/td>\n<\/tr>\n<tr>\n<td>Davey K G<\/td>\n<td>Toronto ON<\/td>\n<td>1977<\/td>\n<\/tr>\n<tr>\n<td>Davies D M<\/td>\n<td>Hamilton ON<\/td>\n<td>1981<\/td>\n<\/tr>\n<tr>\n<td>De Clerck-Floate R<\/td>\n<td>Lethbridge AB<\/td>\n<td>2022<\/td>\n<\/tr>\n<tr>\n<td>Fields P G<\/td>\n<td>Winnipeg MB<\/td>\n<td>2018<\/td>\n<\/tr>\n<tr>\n<td>Galloway T D<\/td>\n<td>Winnipeg MB<\/td>\n<td>2022<\/td>\n<\/tr>\n<tr>\n<td>Giberson D<\/td>\n<td>Charlottetown PEI<\/td>\n<td>2023<\/td>\n<\/tr>\n<tr>\n<td>Gibson G<\/td>\n<td>Ottawa ON<\/td>\n<td>2012<\/td>\n<\/tr>\n<tr>\n<td>Gries G<\/td>\n<td>Burnaby BC<\/td>\n<td>2019<\/td>\n<\/tr>\n<tr>\n<td>Harcourt D G<\/td>\n<td>Ottawa ON<\/td>\n<td>1984<\/td>\n<\/tr>\n<tr>\n<td>Holliday N<\/td>\n<td>Winnipeg MB<\/td>\n<td>2012<\/td>\n<\/tr>\n<tr>\n<td>Laing J E<\/td>\n<td>Guelph ON<\/td>\n<td>2001<\/td>\n<\/tr>\n<tr>\n<td>Lamb R J<\/td>\n<td>Winnipeg MB<\/td>\n<td>2022<\/td>\n<\/tr>\n<tr>\n<td>Lindquist E E<\/td>\n<td>Ottawa ON<\/td>\n<td>1984<\/td>\n<\/tr>\n<tr>\n<td>Mackauer M<\/td>\n<td>Burnaby BC<\/td>\n<td>1978<\/td>\n<\/tr>\n<tr>\n<td>Matthews J V<\/td>\n<td>Hubley NS<\/td>\n<td>1985<\/td>\n<\/tr>\n<tr>\n<td>McIver S B<\/td>\n<td>Penticton BC<\/td>\n<td>1981<\/td>\n<\/tr>\n<tr>\n<td>McMullen R D<\/td>\n<td>Summerland BC<\/td>\n<td>1983<\/td>\n<\/tr>\n<tr>\n<td>McNeil J N<\/td>\n<td>Quebec QC<\/td>\n<td>1981<\/td>\n<\/tr>\n<tr>\n<td>Philogene B J R<\/td>\n<td>Ottawa ON<\/td>\n<td>1980<\/td>\n<\/tr>\n<tr>\n<td>Ring R A<\/td>\n<td>Victoria BC<\/td>\n<td>2000<\/td>\n<\/tr>\n<tr>\n<td>Safranyik L<\/td>\n<td>Victoria BC<\/td>\n<td>1986<\/td>\n<\/tr>\n<tr>\n<td>Shemanchuk J<\/td>\n<td>Lethbridge AB<\/td>\n<td>1982<\/td>\n<\/tr>\n<tr>\n<td>Shorthouse J<\/td>\n<td>Sudbury ON<\/td>\n<td>2002<\/td>\n<\/tr>\n<tr>\n<td>Spence J R<\/td>\n<td>Edmonton AB<\/td>\n<td>2018<\/td>\n<\/tr>\n<tr>\n<td>Varty I W<\/td>\n<td>Fredericton NB<\/td>\n<td>1984<\/td>\n<\/tr>\n<tr>\n<td>Vincent C<\/td>\n<td>Saint-Lambert QC<\/td>\n<td>2015<\/td>\n<\/tr>\n<tr>\n<td>West R J<\/td>\n<td>Portugal Cove NL<\/td>\n<td>2002<\/td>\n<\/tr>\n<tr>\n<td>Wood D<\/td>\n<td>Berkeley CA<\/td>\n<td>1985<\/td>\n<\/tr>\n<\/tbody>\n<\/table>\n<\/div><\/section><br \/>\n<div  style='height:25px' class='hr hr-invisible   avia-builder-el-11  el_after_av_textblock  el_before_av_textblock '><span class='hr-inner ' ><span class='hr-inner-style'><\/span><\/span><\/div><br \/>\n<section class=\"av_textblock_section \"  itemscope=\"itemscope\" itemtype=\"https:\/\/schema.org\/CreativeWork\" ><div class='avia_textblock  '   itemprop=\"text\" ><p><a href=\"https:\/\/esc-sec.ca\/wp-content\/uploads\/2023\/08\/ESC-SEC_Fellows-updated-20230810-FR.pdf\">Consultez ici<\/a> la liste compl\u00e8te des membres titulaires de la Soci\u00e9t\u00e9, incluant les membres d\u00e9c\u00e9d\u00e9s.<\/p>\n<\/div><\/section><br \/>\n<div  style='height:25px' class='hr hr-invisible   avia-builder-el-13  el_after_av_textblock  avia-builder-el-last '><span class='hr-inner ' ><span class='hr-inner-style'><\/span><\/span><\/div><\/p><\/div>\n","protected":false},"excerpt":{"rendered":"","protected":false},"author":1,"featured_media":0,"parent":2352,"menu_order":60,"comment_status":"closed","ping_status":"closed","template":"","meta":{"footnotes":""},"class_list":["post-371","page","type-page","status-publish","hentry"],"jetpack_sharing_enabled":true,"_links":{"self":[{"href":"https:\/\/esc-sec.ca\/fr\/wp-json\/wp\/v2\/pages\/371","targetHints":{"allow":["GET"]}}],"collection":[{"href":"https:\/\/esc-sec.ca\/fr\/wp-json\/wp\/v2\/pages"}],"about":[{"href":"https:\/\/esc-sec.ca\/fr\/wp-json\/wp\/v2\/types\/page"}],"author":[{"embeddable":true,"href":"https:\/\/esc-sec.ca\/fr\/wp-json\/wp\/v2\/users\/1"}],"replies":[{"embeddable":true,"href":"https:\/\/esc-sec.ca\/fr\/wp-json\/wp\/v2\/comments?post=371"}],"version-history":[{"count":36,"href":"https:\/\/esc-sec.ca\/fr\/wp-json\/wp\/v2\/pages\/371\/revisions"}],"predecessor-version":[{"id":9889,"href":"https:\/\/esc-sec.ca\/fr\/wp-json\/wp\/v2\/pages\/371\/revisions\/9889"}],"up":[{"embeddable":true,"href":"https:\/\/esc-sec.ca\/fr\/wp-json\/wp\/v2\/pages\/2352"}],"wp:attachment":[{"href":"https:\/\/esc-sec.ca\/fr\/wp-json\/wp\/v2\/media?parent=371"}],"curies":[{"name":"wp","href":"https:\/\/api.w.org\/{rel}","templated":true}]}}