{"id":3508,"date":"2017-10-24T20:47:13","date_gmt":"2017-10-24T20:47:13","guid":{"rendered":"http:\/\/esc-sec.ca\/wp\/?page_id=3508"},"modified":"2025-02-05T21:11:03","modified_gmt":"2025-02-05T21:11:03","slug":"adhesion","status":"publish","type":"page","link":"https:\/\/esc-sec.ca\/fr\/adhesion\/","title":{"rendered":"Adh\u00e9sion"},"content":{"rendered":"<div id='av_section_1'  class='avia-section main_color avia-section-default avia-no-shadow  avia-bg-style-scroll  avia-builder-el-0  el_before_av_one_full  avia-builder-el-first   av-minimum-height av-minimum-height-custom  container_wrap sidebar_right' style='background-color: #9cbfc1; background-repeat: repeat-x; background-image: url(https:\/\/esc-sec.ca\/wp-content\/uploads\/2017\/01\/Cicindelinae_001.jpg);background-attachment: scroll; background-position: top center;  '  data-section-bg-repeat='repeat-x'><div class='container' style='height:100px'><main  role=\"main\" itemprop=\"mainContentOfPage\"  class='template-page content  av-content-small alpha units'><div class='post-entry post-entry-type-page post-entry-3508'><div class='entry-content-wrapper clearfix'><\/div><\/div><\/main><!-- close content main element --><\/div><\/div><div id='after_section_1'  class='main_color av_default_container_wrap container_wrap sidebar_right' style=' '  ><div class='container' ><div class='template-page content  av-content-small alpha units'><div class='post-entry post-entry-type-page post-entry-3508'><div class='entry-content-wrapper clearfix'>\n<div class=\"flex_column av_one_full  flex_column_div av-zero-column-padding first  avia-builder-el-1  el_after_av_section  el_before_av_button  avia-builder-el-first  \" style='border-radius:0px; '><p><div  style='padding-bottom:10px; font-size:45px;' class='av-special-heading av-special-heading-h1  blockquote modern-quote  avia-builder-el-2  el_before_av_textblock  avia-builder-el-first  av-inherit-size '><h1 class='av-special-heading-tag '  itemprop=\"headline\"  >Demande d\u2019adh\u00e9sion SEC 2025<\/h1><div class='special-heading-border'><div class='special-heading-inner-border' ><\/div><\/div><\/div><br \/>\n<section class=\"av_textblock_section \"  itemscope=\"itemscope\" itemtype=\"https:\/\/schema.org\/CreativeWork\" ><div class='avia_textblock  '   itemprop=\"text\" ><p>Les avantages de l\u2019adh\u00e9sion incluent l\u2019acc\u00e8s aux versions \u00e9lectronique et papier des nouvelles \u00e9ditions de The Canadian Entomologist (TCE), l\u2019acc\u00e8s \u00e9lectronique \u00e0 TCE depuis les ann\u00e9es 1860, des frais d\u2019inscription r\u00e9duits pour la r\u00e9union annuelle conjointe de la SEC,\u00a0des co\u00fbts r\u00e9duits sur les livres de plusieurs maisons d\u2019\u00e9dition via la section des membres de la SEC,\u00a0des co\u00fbts r\u00e9duits pour l\u2019achat des M\u00e9moires et l\u2019acc\u00e8s \u00e0 des prix de la SEC et \u00e0 des comp\u00e9titions \u00e9tudiantes. Le Bulletin de la Soci\u00e9t\u00e9 d\u2019entomologie du Canada est \u00e9galement accessible gratuitement en ligne (<a href=\"http:\/\/www.esc-sec.ca\/f-bulletin.php%29\">http:\/\/www.esc-sec.ca\/f-bulletin.php)<\/a>. Avant tout, en joignant la SEC vous aidez \u00e0 soutenir l\u2019avancement de l\u2019entomologie au Canada.<\/p>\n<p>Le syst\u00e8me en ligne n\u2019est pas disponible en fran\u00e7ais pour le moment; veuillez nous excuser pour ce d\u00e9sagr\u00e9ment.<\/p>\n<\/div><\/section><\/p><\/div><div  class='avia-button-wrap avia-button-center  avia-builder-el-4  el_after_av_one_full  el_before_av_hr ' ><a href='https:\/\/esc-sec.ca\/fr\/benefits-of-membership\/'  class='avia-button  avia-color-theme-color   avia-icon_select-no avia-size-x-large avia-position-center '   ><span class='avia_iconbox_title' >En savoir plus sur les avantages de l\u2019adh\u00e9sion<\/span><\/a><\/div><\/p>\n<div  style='height:30px' class='hr hr-invisible   avia-builder-el-5  el_after_av_button  el_before_av_one_full '><span class='hr-inner ' ><span class='hr-inner-style'><\/span><\/span><\/div>\n<div class=\"flex_column av_one_full  flex_column_div first  avia-builder-el-6  el_after_av_hr  el_before_av_one_full  \" style='border-width:7px; border-color:#00a4c1; border-style:solid; padding:20px; background-color:rgba(70,195,211,0.22); border-radius:0px; '><section class=\"av_textblock_section \"  itemscope=\"itemscope\" itemtype=\"https:\/\/schema.org\/CreativeWork\" ><div class='avia_textblock  '  style='font-size:18px; '  itemprop=\"text\" ><h2 style=\"text-align: center;\">Le renouvellement automatique<\/h2>\n<p style=\"text-align: center;\"><strong>Le renouvellement automatique est disponible pour les membres des cat\u00e9gories \u00abG\u00e9n\u00e9ral\u00bb et \u00ab\u00c9m\u00e9rite\u00bb<\/strong>.\u00a0 Le renouvellement automatique facturera les frais annuels pour la prochaine p\u00e9riode d\u2019adh\u00e9sion afin d\u2019assurer un acc\u00e8s ininterrompu aux avantages et services.<strong>\u00a0<span lang=\"fr\">Les membres DOIVENT payer avec une carte de cr\u00e9dit pour activer la fonction de facturation automatique pour d&rsquo;adh\u00e9sion des anne\u00e9s qui suivent.<\/span><\/strong><\/p>\n<\/div><\/section><\/div>\n<div class=\"flex_column av_one_full  flex_column_div first  avia-builder-el-8  el_after_av_one_full  el_before_av_hr  column-top-margin\" style='border-width:7px; border-color:#00a4c1; border-style:solid; padding:20px; background-color:rgba(70,195,211,0.22); border-radius:0px; '><section class=\"av_textblock_section \"  itemscope=\"itemscope\" itemtype=\"https:\/\/schema.org\/CreativeWork\" ><div class='avia_textblock  '  style='font-size:18px; '  itemprop=\"text\" ><h2 class=\"western\" style=\"text-align: center;\">Nouvelle cat\u00e9gorie de membres \u2013 l\u2019enthousiaste de l\u2019entomologie<\/h2>\n<p style=\"text-align: center;\">Passionn\u00e9 des insectes sans \u00eatre entomologiste professionnel ou \u00e9tudiant en entomologie? Vous aimez collectionner, apprendre et partager votre int\u00e9r\u00eat pour les insectes avec d\u2019autres? Si \u2018OUI\u2019, devenez membre \u00ab Enthousiaste de l\u2019entomologie\u00a0\u00bb.<\/p>\n<\/div><\/section><\/div>\n<div  style='height:1px; margin-top:-70px'  class='hr hr-invisible   avia-builder-el-10  el_after_av_one_full  el_before_av_section  avia-builder-el-last '><span class='hr-inner ' ><span class='hr-inner-style'><\/span><\/span><\/div>\n<\/div><\/div><\/div><!-- close content main div --><\/div><\/div><div id='av_section_2'  class='avia-section main_color avia-section-default avia-no-border-styling  avia-bg-style-scroll  avia-builder-el-11  el_after_av_hr  avia-builder-el-last   container_wrap sidebar_right' style=' '  ><div class='container' ><div class='template-page content  av-content-small alpha units'><div class='post-entry post-entry-type-page post-entry-3508'><div class='entry-content-wrapper clearfix'>\n<div class=\"flex_column av_one_half  flex_column_div av-zero-column-padding first  avia-builder-el-12  el_before_av_one_half  avia-builder-el-first  \" style='border-radius:0px; '><section class=\"av_textblock_section \"  itemscope=\"itemscope\" itemtype=\"https:\/\/schema.org\/CreativeWork\" ><div class='avia_textblock  '   itemprop=\"text\" ><h2 style=\"text-align: center;\">Joindre<\/h2>\n<p style=\"text-align: center;\"><strong>Option 1<\/strong>: Inscrivez-vous en ligne sur notre site s\u00e9curis\u00e9<\/p>\n<\/div><\/section><br \/>\n<div  class='avia-button-wrap avia-button-center  avia-builder-el-14  el_after_av_textblock  el_before_av_textblock ' ><a href='https:\/\/esc-sec.site-ym.com\/general\/register_member_type.asp?'  class='avia-button   avia-icon_select-no avia-size-x-large avia-position-center '  style='background-color:#00a4c1; border-color:#00a4c1; color:#ffffff; ' ><span class='avia_iconbox_title' >Inscrivez-vous en ligne<\/span><\/a><\/div><br \/>\n<section class=\"av_textblock_section \"  itemscope=\"itemscope\" itemtype=\"https:\/\/schema.org\/CreativeWork\" ><div class='avia_textblock  '   itemprop=\"text\" ><p style=\"text-align: center;\"><strong>Option 2:<\/strong>\u00a0T\u00e9l\u00e9charger et envoyer le formulaire avec votre paiement \u00e0 l&rsquo;SEC<\/p>\n<\/div><\/section><br \/>\n<div  class='avia-button-wrap avia-button-center  avia-builder-el-16  el_after_av_textblock  avia-builder-el-last ' ><a href='https:\/\/acrobat.adobe.com\/id\/urn:aaid:sc:VA6C2:fbb3b0e6-379f-444e-8987-b8885c435f6e'  class='avia-button   avia-icon_select-no avia-size-x-large avia-position-center '  style='background-color:#00a4c1; border-color:#00a4c1; color:#ffffff; ' ><span class='avia_iconbox_title' >Inscrivez-vous par courrier<\/span><\/a><\/div><\/p><\/div><div class=\"flex_column av_one_half  flex_column_div av-zero-column-padding   avia-builder-el-17  el_after_av_one_half  el_before_av_hr  \" style='border-radius:0px; '><section class=\"av_textblock_section \"  itemscope=\"itemscope\" itemtype=\"https:\/\/schema.org\/CreativeWork\" ><div class='avia_textblock  '   itemprop=\"text\" ><h2 style=\"text-align: center;\">Renouveler<\/h2>\n<p style=\"text-align: center;\"><strong>Option 1<\/strong>: Connectez-vous \u00e0 votre compte de membre et de renouveler en ligne<\/p>\n<\/div><\/section><br \/>\n<div  class='avia-button-wrap avia-button-center  avia-builder-el-19  el_after_av_textblock  el_before_av_textblock ' ><a href='https:\/\/esc-sec.site-ym.com\/members\/membership.asp?'  class='avia-button   avia-icon_select-no avia-size-x-large avia-position-center '  style='background-color:#00a4c1; border-color:#00a4c1; color:#ffffff; ' ><span class='avia_iconbox_title' >Renouveler en ligne<\/span><\/a><\/div><br \/>\n<section class=\"av_textblock_section \"  itemscope=\"itemscope\" itemtype=\"https:\/\/schema.org\/CreativeWork\" ><div class='avia_textblock  '   itemprop=\"text\" ><p style=\"text-align: center;\"><strong>Option 2:<\/strong>\u00a0T\u00e9l\u00e9charger et envoyer le formulaire avec votre paiement \u00e0 l&rsquo;SEC<\/p>\n<\/div><\/section><br \/>\n<div  class='avia-button-wrap avia-button-center  avia-builder-el-21  el_after_av_textblock  avia-builder-el-last ' ><a href='https:\/\/acrobat.adobe.com\/id\/urn:aaid:sc:VA6C2:fbb3b0e6-379f-444e-8987-b8885c435f6e'  class='avia-button   avia-icon_select-no avia-size-x-large avia-position-center '  style='background-color:#00a4c1; border-color:#00a4c1; color:#ffffff; ' ><span class='avia_iconbox_title' >Renouveler par courrier<\/span><\/a><\/div><\/p><\/div><div  style='height:20px' class='hr hr-invisible   avia-builder-el-22  el_after_av_one_half  el_before_av_textblock '><span class='hr-inner ' ><span class='hr-inner-style'><\/span><\/span><\/div>\n<section class=\"av_textblock_section \"  itemscope=\"itemscope\" itemtype=\"https:\/\/schema.org\/CreativeWork\" ><div class='avia_textblock  '   itemprop=\"text\" ><p><span lang=\"FR-CA\">Afin d&rsquo;obtenir de l&rsquo;aide en ce qui concerne l\u2019adh\u00e9sion ou le renouvellement de l&rsquo;adh\u00e9sion \u00e0 la Soci\u00e9t\u00e9, contactez\u00a0<\/span><a href=\"mailto:info@esc-sec.ca\"><span lang=\"FR-CA\">info@esc-sec.ca<\/span><\/a><\/p>\n<\/div><\/section>\n<div  style='height:20px' class='hr hr-invisible   avia-builder-el-24  el_after_av_textblock  avia-builder-el-last '><span class='hr-inner ' ><span class='hr-inner-style'><\/span><\/span><\/div>\n<\/div><\/div><\/div><!-- close content main div --><\/div><\/div><div id='after_section_2'  class='main_color av_default_container_wrap container_wrap sidebar_right' style=' '  ><div class='container' ><div class='template-page content  av-content-small alpha units'><div class='post-entry post-entry-type-page post-entry-3508'><div class='entry-content-wrapper clearfix'>\n","protected":false},"excerpt":{"rendered":"","protected":false},"author":1,"featured_media":0,"parent":0,"menu_order":0,"comment_status":"closed","ping_status":"closed","template":"","meta":{"footnotes":""},"class_list":["post-3508","page","type-page","status-publish","hentry"],"jetpack_sharing_enabled":true,"_links":{"self":[{"href":"https:\/\/esc-sec.ca\/fr\/wp-json\/wp\/v2\/pages\/3508","targetHints":{"allow":["GET"]}}],"collection":[{"href":"https:\/\/esc-sec.ca\/fr\/wp-json\/wp\/v2\/pages"}],"about":[{"href":"https:\/\/esc-sec.ca\/fr\/wp-json\/wp\/v2\/types\/page"}],"author":[{"embeddable":true,"href":"https:\/\/esc-sec.ca\/fr\/wp-json\/wp\/v2\/users\/1"}],"replies":[{"embeddable":true,"href":"https:\/\/esc-sec.ca\/fr\/wp-json\/wp\/v2\/comments?post=3508"}],"version-history":[{"count":23,"href":"https:\/\/esc-sec.ca\/fr\/wp-json\/wp\/v2\/pages\/3508\/revisions"}],"predecessor-version":[{"id":10520,"href":"https:\/\/esc-sec.ca\/fr\/wp-json\/wp\/v2\/pages\/3508\/revisions\/10520"}],"wp:attachment":[{"href":"https:\/\/esc-sec.ca\/fr\/wp-json\/wp\/v2\/media?parent=3508"}],"curies":[{"name":"wp","href":"https:\/\/api.w.org\/{rel}","templated":true}]}}