{"id":334,"date":"2017-01-17T22:18:27","date_gmt":"2017-01-17T22:18:27","guid":{"rendered":"http:\/\/esc-sec.ca\/wp\/prix\/honorary-members\/"},"modified":"2023-08-09T16:07:24","modified_gmt":"2023-08-09T16:07:24","slug":"membres-honoraires","status":"publish","type":"page","link":"https:\/\/esc-sec.ca\/fr\/awards\/membres-honoraires\/","title":{"rendered":"Membres Honoraires"},"content":{"rendered":"<div id='av_section_1'  class='avia-section main_color avia-section-default avia-no-shadow  avia-bg-style-scroll  avia-builder-el-0  el_before_av_submenu  avia-builder-el-first   container_wrap sidebar_right' style='background-color: #9cbfc1;  '  ><div class='container' ><main  role=\"main\" itemprop=\"mainContentOfPage\"  class='template-page content  av-content-small alpha units'><div class='post-entry post-entry-type-page post-entry-334'><div class='entry-content-wrapper clearfix'>\n<\/div><\/div><\/main><!-- close content main element --><\/div><\/div><div class='clear'><\/div><div id='sub_menu1'  class='av-submenu-container main_color  avia-builder-el-1  el_after_av_section  el_before_av_one_full  av-sticky-submenu  submenu-not-first container_wrap sidebar_right' style='  z-index:301' ><div class='container av-menu-mobile-disabled '><ul id=\"menu-sub-menu-awards-french\" class=\"av-subnav-menu av-submenu-pos-center\"><li id=\"menu-item-3446\" class=\"menu-item menu-item-type-post_type menu-item-object-page menu-item-top-level menu-item-top-level-1\"><a href=\"https:\/\/esc-sec.ca\/fr\/awards\/medaille-dor\/\" itemprop=\"url\"><span class=\"avia-bullet\"><\/span><span class=\"avia-menu-text\">M\u00e9daille d&rsquo;or<\/span><span class=\"avia-menu-fx\"><span class=\"avia-arrow-wrap\"><span class=\"avia-arrow\"><\/span><\/span><\/span><\/a><\/li>\n<li id=\"menu-item-3447\" class=\"menu-item menu-item-type-post_type menu-item-object-page menu-item-top-level menu-item-top-level-2\"><a href=\"https:\/\/esc-sec.ca\/fr\/awards\/c-gordon-hewitt\/\" itemprop=\"url\"><span class=\"avia-bullet\"><\/span><span class=\"avia-menu-text\">C. Gordon Hewitt<\/span><span class=\"avia-menu-fx\"><span class=\"avia-arrow-wrap\"><span class=\"avia-arrow\"><\/span><\/span><\/span><\/a><\/li>\n<li id=\"menu-item-3448\" class=\"menu-item menu-item-type-post_type menu-item-object-page menu-item-top-level menu-item-top-level-3\"><a href=\"https:\/\/esc-sec.ca\/fr\/awards\/criddle\/\" itemprop=\"url\"><span class=\"avia-bullet\"><\/span><span class=\"avia-menu-text\">Norman Criddle<\/span><span class=\"avia-menu-fx\"><span class=\"avia-arrow-wrap\"><span class=\"avia-arrow\"><\/span><\/span><\/span><\/a><\/li>\n<li id=\"menu-item-3449\" class=\"menu-item menu-item-type-post_type menu-item-object-page menu-item-top-level menu-item-top-level-4\"><a href=\"https:\/\/esc-sec.ca\/fr\/awards\/bert-john-carr-award\/\" itemprop=\"url\"><span class=\"avia-bullet\"><\/span><span class=\"avia-menu-text\">Bert et John Carr<\/span><span class=\"avia-menu-fx\"><span class=\"avia-arrow-wrap\"><span class=\"avia-arrow\"><\/span><\/span><\/span><\/a><\/li>\n<li id=\"menu-item-3450\" class=\"menu-item menu-item-type-post_type menu-item-object-page menu-item-top-level menu-item-top-level-5\"><a href=\"https:\/\/esc-sec.ca\/fr\/awards\/membres-honoraires\/\" itemprop=\"url\"><span class=\"avia-bullet\"><\/span><span class=\"avia-menu-text\">Membres Honoraires<\/span><span class=\"avia-menu-fx\"><span class=\"avia-arrow-wrap\"><span class=\"avia-arrow\"><\/span><\/span><\/span><\/a><\/li>\n<li id=\"menu-item-3451\" class=\"menu-item menu-item-type-post_type menu-item-object-page menu-item-top-level menu-item-top-level-6\"><a href=\"https:\/\/esc-sec.ca\/fr\/awards\/associes\/\" itemprop=\"url\"><span class=\"avia-bullet\"><\/span><span class=\"avia-menu-text\">Membres Associ\u00e9s<\/span><span class=\"avia-menu-fx\"><span class=\"avia-arrow-wrap\"><span class=\"avia-arrow\"><\/span><\/span><\/span><\/a><\/li>\n<li id=\"menu-item-3452\" class=\"menu-item menu-item-type-post_type menu-item-object-page menu-item-top-level menu-item-top-level-7\"><a href=\"https:\/\/esc-sec.ca\/fr\/awards\/call-for-nominations\/\" itemprop=\"url\"><span class=\"avia-bullet\"><\/span><span class=\"avia-menu-text\">Les mises en candidature<\/span><span class=\"avia-menu-fx\"><span class=\"avia-arrow-wrap\"><span class=\"avia-arrow\"><\/span><\/span><\/span><\/a><\/li>\n<\/ul><\/div><\/div><div class='sticky_placeholder'><\/div><div id='after_submenu'  class='main_color av_default_container_wrap container_wrap sidebar_right' style=' '  ><div class='container' ><div class='template-page content  av-content-small alpha units'><div class='post-entry post-entry-type-page post-entry-334'><div class='entry-content-wrapper clearfix'>\n<div class=\"flex_column av_one_full  flex_column_div av-zero-column-padding first  avia-builder-el-2  el_after_av_submenu  avia-builder-el-no-sibling  \" style='border-radius:0px; '><p><div  style='padding-bottom:10px; font-size:45px;' class='av-special-heading av-special-heading-h1  blockquote modern-quote  avia-builder-el-3  el_before_av_textblock  avia-builder-el-first  av-inherit-size '><h1 class='av-special-heading-tag '  itemprop=\"headline\"  >Soci\u00e9t\u00e9 d\u2019entomologie du Canada &#8211; Membres Honoraires <\/h1><div class='special-heading-border'><div class='special-heading-inner-border' ><\/div><\/div><\/div><br \/>\n<section class=\"av_textblock_section \"  itemscope=\"itemscope\" itemtype=\"https:\/\/schema.org\/CreativeWork\" ><div class='avia_textblock  '   itemprop=\"text\" ><p>Le titre de membre honoraire est accord\u00e9 par vote des membres de la Soci\u00e9t\u00e9 \u00e0 un individu, membre actif actuel ou ancien membre actif de la Soci\u00e9t\u00e9 d&rsquo;entomologie du Canada, qui a apport\u00e9 une contribution exceptionnelle \u00e0 l&rsquo;avancement de l&rsquo;entomologie. Les membres honoraires sont \u00e9lus par les membres de la soci\u00e9t\u00e9 lors d&rsquo;un pl\u00e9biscite. Cette ann\u00e9e, la soci\u00e9t\u00e9 reconna\u00eet trois nouveaux membres honoraires.<\/p>\n<p><strong>\u00a0<\/strong><\/p>\n<p><strong>John Borden<\/strong><\/p>\n<p><img loading=\"lazy\" decoding=\"async\" class=\"alignleft size-medium wp-image-8865\" src=\"https:\/\/esc-sec.ca\/wp-content\/uploads\/2022\/09\/7c-JOHN-BORDEN-July-2021-225x300.jpg\" alt=\"\" width=\"225\" height=\"300\" srcset=\"https:\/\/esc-sec.ca\/wp-content\/uploads\/2022\/09\/7c-JOHN-BORDEN-July-2021-225x300.jpg 225w, https:\/\/esc-sec.ca\/wp-content\/uploads\/2022\/09\/7c-JOHN-BORDEN-July-2021-773x1030.jpg 773w, https:\/\/esc-sec.ca\/wp-content\/uploads\/2022\/09\/7c-JOHN-BORDEN-July-2021-768x1024.jpg 768w, https:\/\/esc-sec.ca\/wp-content\/uploads\/2022\/09\/7c-JOHN-BORDEN-July-2021-1152x1536.jpg 1152w, https:\/\/esc-sec.ca\/wp-content\/uploads\/2022\/09\/7c-JOHN-BORDEN-July-2021-1125x1500.jpg 1125w, https:\/\/esc-sec.ca\/wp-content\/uploads\/2022\/09\/7c-JOHN-BORDEN-July-2021-529x705.jpg 529w, https:\/\/esc-sec.ca\/wp-content\/uploads\/2022\/09\/7c-JOHN-BORDEN-July-2021-rotated.jpg 1224w\" sizes=\"auto, (max-width: 225px) 100vw, 225px\" \/>Il y a 58 ans, vers la fin de sa premi\u00e8re ann\u00e9e d&rsquo;\u00e9tudes sup\u00e9rieures, John Borden est devenu membre de la Soci\u00e9t\u00e9 d&rsquo;entomologie du Canada (SEC) et a pr\u00e9sent\u00e9 sa premi\u00e8re communication orale \u00e0 la r\u00e9union annuelle de 1964 de la soci\u00e9t\u00e9 \u00e0 Vancouver. Les fonds \u00e9tant rares, m\u00eame \u00e0 l&rsquo;Universit\u00e9 de Californie, Berkeley, John et trois de ses camarades de classe campent dans la maison de ses parents \u00e0 West Point Grey au lieu de s\u00e9journer \u00e0 l&rsquo;H\u00f4tel Vancouver, un \u00e9tablissement co\u00fbteux. John a publi\u00e9 son premier article \u00e9valu\u00e9 par des pairs dans <em>The Canadian Entomologist<\/em> en 1965, puis 72 autres articles, dont le plus r\u00e9cent a \u00e9t\u00e9 publi\u00e9 en 2022, soit une moyenne de 1,3 article par an dans la revue de la Soci\u00e9t\u00e9. John avait beaucoup appris sur l&rsquo;autodiscipline en servant pendant quatre ans en tant qu&rsquo;enr\u00f4l\u00e9 dans le corps des Marines des \u00c9tats-Unis, et il a appliqu\u00e9 ce trait de caract\u00e8re avec assiduit\u00e9 tout en terminant ses \u00e9tudes de premier cycle \u00e0 l&rsquo;Universit\u00e9 de l&rsquo;\u00c9tat de Washington en 1963 et en compl\u00e9tant sa ma\u00eetrise et son doctorat \u00e0 Berkeley en trois ans. Cela lui a permis de rentrer en Colombie-Britannique en 1966, juste \u00e0 temps pour se joindre au corps professoral de l&rsquo;Universit\u00e9 Simon Fraser au cours de sa premi\u00e8re ann\u00e9e d&rsquo;existence.<\/p>\n<p>\u00c0 SFU, John a excell\u00e9 en tant que mentor, terminant sa carri\u00e8re universitaire en ayant supervis\u00e9 101 \u00e9tudiants des cycles sup\u00e9rieurs qui ont obtenu 12 ma\u00eetrises en sciences, 73 ma\u00eetrises en gestion des ravageurs (MPM) et 34 doctorats. Il a jou\u00e9 un r\u00f4le majeur dans l&rsquo;\u00e9laboration du programme MPM, en particulier les cinq cours professionnels dans lesquels les \u00e9tudiants passent 13 semaines, jour apr\u00e8s jour, \u00e0 se familiariser avec la gestion des ravageurs en acqu\u00e9rant une exp\u00e9rience pratique sur le terrain. Les dipl\u00f4m\u00e9s de John ont jou\u00e9 un r\u00f4le majeur dans le fa\u00e7onnement de la profession d&rsquo;entomologiste au Canada. Douze de ses \u00e9tudiants des cycles sup\u00e9rieurs et de ses postdoctorants sont devenus membres du corps professoral de six universit\u00e9s dans quatre provinces canadiennes et de deux coll\u00e8ges de la Colombie-Britannique. Huit de ses \u00e9tudiants des cycles sup\u00e9rieurs sont devenus des chercheurs scientifiques au Service canadien des for\u00eats, et six \u00e0 Agriculture et Agroalimentaire Canada (AAC). Trente-huit d&rsquo;entre eux ont occup\u00e9 des postes professionnels \u00e0 AAC, \u00e0 Sant\u00e9 Canada, \u00e0 Environnement Canada, \u00e0 l&rsquo;Agence canadienne d&rsquo;inspection des aliments, \u00e0 sept minist\u00e8res dans trois provinces et dans une universit\u00e9. \u00c0 un moment donn\u00e9, les six entomologistes forestiers r\u00e9gionaux de la Colombie-Britannique, ainsi que l&rsquo;entomologiste forestier provincial, \u00e9taient ses anciens \u00e9tudiants. Plusieurs autres ont travaill\u00e9 dans l&rsquo;industrie, 10 pour Phero Tech Inc. (une entreprise d\u00e9riv\u00e9e de son laboratoire), quatre pour de grandes entreprises, trois pour de petites entreprises de services de gestion des ravageurs et 11 ont cr\u00e9\u00e9 leur propre cabinet de consultation en gestion des ravageurs. Le plus remarquable est peut-\u00eatre que John a form\u00e9 et supervis\u00e9 la Dre Gail Anderson en tant que stagiaire en entomologie m\u00e9dico-l\u00e9gale dans 14 enqu\u00eates sur des homicides avant sa nomination (par un arrangement sp\u00e9cial avec le Bureau du coroner de la Colombie-Britannique) \u00e0 la facult\u00e9 de l&rsquo;Universit\u00e9 Simon Fraser en tant que premi\u00e8re entomologiste m\u00e9dico-l\u00e9gale universitaire du Canada.<\/p>\n<p>Les recherches de John ont principalement port\u00e9 sur l&rsquo;\u00e9cologie chimique et la gestion des insectes ravageurs forestiers et agricoles. Il a dirig\u00e9 des \u00e9tudes collaboratives qui ont permis d&rsquo;identifier les ph\u00e9romones de 50 esp\u00e8ces d&rsquo;insectes et d&rsquo;\u00e9laborer des strat\u00e9gies et des tactiques fond\u00e9es sur la s\u00e9miochimie pour g\u00e9rer plusieurs esp\u00e8ces de scolytes, de grands xylophages, d&rsquo;insectes des c\u00f4nes et des graines, de mouches des racines et de punaises et papillons des vergers. Le programme de lutte int\u00e9gr\u00e9e contre les scolytes du bois dans l&rsquo;industrie du bois de la Colombie-Britannique, issu de son laboratoire et mis en \u0153uvre en 1982, est maintenant le programme de lutte int\u00e9gr\u00e9e \u00e0 base de compos\u00e9s s\u00e9miochimiques le plus ancien au monde. John a particip\u00e9 \u00e0 un effort de collaboration visant \u00e0 identifier la ph\u00e9romone de la glande mandibulaire de la reine des abeilles domestiques, qui a \u00e9t\u00e9 publi\u00e9 dans <em>Nature<\/em>. Il a \u00e9t\u00e9 le premier chercheur \u00e0 d\u00e9couvrir un r\u00f4le pour l&rsquo;hormone juv\u00e9nile chez les insectes adultes et \u00e0 d\u00e9montrer la synergie entre les \u00e9nantiom\u00e8res de ph\u00e9romones. Ces deux \u00e9tudes ont \u00e9t\u00e9 publi\u00e9es dans <em>Science<\/em>. John a publi\u00e9 406 articles dans des revues \u00e0 comit\u00e9 de lecture, un livre, 17 chapitres de livres, deux critiques dans des revues \u00e0 comit\u00e9 de lecture, trois bibliographies annot\u00e9es, un compte rendu de conf\u00e9rence \u00e9dit\u00e9, deux rapports de recherche, un glossaire, 56 publications non r\u00e9f\u00e9renc\u00e9es (le num\u00e9ro 56 a \u00e9t\u00e9 publi\u00e9 dans la section Working Life de <em>Science<\/em>), et 55 publications dont il n&rsquo;est pas l&rsquo;auteur, mais qui d\u00e9coulent de recherches supervis\u00e9es. Il a \u00e9galement obtenu 11 brevets, dont un en instance, et a donn\u00e9 170 pr\u00e9sentations sur invitation dans 18 pays. Depuis sa retraite obligatoire de SFU en 2003, John a travaill\u00e9 pour trois entreprises jusqu&rsquo;en 2017, date \u00e0 laquelle, \u00e0 l&rsquo;\u00e2ge de 79 ans, il a cr\u00e9\u00e9 une entreprise individuelle de conseil. Avec l&rsquo;industrie, il a travaill\u00e9 au d\u00e9veloppement de nouveaux produits pour les scolytes, les abeilles domestiques, les gu\u00eapes, les mouches \u00e0 fruits, les punaises de lit, les mouches synanthropiques, les tiques, les moustiques et les rongeurs. Parmi ses nombreuses distinctions, John a re\u00e7u le prix C.G. Hewitt et la m\u00e9daille d&rsquo;or de la SEC. Il est membre des Soci\u00e9t\u00e9s d&rsquo;entomologie du Canada et de l&rsquo;Am\u00e9rique et de la Soci\u00e9t\u00e9 royale du Canada.<\/p>\n<p><strong>Owen Olfert <\/strong><\/p>\n<p><img loading=\"lazy\" decoding=\"async\" class=\"alignleft size-medium wp-image-8867\" src=\"https:\/\/esc-sec.ca\/wp-content\/uploads\/2022\/09\/7d-Olfert-Owen-225x300.jpg\" alt=\"\" width=\"225\" height=\"300\" srcset=\"https:\/\/esc-sec.ca\/wp-content\/uploads\/2022\/09\/7d-Olfert-Owen-225x300.jpg 225w, https:\/\/esc-sec.ca\/wp-content\/uploads\/2022\/09\/7d-Olfert-Owen-773x1030.jpg 773w, https:\/\/esc-sec.ca\/wp-content\/uploads\/2022\/09\/7d-Olfert-Owen-768x1024.jpg 768w, https:\/\/esc-sec.ca\/wp-content\/uploads\/2022\/09\/7d-Olfert-Owen-529x705.jpg 529w, https:\/\/esc-sec.ca\/wp-content\/uploads\/2022\/09\/7d-Olfert-Owen.jpg 810w\" sizes=\"auto, (max-width: 225px) 100vw, 225px\" \/>Dr Owen Olfert a grandi dans le sud-ouest rural de la Saskatchewan. Son int\u00e9r\u00eat pour l&rsquo;entomologie a \u00e9t\u00e9 stimul\u00e9 pendant son dipl\u00f4me de premier cycle en biologie agricole (1975) \u00e0 l&rsquo;Universit\u00e9 de la Saskatchewan. Apr\u00e8s avoir termin\u00e9 son programme de premier cycle, Owen a obtenu un doctorat en gestion des ravageurs (1979), \u00e9galement \u00e0 l&rsquo;Universit\u00e9 de la Saskatchewan, au cours duquel il a quantifi\u00e9 la d\u00e9foliation des cultures c\u00e9r\u00e9ali\u00e8res par les sauterelles, fournissant ainsi une \u00e9tude de base de l&rsquo;\u00e9conomie des dommages caus\u00e9s par les sauterelles. En 1979, Owen a commenc\u00e9 sa carri\u00e8re comme chercheur scientifique \u00e0 AAC, \u00e0 la station de recherche de Saskatoon, en d\u00e9veloppant de nouveaux outils \u00e9lectroniques pour cartographier les populations de sauterelles en vue des pr\u00e9visions annuelles. En tant qu&rsquo;\u00e9cologiste des insectes, Owen s&rsquo;est int\u00e9ress\u00e9 \u00e0 l&rsquo;\u00e9laboration et \u00e0 la mise \u00e0 l&rsquo;essai de tactiques de lutte int\u00e9gr\u00e9e contre les ravageurs dans les syst\u00e8mes agricoles extensifs des Prairies. Au milieu des ann\u00e9es 1990, Owen a mis sur pied le Groupe de surveillance tri-provincial. Maintenant connue sous le nom de Prairie Pest Monitoring Network, cette \u00e9quipe d&rsquo;entomologistes de l&rsquo;Alberta, de la Saskatchewan et du Manitoba, qui travaille en \u00e9troite collaboration, a normalis\u00e9 les protocoles de surveillance des insectes, mis au point des outils de pr\u00e9vision modernes et continue de mener des activit\u00e9s annuelles de surveillance des insectes ravageurs. Son programme de recherche a \u00e9galement permis d&rsquo;\u00e9tudier l&rsquo;\u00e9cologie, la dynamique des populations, le contr\u00f4le alternatif et les interactions entre l&rsquo;insecte et la plante h\u00f4te d&rsquo;importants insectes agricoles. Par exemple, Owen s&rsquo;est joint \u00e0 l&rsquo;\u00e9quipe charg\u00e9e d&rsquo;\u00e9laborer des strat\u00e9gies de gestion de la c\u00e9cidomyie orang\u00e9e du bl\u00e9 apr\u00e8s l&rsquo;\u00e9pid\u00e9mie massive de 1983 dans le centre-est de la Saskatchewan et il a jou\u00e9 un r\u00f4le majeur dans l&rsquo;\u00e9laboration d&rsquo;un programme complet de lutte int\u00e9gr\u00e9e contre ce ravageur. \u00c0 son retour d&rsquo;un cong\u00e9 sabbatique \u00e0 l&rsquo;Universit\u00e9 de la Nouvelle-Angleterre \u00e0 Armidale, en Australie, Owen a \u00e9largi ses recherches pour y inclure une composante de mod\u00e9lisation bioclimatique afin de pr\u00e9dire les distributions potentielles d&rsquo;insectes, y compris les esp\u00e8ces exotiques envahissantes au Canada. Cette recherche a conduit aux premi\u00e8res \u00e9valuations de l&rsquo;impact du changement climatique sur les insectes nuisibles et leurs ennemis naturels d&rsquo;importance pour l&rsquo;agriculture dans l&rsquo;Ouest canadien.<\/p>\n<p>\u00c0 ce jour, Owen a publi\u00e9 plus de 120 manuscrits \u00e9valu\u00e9s par des pairs, plus de 10 articles de synth\u00e8se, plusieurs chapitres de livres, et a contribu\u00e9 \u00e0 d&rsquo;innombrables articles sur le transfert de technologie et \u00e0 des rapports industriels. Il a pr\u00e9sent\u00e9 ses recherches lors de conf\u00e9rences r\u00e9gionales, nationales et internationales (&gt; 175 actes de conf\u00e9rence), dont une conf\u00e9rence pl\u00e9ni\u00e8re donn\u00e9e \u00e0 Pyongyang, en Cor\u00e9e du Nord, en 2013. Il a encadr\u00e9 de nombreux \u00e9tudiants de premier cycle, des \u00e9tudiants des cycles sup\u00e9rieurs et de jeunes chercheurs scientifiques. En tant que pr\u00e9sident du groupe de travail sur la lutte biologique d&rsquo;AAC pendant plus de 15 ans, en tant que chef de section et en tant qu&rsquo;administrateur associ\u00e9 par int\u00e9rim pour le d\u00e9veloppement de la recherche et la technologie dans plusieurs centres de recherche et de d\u00e9veloppement d&rsquo;AAC, Owen a \u00e9galement acquis une reconnaissance nationale pour son calme et ses comp\u00e9tences efficaces en mati\u00e8re de leadership. Bien qu&rsquo;il ait pris sa retraite d&rsquo;AAC en 2018, Owen reste actif dans la communaut\u00e9 entomologique et son influence continue de guider la recherche dans les communaut\u00e9s entomologiques canadiennes et internationales.<\/p>\n<p><strong>Dan Quiring<\/strong><\/p>\n<p><img loading=\"lazy\" decoding=\"async\" class=\"alignleft size-medium wp-image-8869\" src=\"https:\/\/esc-sec.ca\/wp-content\/uploads\/2022\/09\/7e-Dan-Quiring-5-266x300.jpg\" alt=\"\" width=\"266\" height=\"300\" srcset=\"https:\/\/esc-sec.ca\/wp-content\/uploads\/2022\/09\/7e-Dan-Quiring-5-266x300.jpg 266w, https:\/\/esc-sec.ca\/wp-content\/uploads\/2022\/09\/7e-Dan-Quiring-5-768x866.jpg 768w, https:\/\/esc-sec.ca\/wp-content\/uploads\/2022\/09\/7e-Dan-Quiring-5-625x705.jpg 625w, https:\/\/esc-sec.ca\/wp-content\/uploads\/2022\/09\/7e-Dan-Quiring-5.jpg 798w\" sizes=\"auto, (max-width: 266px) 100vw, 266px\" \/>Dr Dan Quiring (B.Sc. Hons Biologie, Universit\u00e9 Simon Fraser, 1979; Ph.D., Universit\u00e9 Laval, 1984) est propos\u00e9 comme membre honoraire de la Soci\u00e9t\u00e9 d&rsquo;entomologie du Canada en reconnaissance de ses contributions exceptionnelles \u00e0 la litt\u00e9rature scientifique sur l&rsquo;\u00e9cologie des insectes, de son d\u00e9vouement \u00e0 l&rsquo;enseignement et au mentorat d&rsquo;\u00e9tudiants de premier et de deuxi\u00e8me cycles en entomologie et de ses services m\u00e9ritoires \u00e0 la Soci\u00e9t\u00e9 d&rsquo;entomologie du Canada. Apr\u00e8s une br\u00e8ve p\u00e9riode en tant que chercheur scientifique pour Agriculture Canada (1984-1986), Dr Quiring a \u00e9t\u00e9 embauch\u00e9 par la Facult\u00e9 de foresterie de l&rsquo;Universit\u00e9 du Nouveau-Brunswick (UNB), o\u00f9 il a \u00e9tudi\u00e9 et enseign\u00e9 l&rsquo;\u00e9cologie des insectes, les interactions plantes-insectes et la gestion int\u00e9gr\u00e9e des ravageurs (IPM) jusqu&rsquo;\u00e0 sa retraite en tant que professeur de recherche honoraire en juillet 2013. Au cours de sa carri\u00e8re, Dan a supervis\u00e9 10 \u00e9tudiants de doctorat, 21 \u00e9tudiants de ma\u00eetrise et 47 \u00e9tudiants de premier cycle, publiant plus de 100 articles dans des revues \u00e0 comit\u00e9 de lecture, 3 chapitres de livres, 78 articles dans des comptes rendus\/revues sans comit\u00e9 de lecture, et plus de 200 communications lors de conf\u00e9rences scientifiques. La qualit\u00e9 de son mentorat se refl\u00e8te dans les r\u00e9alisations de ses \u00e9tudiants, dont six ont re\u00e7u le prix de la meilleure th\u00e8se de l&rsquo;ann\u00e9e et onze ont obtenu la premi\u00e8re ou la deuxi\u00e8me place dans des concours de communications d&rsquo;\u00e9tudiants lors de conf\u00e9rences scientifiques. Pour ses excellentes contributions \u00e0 l&rsquo;enseignement et \u00e0 la recherche, Dr Quiring a re\u00e7u le prix du m\u00e9rite de l&rsquo;UNB en 1990 et en 2006. L&rsquo;une des caract\u00e9ristiques de la carri\u00e8re de Dan Quiring a \u00e9t\u00e9 sa synth\u00e8se productive de l&rsquo;entomologie fondamentale et appliqu\u00e9e, l&rsquo;application des r\u00e9sultats de la recherche motiv\u00e9e par la curiosit\u00e9 pour am\u00e9liorer la gestion foresti\u00e8re, et l&rsquo;obtention de plus de 4,2 millions de dollars de financement du CRSNG, des gouvernements f\u00e9d\u00e9ral et provinciaux, de l&rsquo;industrie foresti\u00e8re et d&rsquo;autres organismes.<\/p>\n<p>Dr Quiring a servi la SEC de fa\u00e7on exceptionnelle, en tant que membre du Comit\u00e9 des prix de la SEC (1986-1987), du Comit\u00e9 de la politique scientifique (1987-1989), du Comit\u00e9 des bourses d&rsquo;\u00e9tudes (1993-2002) et du Conseil d&rsquo;administration (1989-2002); en tant que pr\u00e9sident du Comit\u00e9 des r\u00e8glements (1990-1994), du Comit\u00e9 de la politique scientifique (2003) et du Comit\u00e9 des prix (2004), et en tant que premier vice-pr\u00e9sident, deuxi\u00e8me vice-pr\u00e9sident, pr\u00e9sident et pr\u00e9sident sortant (2004-2007). Il a \u00e9galement \u00e9t\u00e9 \u00e9diteur th\u00e9matique pour <em>The Canadian Entomologist<\/em> (1995-2010) et a donn\u00e9 l&rsquo;allocution du patrimoine lors de la r\u00e9union annuelle conjointe de la SEC et de la Soci\u00e9t\u00e9 acadienne d&rsquo;entomologie du Canada en 2011. Les distinctions ant\u00e9rieures de Dr Quiring comprennent le prix John Henry Comstock de la Soci\u00e9t\u00e9 d&rsquo;entomologie d&rsquo;Am\u00e9rique (le premier \u00e9tudiant canadien des cycles sup\u00e9rieurs \u00e0 recevoir ce prix), le prix L\u00e9on Provancher de la Soci\u00e9t\u00e9 d\u2019entomologie du Qu\u00e9bec (1993) et le prix C. Gordon Hewitt (1994). Nous esp\u00e9rons sinc\u00e8rement que les membres de la SEC conviendront que Dan Quiring m\u00e9rite d&rsquo;\u00eatre nomm\u00e9 membre honoraire de la SEC en reconnaissance de ses contributions exceptionnelles \u00e0 l&rsquo;entomologie au Canada.<\/p>\n<\/div><\/section><br \/>\n<div  style='height:25px' class='hr hr-invisible   avia-builder-el-5  el_after_av_textblock  el_before_av_textblock '><span class='hr-inner ' ><span class='hr-inner-style'><\/span><\/span><\/div><br \/>\n<section class=\"av_textblock_section \"  itemscope=\"itemscope\" itemtype=\"https:\/\/schema.org\/CreativeWork\" ><div class='avia_textblock  '   itemprop=\"text\" ><p>Un membre actif ou un ancien membre actif qui a apport\u00e9 une contribution exceptionnelle \u00e0 l\u2019avancement de l\u2019entomologie peut \u00eatre \u00e9lu membre honoraire de la Soci\u00e9t\u00e9.<\/p>\n<\/div><\/section><br \/>\n<section class=\"av_textblock_section \"  itemscope=\"itemscope\" itemtype=\"https:\/\/schema.org\/CreativeWork\" ><div class='avia_textblock  '   itemprop=\"text\" ><table>\n<tbody>\n<tr>\n<td width=\"208\">Borden J H<\/td>\n<td width=\"208\">Burnaby BC<\/td>\n<td width=\"208\">2022<\/td>\n<\/tr>\n<tr>\n<td width=\"208\">Danks H V<\/td>\n<td width=\"208\">Ottawa\u00a0ON<\/td>\n<td width=\"208\">2018<\/td>\n<\/tr>\n<tr>\n<td width=\"208\">Gillott C<\/td>\n<td width=\"208\">Saskatoon SK<\/td>\n<td width=\"208\">2016<\/td>\n<\/tr>\n<tr>\n<td width=\"208\">Myers J H<\/td>\n<td width=\"208\">Vancouver BC<\/td>\n<td width=\"208\">2015<\/td>\n<\/tr>\n<tr>\n<td width=\"208\">Olfert O O<\/td>\n<td width=\"208\">Saskatoon SK<\/td>\n<td width=\"208\">2022<\/td>\n<\/tr>\n<tr>\n<td width=\"208\">Quiring D<\/td>\n<td width=\"208\">Fredericton NB<\/td>\n<td width=\"208\">2022<\/td>\n<\/tr>\n<tr>\n<td width=\"208\">Shemanchuk J A<\/td>\n<td width=\"208\">Lethbridge AB<\/td>\n<td width=\"208\">1995<\/td>\n<\/tr>\n<\/tbody>\n<\/table>\n<\/div><\/section><br \/>\n<div  style='height:25px' class='hr hr-invisible   avia-builder-el-8  el_after_av_textblock  el_before_av_textblock '><span class='hr-inner ' ><span class='hr-inner-style'><\/span><\/span><\/div><br \/>\n<section class=\"av_textblock_section \"  itemscope=\"itemscope\" itemtype=\"https:\/\/schema.org\/CreativeWork\" ><div class='avia_textblock  '   itemprop=\"text\" ><p><a href=\"https:\/\/esc-sec.ca\/wp-content\/uploads\/2023\/08\/ESC-SEC_Membres_Honoraires-FR-list-20230808.pdf\">Consultez ici<\/a> la liste compl\u00e8te des membres honoraires de la Soci\u00e9t\u00e9, incluant les membres d\u00e9c\u00e9d\u00e9s.<\/p>\n<\/div><\/section><br \/>\n<div  style='height:25px' class='hr hr-invisible   avia-builder-el-10  el_after_av_textblock  avia-builder-el-last '><span class='hr-inner ' ><span class='hr-inner-style'><\/span><\/span><\/div><\/p><\/div>\n","protected":false},"excerpt":{"rendered":"","protected":false},"author":1,"featured_media":0,"parent":2352,"menu_order":50,"comment_status":"closed","ping_status":"closed","template":"","meta":{"footnotes":""},"class_list":["post-334","page","type-page","status-publish","hentry"],"jetpack_sharing_enabled":true,"_links":{"self":[{"href":"https:\/\/esc-sec.ca\/fr\/wp-json\/wp\/v2\/pages\/334","targetHints":{"allow":["GET"]}}],"collection":[{"href":"https:\/\/esc-sec.ca\/fr\/wp-json\/wp\/v2\/pages"}],"about":[{"href":"https:\/\/esc-sec.ca\/fr\/wp-json\/wp\/v2\/types\/page"}],"author":[{"embeddable":true,"href":"https:\/\/esc-sec.ca\/fr\/wp-json\/wp\/v2\/users\/1"}],"replies":[{"embeddable":true,"href":"https:\/\/esc-sec.ca\/fr\/wp-json\/wp\/v2\/comments?post=334"}],"version-history":[{"count":20,"href":"https:\/\/esc-sec.ca\/fr\/wp-json\/wp\/v2\/pages\/334\/revisions"}],"predecessor-version":[{"id":9686,"href":"https:\/\/esc-sec.ca\/fr\/wp-json\/wp\/v2\/pages\/334\/revisions\/9686"}],"up":[{"embeddable":true,"href":"https:\/\/esc-sec.ca\/fr\/wp-json\/wp\/v2\/pages\/2352"}],"wp:attachment":[{"href":"https:\/\/esc-sec.ca\/fr\/wp-json\/wp\/v2\/media?parent=334"}],"curies":[{"name":"wp","href":"https:\/\/api.w.org\/{rel}","templated":true}]}}