{"id":330,"date":"2017-01-17T22:18:07","date_gmt":"2017-01-17T22:18:07","guid":{"rendered":"http:\/\/esc-sec.ca\/wp\/prix\/bert-john-carr-award\/"},"modified":"2026-03-25T17:45:59","modified_gmt":"2026-03-25T17:45:59","slug":"bert-john-carr-award","status":"publish","type":"page","link":"https:\/\/esc-sec.ca\/fr\/awards\/bert-john-carr-award\/","title":{"rendered":"Bert et John Carr"},"content":{"rendered":"<div id='av_section_1'  class='avia-section main_color avia-section-default avia-no-shadow  avia-bg-style-scroll  avia-builder-el-0  el_before_av_submenu  avia-builder-el-first   container_wrap sidebar_right' style='background-color: #9cbfc1;  '  ><div class='container' ><main  role=\"main\" itemprop=\"mainContentOfPage\"  class='template-page content  av-content-small alpha units'><div class='post-entry post-entry-type-page post-entry-330'><div class='entry-content-wrapper clearfix'>\n<\/div><\/div><\/main><!-- close content main element --><\/div><\/div><div class='clear'><\/div><div id='sub_menu1'  class='av-submenu-container main_color  avia-builder-el-1  el_after_av_section  el_before_av_one_full  av-sticky-submenu  submenu-not-first container_wrap sidebar_right' style='  z-index:301' ><div class='container av-menu-mobile-disabled '><ul id=\"menu-sub-menu-awards-french\" class=\"av-subnav-menu av-submenu-pos-center\"><li id=\"menu-item-3446\" class=\"menu-item menu-item-type-post_type menu-item-object-page menu-item-top-level menu-item-top-level-1\"><a href=\"https:\/\/esc-sec.ca\/fr\/awards\/medaille-dor\/\" itemprop=\"url\"><span class=\"avia-bullet\"><\/span><span class=\"avia-menu-text\">M\u00e9daille d&rsquo;or<\/span><span class=\"avia-menu-fx\"><span class=\"avia-arrow-wrap\"><span class=\"avia-arrow\"><\/span><\/span><\/span><\/a><\/li>\n<li id=\"menu-item-3447\" class=\"menu-item menu-item-type-post_type menu-item-object-page menu-item-top-level menu-item-top-level-2\"><a href=\"https:\/\/esc-sec.ca\/fr\/awards\/c-gordon-hewitt\/\" itemprop=\"url\"><span class=\"avia-bullet\"><\/span><span class=\"avia-menu-text\">C. Gordon Hewitt<\/span><span class=\"avia-menu-fx\"><span class=\"avia-arrow-wrap\"><span class=\"avia-arrow\"><\/span><\/span><\/span><\/a><\/li>\n<li id=\"menu-item-3448\" class=\"menu-item menu-item-type-post_type menu-item-object-page menu-item-top-level menu-item-top-level-3\"><a href=\"https:\/\/esc-sec.ca\/fr\/awards\/criddle\/\" itemprop=\"url\"><span class=\"avia-bullet\"><\/span><span class=\"avia-menu-text\">Norman Criddle<\/span><span class=\"avia-menu-fx\"><span class=\"avia-arrow-wrap\"><span class=\"avia-arrow\"><\/span><\/span><\/span><\/a><\/li>\n<li id=\"menu-item-3449\" class=\"menu-item menu-item-type-post_type menu-item-object-page menu-item-top-level menu-item-top-level-4\"><a href=\"https:\/\/esc-sec.ca\/fr\/awards\/bert-john-carr-award\/\" itemprop=\"url\"><span class=\"avia-bullet\"><\/span><span class=\"avia-menu-text\">Bert et John Carr<\/span><span class=\"avia-menu-fx\"><span class=\"avia-arrow-wrap\"><span class=\"avia-arrow\"><\/span><\/span><\/span><\/a><\/li>\n<li id=\"menu-item-3450\" class=\"menu-item menu-item-type-post_type menu-item-object-page menu-item-top-level menu-item-top-level-5\"><a href=\"https:\/\/esc-sec.ca\/fr\/awards\/membres-honoraires\/\" itemprop=\"url\"><span class=\"avia-bullet\"><\/span><span class=\"avia-menu-text\">Membres Honoraires<\/span><span class=\"avia-menu-fx\"><span class=\"avia-arrow-wrap\"><span class=\"avia-arrow\"><\/span><\/span><\/span><\/a><\/li>\n<li id=\"menu-item-3451\" class=\"menu-item menu-item-type-post_type menu-item-object-page menu-item-top-level menu-item-top-level-6\"><a href=\"https:\/\/esc-sec.ca\/fr\/awards\/associes\/\" itemprop=\"url\"><span class=\"avia-bullet\"><\/span><span class=\"avia-menu-text\">Membres Associ\u00e9s<\/span><span class=\"avia-menu-fx\"><span class=\"avia-arrow-wrap\"><span class=\"avia-arrow\"><\/span><\/span><\/span><\/a><\/li>\n<li id=\"menu-item-3452\" class=\"menu-item menu-item-type-post_type menu-item-object-page menu-item-top-level menu-item-top-level-7\"><a href=\"https:\/\/esc-sec.ca\/fr\/awards\/call-for-nominations\/\" itemprop=\"url\"><span class=\"avia-bullet\"><\/span><span class=\"avia-menu-text\">Les mises en candidature<\/span><span class=\"avia-menu-fx\"><span class=\"avia-arrow-wrap\"><span class=\"avia-arrow\"><\/span><\/span><\/span><\/a><\/li>\n<\/ul><\/div><\/div><div class='sticky_placeholder'><\/div><div id='after_submenu'  class='main_color av_default_container_wrap container_wrap sidebar_right' style=' '  ><div class='container' ><div class='template-page content  av-content-small alpha units'><div class='post-entry post-entry-type-page post-entry-330'><div class='entry-content-wrapper clearfix'>\n<div class=\"flex_column av_one_full  flex_column_div av-zero-column-padding first  avia-builder-el-2  el_after_av_submenu  el_before_av_hr  avia-builder-el-first  \" style='border-radius:0px; '><p><div  style='padding-bottom:10px; font-size:45px;' class='av-special-heading av-special-heading-h1  blockquote modern-quote  avia-builder-el-3  el_before_av_heading  avia-builder-el-first  av-inherit-size '><h1 class='av-special-heading-tag '  itemprop=\"headline\"  >Soci\u00e9t\u00e9 d\u2019entomologie du Canada &#8211; Le Prix Bert et John Carr<\/h1><div class='special-heading-border'><div class='special-heading-inner-border' ><\/div><\/div><\/div><br \/>\n<div  style='padding-bottom:10px; ' class='av-special-heading av-special-heading-h2    avia-builder-el-4  el_after_av_heading  el_before_av_textblock  '><h2 class='av-special-heading-tag '  itemprop=\"headline\"  >Les r\u00e9cipiendaires<\/h2><div class='special-heading-border'><div class='special-heading-inner-border' ><\/div><\/div><\/div><br \/>\n<section class=\"av_textblock_section \"  itemscope=\"itemscope\" itemtype=\"https:\/\/schema.org\/CreativeWork\" ><div class='avia_textblock  '   itemprop=\"text\" ><p>2011 Zoe Lindo<br \/>\n2013 Leonid Borysenko<br \/>\n2014 Todd Lawton<br \/>\n2016 Anna Solecki<br \/>\n2017\u00a0Ana Dal Molin<br \/>\n2019 Sarah MacKell<br \/>\n2019 Jonathan Charron<br \/>\n2020 Briann Dorin<br \/>\n2020 Michel Larriv\u00e9e<br \/>\n2021 Scott Gilmore<br \/>\n2022 Tori Miller<br \/>\n2022 Hadil Elsayed<br \/>\n2023 Aleksandra J. Dolezal<\/p>\n<\/div><\/section><br \/>\n<div  style='height:25px' class='hr hr-invisible   avia-builder-el-6  el_after_av_textblock  el_before_av_heading '><span class='hr-inner ' ><span class='hr-inner-style'><\/span><\/span><\/div><br \/>\n<div  style='padding-bottom:10px; ' class='av-special-heading av-special-heading-h2    avia-builder-el-7  el_after_av_hr  el_before_av_textblock  '><h2 class='av-special-heading-tag '  itemprop=\"headline\"  >Le prix Carr<\/h2><div class='special-heading-border'><div class='special-heading-inner-border' ><\/div><\/div><\/div><br \/>\n<section class=\"av_textblock_section \"  itemscope=\"itemscope\" itemtype=\"https:\/\/schema.org\/CreativeWork\" ><div class='avia_textblock  '   itemprop=\"text\" ><p><span class=\"style18\">Le prix Carr<\/span> est nomm\u00e9 en l\u2019honneur de Bert et John Carr qui ont l\u00e9gu\u00e9 un h\u00e9ritage de connaissances entomologiques provenant de la r\u00e9colte et de la taxonomie de plusieurs centaines de milliers de sp\u00e9cimens de col\u00e9opt\u00e8res d\u2019Am\u00e9rique du nord. Ce travail a d\u00e9but\u00e9 en tant que loisir, mais s\u2019est d\u00e9velopp\u00e9 en une vocation suite \u00e0 la retraite de John de l\u2019industrie p\u00e9troli\u00e8re. La famille Carr \u00e9tait recherch\u00e9e par les professionnels, les amateurs et les \u00e9tudiants en entomologie pour leurs connaissances et leur point de vue dans le domaine. Quand ils sont devenus incapables d\u2019accomplir le travail de terrain et de bureau requis par la collection, elle a \u00e9t\u00e9 offerte \u00e0 la Collection nationale canadienne d\u2019insectes, arachnides et n\u00e9matodes \u00e0 Ottawa. John et Bert ont re\u00e7u le prix Norman Criddle de la Soci\u00e9t\u00e9 d\u2019entomologie du Canada en 1990 et le prix Frederick S. Carr par la Soci\u00e9t\u00e9 d\u2019entomologie de l\u2019Alberta en 2002 pour leur contribution \u00e0 la communaut\u00e9 entomologique. Ce prix voit le jour gr\u00e2ce au d\u00e9sir de Bert et John Carr de voir leur int\u00e9r\u00eat dans les sciences et la nature \u00eatre transmis de g\u00e9n\u00e9ration en g\u00e9n\u00e9ration. (pour plus de d\u00e9tails, voir le Bulletion de la SEC, juin 2010, p. 102).<\/p>\n<\/div><\/section><br \/>\n<section class=\"av_textblock_section \"  itemscope=\"itemscope\" itemtype=\"https:\/\/schema.org\/CreativeWork\" ><div class='avia_textblock  '   itemprop=\"text\" ><p align=\"left\">la Soci\u00e9t\u00e9 invite des candidats \u00e0 appliquer pour ce prix en esp\u00e8ce, lequel est en appui \u00e0 des activit\u00e9s de recherche par des individus qui \u00e9tudient <strong>la faunistique des insectes, ou l\u2019histoire naturelle et la taxonomie de la faune entomologique du Canada<\/strong>. Une pr\u00e9f\u00e9rence sera donn\u00e9e aux applications provenant d\u2019amateurs, mais des applications pr\u00e9sent\u00e9es par des \u00e9tudiants ou d\u2019autres individus seront aussi prises en consid\u00e9ration. Les applications devront inclure:<\/p>\n<div align=\"left\">\n<ol>\n<li>le nom et l\u2019adresse du candidat;<\/li>\n<li>un \u00e9nonc\u00e9 sur les activit\u00e9s de recherche devant \u00eatre entreprises par le candidat, dont une estimation des co\u00fbts jusqu\u2019\u00e0 concurence de 1000$; et<\/li>\n<li>un curriculum vitae.<\/li>\n<\/ol>\n<\/div>\n<div align=\"left\">\n<p class=\"x_MsoNormal\"><span lang=\"FR-CA\">Les candidatures doivent \u00eatre envoy\u00e9es par courriel au pr\u00e9sident du comit\u00e9 des prix d\u2019excellence. (Consultez <\/span><a href=\"https:\/\/can01.safelinks.protection.outlook.com\/?url=https%3A%2F%2Fesc-sec.ca%2Ffr%2Fawards%2Fcall-for-nominations%2F&amp;data=05%7C01%7Cveronique.martel%40NRCan-RNCan.gc.ca%7Cf285ac14848a47a63e4008da320c1262%7C05c95b3390ca49d5b644288b930b912b%7C0%7C0%7C637877324674067847%7CUnknown%7CTWFpbGZsb3d8eyJWIjoiMC4wLjAwMDAiLCJQIjoiV2luMzIiLCJBTiI6Ik1haWwiLCJXVCI6Mn0%3D%7C3000%7C%7C%7C&amp;sdata=fRDY5s0TdxSrUnUqzpMH89R1wV23sMWRj5be9C1TcPk%3D&amp;reserved=0\" target=\"_blank\" rel=\"noopener noreferrer\"><span lang=\"FR-CA\">https:\/\/esc-sec.ca\/fr\/awards\/call-for-nominations\/<\/span><\/a> <span lang=\"FR-CA\">)<\/span><\/p>\n<\/div>\n<\/div><\/section><br \/>\n<div  style='padding-bottom:10px; ' class='av-special-heading av-special-heading-h2    avia-builder-el-10  el_after_av_textblock  el_before_av_textblock  '><h2 class='av-special-heading-tag '  itemprop=\"headline\"  >R\u00c8GLES<\/h2><div class='special-heading-border'><div class='special-heading-inner-border' ><\/div><\/div><\/div><br \/>\n<section class=\"av_textblock_section \"  itemscope=\"itemscope\" itemtype=\"https:\/\/schema.org\/CreativeWork\" ><div class='avia_textblock  '   itemprop=\"text\" ><ul>\n<li>La Soci\u00e9t\u00e9 peut d\u00e9cerner, annuellement, une somme en argent connue comme le prix Bert et John Carr pour des individus qui \u00e9tudient la faunistique, l\u2019histoire naturelle et la taxonomie de la faune entomologique du Canada.<\/li>\n<li>Le prix est d\u00e9cern\u00e9 \u00e0 des candidats afin de soutenir les activit\u00e9s de recherche sur la faunistique, l\u2019histoire naturelle ou la taxonomie de la faune entomologique du Canada\u2009; p. ex. les d\u00e9placements, le mat\u00e9riel et l\u2019\u00e9quipement, etc.<\/li>\n<li>La pr\u00e9f\u00e9rence sera donn\u00e9e aux candidatures provenant d\u2019amateurs, mais des candidatures pr\u00e9sent\u00e9es par des \u00e9tudiants ou d\u2019autres individus n\u2019ayant pas acc\u00e8s \u00e0 du financement pour l\u2019\u00e9tude de la faunistique, de l\u2019histoire naturelle ou de la taxonomie de la faune entomologique du Canada seront \u00e9galement consid\u00e9r\u00e9es. Jusqu\u2019\u00e0 deux prix peuvent \u00eatre remis par ann\u00e9e. Dans l\u2019\u00e9ventualit\u00e9 o\u00f9 aucune candidature ad\u00e9quate ne serait re\u00e7ue pour une ann\u00e9e donn\u00e9e, les fonds demeureront dans un compte d\u00e9di\u00e9 au prix et seront utilis\u00e9s pour aider les gagnants subs\u00e9quents du prix \u00e0 assister \u00e0 la r\u00e9union annuelle conjointe ou pour retenir des membres dans la soci\u00e9t\u00e9. Les gagnants peuvent aussi utiliser une partie du prix pour l\u2019adh\u00e9sion \u00e0 la Soci\u00e9t\u00e9.<\/li>\n<li>Les candidats pour le prix doivent pr\u00e9f\u00e9rablement \u00eatre des amateurs ou des \u00e9tudiants, r\u00e9sidant au Canada. L\u2019adh\u00e9sion \u00e0 la Soci\u00e9t\u00e9 d\u2019entomologie du Canada n\u2019est pas requise.<\/li>\n<li>Les candidats recevant le prix doivent \u00eatre s\u00e9lectionn\u00e9s par le comit\u00e9 des prix d\u2019excellence de la Soci\u00e9t\u00e9 d\u2019entomologie du Canada et le prix sera pr\u00e9sent\u00e9 \u00e0 la r\u00e9union annuelle. Une des conditions du prix est la soumission, par le gagnant, d\u2019une description de l\u2019utilisation des fonds pour une courte publication dans le Bulletin. <span lang=\"FR-CA\">Jusqu\u2019\u00e0 deux prix, allant jusqu\u2019\u00e0 1000$ chacun, peuvent \u00eatre d\u00e9cern\u00e9s annuellement.<\/span><\/li>\n<li>Le prix est financ\u00e9 par des paiements p\u00e9riodiques de la Fondation de philanthropie strat\u00e9gique du programme philanthropique Mackenzie en l\u2019honneur de la m\u00e9moire de Bert et John Carr. \u00c0 long terme, les d\u00e9penses sur les prix devront \u00eatre \u00e9gales aux paiements re\u00e7us pour ce prix.<\/li>\n<\/ul>\n<\/div><\/section><\/p><\/div><div  style='height:40px' class='hr hr-invisible   avia-builder-el-12  el_after_av_one_full  avia-builder-el-last '><span class='hr-inner ' ><span class='hr-inner-style'><\/span><\/span><\/div><\/p>\n","protected":false},"excerpt":{"rendered":"","protected":false},"author":1,"featured_media":0,"parent":2352,"menu_order":40,"comment_status":"closed","ping_status":"closed","template":"","meta":{"footnotes":""},"class_list":["post-330","page","type-page","status-publish","hentry"],"jetpack_sharing_enabled":true,"_links":{"self":[{"href":"https:\/\/esc-sec.ca\/fr\/wp-json\/wp\/v2\/pages\/330","targetHints":{"allow":["GET"]}}],"collection":[{"href":"https:\/\/esc-sec.ca\/fr\/wp-json\/wp\/v2\/pages"}],"about":[{"href":"https:\/\/esc-sec.ca\/fr\/wp-json\/wp\/v2\/types\/page"}],"author":[{"embeddable":true,"href":"https:\/\/esc-sec.ca\/fr\/wp-json\/wp\/v2\/users\/1"}],"replies":[{"embeddable":true,"href":"https:\/\/esc-sec.ca\/fr\/wp-json\/wp\/v2\/comments?post=330"}],"version-history":[{"count":19,"href":"https:\/\/esc-sec.ca\/fr\/wp-json\/wp\/v2\/pages\/330\/revisions"}],"predecessor-version":[{"id":10855,"href":"https:\/\/esc-sec.ca\/fr\/wp-json\/wp\/v2\/pages\/330\/revisions\/10855"}],"up":[{"embeddable":true,"href":"https:\/\/esc-sec.ca\/fr\/wp-json\/wp\/v2\/pages\/2352"}],"wp:attachment":[{"href":"https:\/\/esc-sec.ca\/fr\/wp-json\/wp\/v2\/media?parent=330"}],"curies":[{"name":"wp","href":"https:\/\/api.w.org\/{rel}","templated":true}]}}