{"id":321,"date":"2017-01-17T22:17:45","date_gmt":"2017-01-17T22:17:45","guid":{"rendered":"http:\/\/esc-sec.ca\/wp\/prix\/criddle\/"},"modified":"2023-10-27T18:08:19","modified_gmt":"2023-10-27T18:08:19","slug":"criddle","status":"publish","type":"page","link":"https:\/\/esc-sec.ca\/fr\/awards\/criddle\/","title":{"rendered":"Norman Criddle"},"content":{"rendered":"<div id='av_section_1'  class='avia-section main_color avia-section-default avia-no-shadow  avia-bg-style-scroll  avia-builder-el-0  el_before_av_submenu  avia-builder-el-first   container_wrap sidebar_right' style='background-color: #9cbfc1;  '  ><div class='container' ><main  role=\"main\" itemprop=\"mainContentOfPage\"  class='template-page content  av-content-small alpha units'><div class='post-entry post-entry-type-page post-entry-321'><div class='entry-content-wrapper clearfix'>\n<\/div><\/div><\/main><!-- close content main element --><\/div><\/div><div class='clear'><\/div><div id='sub_menu1'  class='av-submenu-container main_color  avia-builder-el-1  el_after_av_section  el_before_av_one_full  av-sticky-submenu  submenu-not-first container_wrap sidebar_right' style='  z-index:301' ><div class='container av-menu-mobile-disabled '><ul id=\"menu-sub-menu-awards-french\" class=\"av-subnav-menu av-submenu-pos-center\"><li id=\"menu-item-3446\" class=\"menu-item menu-item-type-post_type menu-item-object-page menu-item-top-level menu-item-top-level-1\"><a href=\"https:\/\/esc-sec.ca\/fr\/awards\/medaille-dor\/\" itemprop=\"url\"><span class=\"avia-bullet\"><\/span><span class=\"avia-menu-text\">M\u00e9daille d&rsquo;or<\/span><span class=\"avia-menu-fx\"><span class=\"avia-arrow-wrap\"><span class=\"avia-arrow\"><\/span><\/span><\/span><\/a><\/li>\n<li id=\"menu-item-3447\" class=\"menu-item menu-item-type-post_type menu-item-object-page menu-item-top-level menu-item-top-level-2\"><a href=\"https:\/\/esc-sec.ca\/fr\/awards\/c-gordon-hewitt\/\" itemprop=\"url\"><span class=\"avia-bullet\"><\/span><span class=\"avia-menu-text\">C. Gordon Hewitt<\/span><span class=\"avia-menu-fx\"><span class=\"avia-arrow-wrap\"><span class=\"avia-arrow\"><\/span><\/span><\/span><\/a><\/li>\n<li id=\"menu-item-3448\" class=\"menu-item menu-item-type-post_type menu-item-object-page menu-item-top-level menu-item-top-level-3\"><a href=\"https:\/\/esc-sec.ca\/fr\/awards\/criddle\/\" itemprop=\"url\"><span class=\"avia-bullet\"><\/span><span class=\"avia-menu-text\">Norman Criddle<\/span><span class=\"avia-menu-fx\"><span class=\"avia-arrow-wrap\"><span class=\"avia-arrow\"><\/span><\/span><\/span><\/a><\/li>\n<li id=\"menu-item-3449\" class=\"menu-item menu-item-type-post_type menu-item-object-page menu-item-top-level menu-item-top-level-4\"><a href=\"https:\/\/esc-sec.ca\/fr\/awards\/bert-john-carr-award\/\" itemprop=\"url\"><span class=\"avia-bullet\"><\/span><span class=\"avia-menu-text\">Bert et John Carr<\/span><span class=\"avia-menu-fx\"><span class=\"avia-arrow-wrap\"><span class=\"avia-arrow\"><\/span><\/span><\/span><\/a><\/li>\n<li id=\"menu-item-3450\" class=\"menu-item menu-item-type-post_type menu-item-object-page menu-item-top-level menu-item-top-level-5\"><a href=\"https:\/\/esc-sec.ca\/fr\/awards\/membres-honoraires\/\" itemprop=\"url\"><span class=\"avia-bullet\"><\/span><span class=\"avia-menu-text\">Membres Honoraires<\/span><span class=\"avia-menu-fx\"><span class=\"avia-arrow-wrap\"><span class=\"avia-arrow\"><\/span><\/span><\/span><\/a><\/li>\n<li id=\"menu-item-3451\" class=\"menu-item menu-item-type-post_type menu-item-object-page menu-item-top-level menu-item-top-level-6\"><a href=\"https:\/\/esc-sec.ca\/fr\/awards\/associes\/\" itemprop=\"url\"><span class=\"avia-bullet\"><\/span><span class=\"avia-menu-text\">Membres Associ\u00e9s<\/span><span class=\"avia-menu-fx\"><span class=\"avia-arrow-wrap\"><span class=\"avia-arrow\"><\/span><\/span><\/span><\/a><\/li>\n<li id=\"menu-item-3452\" class=\"menu-item menu-item-type-post_type menu-item-object-page menu-item-top-level menu-item-top-level-7\"><a href=\"https:\/\/esc-sec.ca\/fr\/awards\/call-for-nominations\/\" itemprop=\"url\"><span class=\"avia-bullet\"><\/span><span class=\"avia-menu-text\">Les mises en candidature<\/span><span class=\"avia-menu-fx\"><span class=\"avia-arrow-wrap\"><span class=\"avia-arrow\"><\/span><\/span><\/span><\/a><\/li>\n<\/ul><\/div><\/div><div class='sticky_placeholder'><\/div><div id='after_submenu'  class='main_color av_default_container_wrap container_wrap sidebar_right' style=' '  ><div class='container' ><div class='template-page content  av-content-small alpha units'><div class='post-entry post-entry-type-page post-entry-321'><div class='entry-content-wrapper clearfix'>\n<div class=\"flex_column av_one_full  flex_column_div av-zero-column-padding first  avia-builder-el-2  el_after_av_submenu  avia-builder-el-no-sibling  \" style='border-radius:0px; '><p><div  style='padding-bottom:10px; font-size:45px;' class='av-special-heading av-special-heading-h1  blockquote modern-quote  avia-builder-el-3  el_before_av_heading  avia-builder-el-first  av-inherit-size '><h1 class='av-special-heading-tag '  itemprop=\"headline\"  >Soci\u00e9t\u00e9 d\u2019entomologie du Canada &#8211; Le Prix Norman Criddle<\/h1><div class='special-heading-border'><div class='special-heading-inner-border' ><\/div><\/div><\/div><br \/>\n<div  style='padding-bottom:10px; ' class='av-special-heading av-special-heading-h2    avia-builder-el-4  el_after_av_heading  el_before_av_textblock  '><h2 class='av-special-heading-tag '  itemprop=\"headline\"  >Les r\u00e9cipiendaires<\/h2><div class='special-heading-border'><div class='special-heading-inner-border' ><\/div><\/div><\/div><br \/>\n<section class=\"av_textblock_section \"  itemscope=\"itemscope\" itemtype=\"https:\/\/schema.org\/CreativeWork\" ><div class='avia_textblock  '   itemprop=\"text\" ><div style=\"width: 30%; padding: 0 10pt 0 50pt; float: left;\">1977 \u00a0 Terry Galloway<br \/>\n1981 \u00a0 Buck Goodwin<br \/>\n1982 \u00a0 Alan Hanks<br \/>\n1983 \u00a0 Ron Hooper<br \/>\n1984 \u00a0 no award<br \/>\n1985 \u00a0 no award<br \/>\n1986 \u00a0 Paul Klassen<br \/>\n1987 \u00a0 no award<br \/>\n1988 \u00a0 Walter Lazorko<br \/>\n1989 \u00a0 no award<br \/>\n1990 \u00a0 John and Bertha Carr<br \/>\n1991 \u00a0 no award<br \/>\n1992 \u00a0 John Kozial<br \/>\n1993 \u00a0 Jim Troubridge<\/div>\n<div style=\"width: 30%; padding: 0 10pt 0 60pt; float: left;\">1994\u00a0 \u00a0Bill Preston<br \/>\n1995 \u00a0 no award<br \/>\n1996 \u00a0 Paul Brunelle<br \/>\n1997 \u00a0 Ruby Larson<br \/>\n1998 \u00a0 no award<br \/>\n1999 \u00a0 Dr. Bernie Gollop<br \/>\n2000 \u00a0 St\u00e9phane Le Tirant<br \/>\n2001 \u00a0 Ross Layberry<br \/>\n2002 \u00a0 Robyn Underwood<br \/>\n2003 \u00a0 Rex Kenner<br \/>\n2004 \u00a0 Henry Hensel<br \/>\n2005 \u00a0 Gary Anweiler<br \/>\n2006 \u00a0 Andr\u00e9 Beaudoin<br \/>\n2007 \u00a0 Anna L. Leighton<\/div>\n<div style=\"width: 30%; padding: 0 10pt 0 0; float: right;\">2008 \u00a0 Jay Cossey<br \/>\n2009 \u00a0 Bob Wrigley<br \/>\n2010 \u00a0 Dennis St. John<br \/>\n2011 \u00a0 Linda and Peter Payzant<br \/>\n2012 \u00a0 C.D. Bird<br \/>\n2013 \u00a0 Alan Macnaughton<br \/>\n2014 \u00a0 Brian David Olson<br \/>\n2015 \u00a0 Louis Handfield<br \/>\n2016\u00a0 \u00a0no award<br \/>\n2017\u00a0 \u00a0Todd Lawton<br \/>\n2018\u00a0 \u00a0Monique Keiran<br \/>\n2019\u00a0 \u00a0Erica Burke<br \/>\n2020\u00a0\u00a0 Colin Weir<br \/>\n2021 \u00a0 Rick Cavasin<br \/>\n2022\u00a0 Lori Weidenhammer<br \/>\n2023\u00a0 Kiara Calladine<\/div>\n<div><\/div>\n<div><\/div>\n<div><\/div>\n<\/div><\/section><br \/>\n<div  style='height:25px' class='hr hr-invisible   avia-builder-el-6  el_after_av_textblock  el_before_av_heading '><span class='hr-inner ' ><span class='hr-inner-style'><\/span><\/span><\/div><br \/>\n<div  style='padding-bottom:10px; ' class='av-special-heading av-special-heading-h2    avia-builder-el-7  el_after_av_hr  el_before_av_textblock  '><h2 class='av-special-heading-tag '  itemprop=\"headline\"  >R\u00e8gles<\/h2><div class='special-heading-border'><div class='special-heading-inner-border' ><\/div><\/div><\/div><br \/>\n<section class=\"av_textblock_section \"  itemscope=\"itemscope\" itemtype=\"https:\/\/schema.org\/CreativeWork\" ><div class='avia_textblock  '   itemprop=\"text\" ><p>La Soci\u00e9t\u00e9 peut attribuer annuellement un prix, connu sous le nom de<span class=\"style13\"> Prix Norman Criddle<\/span>, afin de reconna\u00eetre la contribution exceptionnelle d\u2019un entomologiste amateur \u00e0 l\u2019avancement de l\u2019entomologie au Canada.<\/p>\n<p>La Soci\u00e9t\u00e9 peut attribuer le prix afin de reconna\u00eetre un travail exceptionnel dans divers secteurs d\u2019activit\u00e9: enseignement, recherche, projets communautaires, publicit\u00e9, vulgarisation \u00e9crite, pr\u00e9paration de diaporamas ou de films ou toute autre activit\u00e9s qui rehausse l\u2019image de l\u2019entomologie.<\/p>\n<p>De pr\u00e9f\u00e9rence, les candidats pour ce prix sont des amateurs ou des \u00e9tudiants r\u00e9sidant au Canada. Il n\u2019est pas n\u00e9cessaire que les candidats soient membres de la Soci\u00e9t\u00e9 d\u2019entomologie du Canada.<\/p>\n<p>C\u2019est la soci\u00e9t\u00e9 affili\u00e9e qui tient l\u2019assembl\u00e9e g\u00e9n\u00e9rale de l\u2019ann\u00e9e courante qui choisit le r\u00e9cipiendaire du Prix Norman Criddle.<\/p>\n<p>.<\/p>\n<\/div><\/section><\/p><\/div>\n","protected":false},"excerpt":{"rendered":"","protected":false},"author":1,"featured_media":0,"parent":2352,"menu_order":30,"comment_status":"closed","ping_status":"closed","template":"","meta":{"footnotes":""},"class_list":["post-321","page","type-page","status-publish","hentry"],"jetpack_sharing_enabled":true,"_links":{"self":[{"href":"https:\/\/esc-sec.ca\/fr\/wp-json\/wp\/v2\/pages\/321","targetHints":{"allow":["GET"]}}],"collection":[{"href":"https:\/\/esc-sec.ca\/fr\/wp-json\/wp\/v2\/pages"}],"about":[{"href":"https:\/\/esc-sec.ca\/fr\/wp-json\/wp\/v2\/types\/page"}],"author":[{"embeddable":true,"href":"https:\/\/esc-sec.ca\/fr\/wp-json\/wp\/v2\/users\/1"}],"replies":[{"embeddable":true,"href":"https:\/\/esc-sec.ca\/fr\/wp-json\/wp\/v2\/comments?post=321"}],"version-history":[{"count":13,"href":"https:\/\/esc-sec.ca\/fr\/wp-json\/wp\/v2\/pages\/321\/revisions"}],"predecessor-version":[{"id":9875,"href":"https:\/\/esc-sec.ca\/fr\/wp-json\/wp\/v2\/pages\/321\/revisions\/9875"}],"up":[{"embeddable":true,"href":"https:\/\/esc-sec.ca\/fr\/wp-json\/wp\/v2\/pages\/2352"}],"wp:attachment":[{"href":"https:\/\/esc-sec.ca\/fr\/wp-json\/wp\/v2\/media?parent=321"}],"curies":[{"name":"wp","href":"https:\/\/api.w.org\/{rel}","templated":true}]}}