{"id":295,"date":"2017-01-17T22:16:53","date_gmt":"2017-01-17T22:16:53","guid":{"rendered":"http:\/\/esc-sec.ca\/wp\/g-gordon-hewitt\/"},"modified":"2023-10-27T18:06:30","modified_gmt":"2023-10-27T18:06:30","slug":"c-gordon-hewitt","status":"publish","type":"page","link":"https:\/\/esc-sec.ca\/fr\/awards\/c-gordon-hewitt\/","title":{"rendered":"C. Gordon Hewitt"},"content":{"rendered":"<div id='av_section_1'  class='avia-section main_color avia-section-default avia-no-shadow  avia-bg-style-scroll  avia-builder-el-0  el_before_av_submenu  avia-builder-el-first   container_wrap sidebar_right' style='background-color: #9cbfc1;  '  ><div class='container' ><main  role=\"main\" itemprop=\"mainContentOfPage\"  class='template-page content  av-content-small alpha units'><div class='post-entry post-entry-type-page post-entry-295'><div class='entry-content-wrapper clearfix'>\n<\/div><\/div><\/main><!-- close content main element --><\/div><\/div><div class='clear'><\/div><div id='sub_menu1'  class='av-submenu-container main_color  avia-builder-el-1  el_after_av_section  el_before_av_one_full  av-sticky-submenu  submenu-not-first container_wrap sidebar_right' style='  z-index:301' ><div class='container av-menu-mobile-disabled '><ul id=\"menu-sub-menu-awards-french\" class=\"av-subnav-menu av-submenu-pos-center\"><li id=\"menu-item-3446\" class=\"menu-item menu-item-type-post_type menu-item-object-page menu-item-top-level menu-item-top-level-1\"><a href=\"https:\/\/esc-sec.ca\/fr\/awards\/medaille-dor\/\" itemprop=\"url\"><span class=\"avia-bullet\"><\/span><span class=\"avia-menu-text\">M\u00e9daille d&rsquo;or<\/span><span class=\"avia-menu-fx\"><span class=\"avia-arrow-wrap\"><span class=\"avia-arrow\"><\/span><\/span><\/span><\/a><\/li>\n<li id=\"menu-item-3447\" class=\"menu-item menu-item-type-post_type menu-item-object-page menu-item-top-level menu-item-top-level-2\"><a href=\"https:\/\/esc-sec.ca\/fr\/awards\/c-gordon-hewitt\/\" itemprop=\"url\"><span class=\"avia-bullet\"><\/span><span class=\"avia-menu-text\">C. Gordon Hewitt<\/span><span class=\"avia-menu-fx\"><span class=\"avia-arrow-wrap\"><span class=\"avia-arrow\"><\/span><\/span><\/span><\/a><\/li>\n<li id=\"menu-item-3448\" class=\"menu-item menu-item-type-post_type menu-item-object-page menu-item-top-level menu-item-top-level-3\"><a href=\"https:\/\/esc-sec.ca\/fr\/awards\/criddle\/\" itemprop=\"url\"><span class=\"avia-bullet\"><\/span><span class=\"avia-menu-text\">Norman Criddle<\/span><span class=\"avia-menu-fx\"><span class=\"avia-arrow-wrap\"><span class=\"avia-arrow\"><\/span><\/span><\/span><\/a><\/li>\n<li id=\"menu-item-3449\" class=\"menu-item menu-item-type-post_type menu-item-object-page menu-item-top-level menu-item-top-level-4\"><a href=\"https:\/\/esc-sec.ca\/fr\/awards\/bert-john-carr-award\/\" itemprop=\"url\"><span class=\"avia-bullet\"><\/span><span class=\"avia-menu-text\">Bert et John Carr<\/span><span class=\"avia-menu-fx\"><span class=\"avia-arrow-wrap\"><span class=\"avia-arrow\"><\/span><\/span><\/span><\/a><\/li>\n<li id=\"menu-item-3450\" class=\"menu-item menu-item-type-post_type menu-item-object-page menu-item-top-level menu-item-top-level-5\"><a href=\"https:\/\/esc-sec.ca\/fr\/awards\/membres-honoraires\/\" itemprop=\"url\"><span class=\"avia-bullet\"><\/span><span class=\"avia-menu-text\">Membres Honoraires<\/span><span class=\"avia-menu-fx\"><span class=\"avia-arrow-wrap\"><span class=\"avia-arrow\"><\/span><\/span><\/span><\/a><\/li>\n<li id=\"menu-item-3451\" class=\"menu-item menu-item-type-post_type menu-item-object-page menu-item-top-level menu-item-top-level-6\"><a href=\"https:\/\/esc-sec.ca\/fr\/awards\/associes\/\" itemprop=\"url\"><span class=\"avia-bullet\"><\/span><span class=\"avia-menu-text\">Membres Associ\u00e9s<\/span><span class=\"avia-menu-fx\"><span class=\"avia-arrow-wrap\"><span class=\"avia-arrow\"><\/span><\/span><\/span><\/a><\/li>\n<li id=\"menu-item-3452\" class=\"menu-item menu-item-type-post_type menu-item-object-page menu-item-top-level menu-item-top-level-7\"><a href=\"https:\/\/esc-sec.ca\/fr\/awards\/call-for-nominations\/\" itemprop=\"url\"><span class=\"avia-bullet\"><\/span><span class=\"avia-menu-text\">Les mises en candidature<\/span><span class=\"avia-menu-fx\"><span class=\"avia-arrow-wrap\"><span class=\"avia-arrow\"><\/span><\/span><\/span><\/a><\/li>\n<\/ul><\/div><\/div><div class='sticky_placeholder'><\/div><div id='after_submenu'  class='main_color av_default_container_wrap container_wrap sidebar_right' style=' '  ><div class='container' ><div class='template-page content  av-content-small alpha units'><div class='post-entry post-entry-type-page post-entry-295'><div class='entry-content-wrapper clearfix'>\n<div class=\"flex_column av_one_full  flex_column_div av-zero-column-padding first  avia-builder-el-2  el_after_av_submenu  el_before_av_hr  avia-builder-el-first  \" style='border-radius:0px; '><div  style='padding-bottom:10px; font-size:45px;' class='av-special-heading av-special-heading-h1  blockquote modern-quote  avia-builder-el-3  avia-builder-el-no-sibling  av-inherit-size '><h1 class='av-special-heading-tag '  itemprop=\"headline\"  >Soci\u00e9t\u00e9 d\u2019entomologie du Canada &#8211; Le Prix C. Gordon Hewitt <\/h1><div class='special-heading-border'><div class='special-heading-inner-border' ><\/div><\/div><\/div><\/div>\n<div  style='height:30px' class='hr hr-invisible   avia-builder-el-4  el_after_av_one_full  el_before_av_one_fourth '><span class='hr-inner ' ><span class='hr-inner-style'><\/span><\/span><\/div>\n<div class=\"flex_column av_one_fourth  flex_column_div av-zero-column-padding first  avia-builder-el-5  el_after_av_hr  el_before_av_three_fourth  \" style='border-radius:0px; '><div  class='avia-image-container  av-styling-    avia-builder-el-6  avia-builder-el-no-sibling  avia-align-center '  itemprop=\"image\" itemscope=\"itemscope\" itemtype=\"https:\/\/schema.org\/ImageObject\"  ><div class='avia-image-container-inner'><div class='avia-image-overlay-wrap'><img class='wp-image-9869 avia-img-lazy-loading-not-9869 avia_image' src='https:\/\/esc-sec.ca\/wp-content\/uploads\/2023\/10\/7-Hewitt-Award_Mori-300x205.jpg' alt='' title='7 Hewitt-Award_Mori' height=\"205\" width=\"300\"  itemprop=\"thumbnailUrl\"  \/><\/div><\/div><\/div><\/div><div class=\"flex_column av_three_fourth  flex_column_div av-zero-column-padding   avia-builder-el-7  el_after_av_one_fourth  el_before_av_one_full  \" style='border-radius:0px; '><section class=\"av_textblock_section \"  itemscope=\"itemscope\" itemtype=\"https:\/\/schema.org\/CreativeWork\" ><div class='avia_textblock  '   itemprop=\"text\" ><p><strong>Boyd Mori<br \/>\n<\/strong><\/p>\n<p>Dr Boyd Mori est le laur\u00e9at 2023 du prix C. Gordon Hewitt de la Soci\u00e9t\u00e9 d\u2019entomologie du Canada. Ce prix est d\u00e9cern\u00e9 chaque ann\u00e9e \u00e0 une personne dont on juge qu\u2019elle a apport\u00e9 une contribution exceptionnelle \u00e0 l\u2019entomologie au Canada et qui a obtenu son doctorat au cours des 12 ann\u00e9es pr\u00e9c\u00e9dentes.<\/p>\n<p>Boyd Mori a obtenu son doctorat sous la direction de Maya Evenden en 2014 \u00e0 l&rsquo;Universit\u00e9 de l&rsquo;Alberta. Apr\u00e8s des s\u00e9jours \u00e0 l&rsquo;Universit\u00e9 su\u00e9doise des sciences agricoles (SLU), \u00e0 l&rsquo;Universit\u00e9 de l&rsquo;\u00c9tat de Washington et \u00e0 Agriculture et Agroalimentaire Canada \u00e0 Saskatoon, il a \u00e9t\u00e9 recrut\u00e9 de nouveau \u00e0 l&rsquo;Universit\u00e9 de l&rsquo;Alberta en 2019 en tant que professeur adjoint, o\u00f9 il est titulaire d&rsquo;une chaire de recherche industrielle du CRSNG en entomologie agricole. Dr Mori a 32 publications \u00e9valu\u00e9es par les pairs, dont 17 en tant que premier auteur ou auteur de correspondance, portant sur l&rsquo;\u00e9cologie chimique et la gestion int\u00e9gr\u00e9e des ravageurs du tr\u00e8fle, des fruits, du canola, du bl\u00e9 et du quinoa.<\/p>\n<p>Dr Mori est un fervent partisan de l&rsquo;enseignement et de la recherche en entomologie pour aider \u00e0 former la prochaine g\u00e9n\u00e9ration d&rsquo;entomologistes et d&rsquo;agronomes. Il a encadr\u00e9 des membres de la communaut\u00e9 \u00e9tudiante des cycles sup\u00e9rieurs \u00e0 SLU, \u00e0 l&rsquo;Universit\u00e9 de Guelph, \u00e0 l&rsquo;Universit\u00e9 de Saskatchewan et \u00e0 l&rsquo;Universit\u00e9 d&rsquo;Alberta. \u00c0 l&rsquo;Universit\u00e9 de l&rsquo;Alberta, Dr Mori a r\u00e9cemment \u00e9t\u00e9 r\u00e9compens\u00e9 en recevant deux prix d&rsquo;enseignement d\u00e9cern\u00e9s par la communaut\u00e9 \u00e9tudiante et des membres du personnel. Il est connu pour ses pr\u00e9sentations scientifiques et de vulgarisation attrayantes et a remport\u00e9 \u00e0 deux reprises le prix de la pr\u00e9sidence de la SEC pour les pr\u00e9sentations \u00e9tudiantes.<\/p>\n<p>Dr Mori a occup\u00e9 de multiples fonctions, notamment au sein du Comit\u00e9 des affaires \u00e9tudiantes et de d\u00e9but de carri\u00e8re, du Comit\u00e9 de l&rsquo;\u00e9quit\u00e9, de la diversit\u00e9 et de l&rsquo;inclusion et du Comit\u00e9 de l\u2019adh\u00e9sion de la SEC, en tant qu&rsquo;Administrateur r\u00e9gional et repr\u00e9sentant des membres aux \u00e9tudes de la SEC, et en tant que vice-pr\u00e9sident de la Soci\u00e9t\u00e9 entomologie de l&rsquo;Alberta (actuellement).<\/p>\n<p>Au niveau international, le Dr Mori a \u00e9t\u00e9 reconnu pour ses contributions \u00e0 l&rsquo;entomologie par la branche internationale de la Soci\u00e9t\u00e9 entomologie d&rsquo;Am\u00e9rique (Early Career Research and Leadership Award, 2018) et la Soci\u00e9t\u00e9 d&rsquo;entomologie royale (Fellow, 2022).<\/p>\n<\/div><\/section><\/div><div class=\"flex_column av_one_full  flex_column_div av-zero-column-padding first  avia-builder-el-9  el_after_av_three_fourth  el_before_av_hr  column-top-margin\" style='border-radius:0px; '><p><div  style='padding-bottom:10px; ' class='av-special-heading av-special-heading-h2    avia-builder-el-10  el_before_av_textblock  avia-builder-el-first  '><h2 class='av-special-heading-tag '  itemprop=\"headline\"  >Les r\u00e9cipiendaires<\/h2><div class='special-heading-border'><div class='special-heading-inner-border' ><\/div><\/div><\/div><br \/>\n<section class=\"av_textblock_section \"  itemscope=\"itemscope\" itemtype=\"https:\/\/schema.org\/CreativeWork\" ><div class='avia_textblock  '   itemprop=\"text\" ><div style=\"width: 30%; padding: 0 10pt 0 50pt; float: left;\">1975 \u00a0 R.P. Bodnaryk<br \/>\n1976 \u00a0 B.S. Heming<br \/>\n1977 \u00a0 J.H. Borden<br \/>\n1978 \u00a0 S.B. Mciver<br \/>\n1979 \u00a0 J.N. Mcneil<br \/>\n1980 \u00a0 H.V. Danks<br \/>\n1981 \u00a0 G.H. Gerber<br \/>\n1982 \u00a0 S.S. Tobe<br \/>\n1983 \u00a0 No Award<br \/>\n1984 \u00a0 No Award<br \/>\n1985 \u00a0 M.L. Winston<br \/>\n1986 \u00a0 No Award<br \/>\n1987 \u00a0 No Award<br \/>\n1988 \u00a0 G. Boivin<br \/>\n1989 \u00a0 S.A. Marshall<br \/>\n1990 \u00a0 B. Roitberg<\/div>\n<div style=\"width: 30%; padding: 0 10pt 0 60pt; float: left;\">1991 \u00a0 M. Isman<br \/>\n1992 \u00a0 D.L. Johnson<br \/>\n1993 \u00a0 S.M. Smith<br \/>\n1994 \u00a0 D.T.W. Quiring<br \/>\n1995 \u00a0 D. Langor<br \/>\n1996 \u00a0 T.J. Lysyk<br \/>\n1997 \u00a0 J. Brodeur<br \/>\n1998 \u00a0 No Award<br \/>\n1999 \u00a0 T. Wheeler<br \/>\n2000 \u00a0 K.D. Floate<br \/>\n2001 \u00a0 R.S. Bourchier<br \/>\n2002 \u00a0 No Award<br \/>\n2003 \u00a0 H. Proctor<br \/>\n2004 \u00a0 No Award<br \/>\n2005 \u00a0 D. Hegedus<br \/>\n2006 \u00a0 C. Buddle<\/div>\n<div style=\"width: 30%; padding: 0 10pt 0 0; float: right;\">2007 \u00a0 M. Evenden<br \/>\n2008 \u00a0 No Award<br \/>\n2009 \u00a0 S. Van Laerhoven<br \/>\n2010 \u00a0 D. Huber<br \/>\n2011 \u00a0 K. Hillier<br \/>\n2012 \u00a0 B.J. Sinclair<br \/>\n2013 \u00a0 C. Cutler<br \/>\n2014 \u00a0 Patrice Bouchard<br \/>\n2015 \u00a0 Cory Sheffield<br \/>\n2016 \u00a0 Amro Zayed<br \/>\n2017\u00a0 \u00a0Tara Gariepy<br \/>\n2018 \u00a0 Rob Johns<br \/>\n2019 \u00a0 Zoe Lindo<br \/>\n2020 \u00a0 No Award<br \/>\n2021\u00a0 Sheila Colla<br \/>\n2022\u00a0 Paul Abram<\/div>\n<\/div><\/section><br \/>\n<div  style='height:25px' class='hr hr-invisible   avia-builder-el-12  el_after_av_textblock  el_before_av_heading '><span class='hr-inner ' ><span class='hr-inner-style'><\/span><\/span><\/div><br \/>\n<div  style='padding-bottom:10px; ' class='av-special-heading av-special-heading-h2    avia-builder-el-13  el_after_av_hr  el_before_av_textblock  '><h2 class='av-special-heading-tag '  itemprop=\"headline\"  >R\u00e8gles<\/h2><div class='special-heading-border'><div class='special-heading-inner-border' ><\/div><\/div><\/div><br \/>\n<section class=\"av_textblock_section \"  itemscope=\"itemscope\" itemtype=\"https:\/\/schema.org\/CreativeWork\" ><div class='avia_textblock  '   itemprop=\"text\" ><p>Le Prix C. Gordon Hewitt (ci apr\u00e8s appel\u00e9 Prix Hewitt) est d\u00e9cern\u00e9 chaque ann\u00e9e par la Soci\u00e9t\u00e9, sauf si le Comit\u00e9 des prix d\u2019excellence ou le Conseil d\u2019administration juge qu\u2019aucun prix ne doit \u00eatre d\u00e9cern\u00e9.<\/p>\n<p>Les candidats\/candidates au prix C. Gordon Hewitt doivent avoir d\u00e9fendu avec succ\u00e8s leur th\u00e8se de doctorat au cours des 12 ann\u00e9es se terminant le 31 d\u00e9cembre de l&rsquo;ann\u00e9e o\u00f9 le prix est re\u00e7u. La p\u00e9riode de 12 ans n&rsquo;inclut pas les cong\u00e9s parentaux, de compassion et m\u00e9dicaux mais ces p\u00e9riodes doivent \u00eatre identifi\u00e9es dans la lettre de mise en candidature.<\/p>\n<p>Il doit \u00eatre d\u00e9termin\u00e9 que les r\u00e9cipiendaires ont apport\u00e9 une contribution exceptionnelle au domaine de l\u2019entomologie au Canada sur la base non seulement de leurs comp\u00e9tences d\u00e9montr\u00e9es, mais aussi du respect d\u2019au moins une des conditions suivantes :<\/p>\n<div id=\"unordlist\">\n<ul>\n<li>ex\u00e9cution de recherches de qualit\u00e9 sup\u00e9rieure, soit individuellement, soit avec des collaborateurs, dans le domaine de l\u2019entomologie ou dans un domaine connexe dans lequel les r\u00e9sultats obtenus ont d&rsquo;importantes r\u00e9percussions pour l&rsquo;entomologie au Canada;<\/li>\n<li>contribution m\u00e9ritoire \u00e0 l&rsquo;avancement des connaissances en entomologie ou \u00e0 la litt\u00e9rature entomologique, qu&rsquo;elle soit bas\u00e9e ou non sur la recherche originale men\u00e9e par le r\u00e9cipiendaire et que la documentation soit ou non principalement d\u2019origine canadienne, pour autant qu\u2019il soit d\u00e9montr\u00e9 clairement que cette contribution est d\u2019origine canadienne;<\/li>\n<li>engagement d\u00e9vou\u00e9 et fructueux en mati\u00e8re d\u2019\u00e9ducation \u00e0 l\u2019entomologie au Canada;<\/li>\n<li>application pratique exceptionnelle d\u2019un savoir faire scientifique ou technique b\u00e9n\u00e9ficiant au domaine de l\u2019entomologie au Canada;<\/li>\n<li>contributions sp\u00e9ciales dans les secteurs des services conseils, de la vulgarisation, de l\u2019industrie ou des relations publiques li\u00e9s ou b\u00e9n\u00e9ficiant \u00e0 l\u2019entomologie au Canada;<\/li>\n<li>poursuite d\u2019activit\u00e9s administratives qui ont favoris\u00e9 les r\u00e9alisations d\u2019autres personnes ou le progr\u00e8s g\u00e9n\u00e9ral des connaissances entomologiques ou du prestige de l\u2019entomologie au Canada;<\/li>\n<li>\u00e9tats de service de longue dur\u00e9e et m\u00e9ritoires au sein de la Soci\u00e9t\u00e9 ou d\u2019une de ses soci\u00e9t\u00e9s affili\u00e9es.<\/li>\n<\/ul>\n<\/div>\n<p>Un seul Prix Hewitt est d\u00e9cern\u00e9 chaque ann\u00e9e. Toutefois, lorsque les circonstances le justifient, plusieurs personnes peuvent \u00eatre mentionn\u00e9e en lien avec ce prix.<\/p>\n<p>Il n&rsquo;est pas n\u00e9cessaire que les r\u00e9cipiendaires des prix soient membres de la Soci\u00e9t\u00e9, ni qu&rsquo;ils soient domicili\u00e9s au Canada, en autant que leur contribution ait, ou ait eu, un impact important sur l&rsquo;entomologie au Canada.<\/p>\n<p>Ce prix peut \u00eatre remis \u00e0 plus d\u2019une occasion au m\u00eame individu, ou groupe d\u2019individus, mais seulement pour des contributions diff\u00e9rentes \u00e0 l\u2019entomologie au Canada.<\/p>\n<\/div><\/section><\/p><\/div><div  style='height:25px' class='hr hr-invisible   avia-builder-el-15  el_after_av_one_full  el_before_av_hr '><span class='hr-inner ' ><span class='hr-inner-style'><\/span><\/span><\/div><\/p>\n<div  style='height:25px' class='hr hr-invisible   avia-builder-el-16  el_after_av_hr  avia-builder-el-last '><span class='hr-inner ' ><span class='hr-inner-style'><\/span><\/span><\/div>\n","protected":false},"excerpt":{"rendered":"","protected":false},"author":1,"featured_media":0,"parent":2352,"menu_order":20,"comment_status":"closed","ping_status":"closed","template":"","meta":{"footnotes":""},"class_list":["post-295","page","type-page","status-publish","hentry"],"jetpack_sharing_enabled":true,"_links":{"self":[{"href":"https:\/\/esc-sec.ca\/fr\/wp-json\/wp\/v2\/pages\/295","targetHints":{"allow":["GET"]}}],"collection":[{"href":"https:\/\/esc-sec.ca\/fr\/wp-json\/wp\/v2\/pages"}],"about":[{"href":"https:\/\/esc-sec.ca\/fr\/wp-json\/wp\/v2\/types\/page"}],"author":[{"embeddable":true,"href":"https:\/\/esc-sec.ca\/fr\/wp-json\/wp\/v2\/users\/1"}],"replies":[{"embeddable":true,"href":"https:\/\/esc-sec.ca\/fr\/wp-json\/wp\/v2\/comments?post=295"}],"version-history":[{"count":14,"href":"https:\/\/esc-sec.ca\/fr\/wp-json\/wp\/v2\/pages\/295\/revisions"}],"predecessor-version":[{"id":9871,"href":"https:\/\/esc-sec.ca\/fr\/wp-json\/wp\/v2\/pages\/295\/revisions\/9871"}],"up":[{"embeddable":true,"href":"https:\/\/esc-sec.ca\/fr\/wp-json\/wp\/v2\/pages\/2352"}],"wp:attachment":[{"href":"https:\/\/esc-sec.ca\/fr\/wp-json\/wp\/v2\/media?parent=295"}],"curies":[{"name":"wp","href":"https:\/\/api.w.org\/{rel}","templated":true}]}}