{"id":270,"date":"2017-01-17T22:16:28","date_gmt":"2017-01-17T22:16:28","guid":{"rendered":"http:\/\/esc-sec.ca\/wp\/gold-medal\/"},"modified":"2023-10-27T18:02:50","modified_gmt":"2023-10-27T18:02:50","slug":"medaille-dor","status":"publish","type":"page","link":"https:\/\/esc-sec.ca\/fr\/awards\/medaille-dor\/","title":{"rendered":"M\u00e9daille d&rsquo;or"},"content":{"rendered":"<div id='av_section_1'  class='avia-section main_color avia-section-default avia-no-shadow  avia-bg-style-scroll  avia-builder-el-0  el_before_av_submenu  avia-builder-el-first   container_wrap sidebar_right' style='background-color: #9cbfc1;  '  ><div class='container' ><main  role=\"main\" itemprop=\"mainContentOfPage\"  class='template-page content  av-content-small alpha units'><div class='post-entry post-entry-type-page post-entry-270'><div class='entry-content-wrapper clearfix'>\n<\/div><\/div><\/main><!-- close content main element --><\/div><\/div><div class='clear'><\/div><div id='sub_menu1'  class='av-submenu-container main_color  avia-builder-el-1  el_after_av_section  el_before_av_one_full  av-sticky-submenu  submenu-not-first container_wrap sidebar_right' style='  z-index:301' ><div class='container av-menu-mobile-disabled '><ul id=\"menu-sub-menu-awards-french\" class=\"av-subnav-menu av-submenu-pos-center\"><li id=\"menu-item-3446\" class=\"menu-item menu-item-type-post_type menu-item-object-page menu-item-top-level menu-item-top-level-1\"><a href=\"https:\/\/esc-sec.ca\/fr\/awards\/medaille-dor\/\" itemprop=\"url\"><span class=\"avia-bullet\"><\/span><span class=\"avia-menu-text\">M\u00e9daille d&rsquo;or<\/span><span class=\"avia-menu-fx\"><span class=\"avia-arrow-wrap\"><span class=\"avia-arrow\"><\/span><\/span><\/span><\/a><\/li>\n<li id=\"menu-item-3447\" class=\"menu-item menu-item-type-post_type menu-item-object-page menu-item-top-level menu-item-top-level-2\"><a href=\"https:\/\/esc-sec.ca\/fr\/awards\/c-gordon-hewitt\/\" itemprop=\"url\"><span class=\"avia-bullet\"><\/span><span class=\"avia-menu-text\">C. Gordon Hewitt<\/span><span class=\"avia-menu-fx\"><span class=\"avia-arrow-wrap\"><span class=\"avia-arrow\"><\/span><\/span><\/span><\/a><\/li>\n<li id=\"menu-item-3448\" class=\"menu-item menu-item-type-post_type menu-item-object-page menu-item-top-level menu-item-top-level-3\"><a href=\"https:\/\/esc-sec.ca\/fr\/awards\/criddle\/\" itemprop=\"url\"><span class=\"avia-bullet\"><\/span><span class=\"avia-menu-text\">Norman Criddle<\/span><span class=\"avia-menu-fx\"><span class=\"avia-arrow-wrap\"><span class=\"avia-arrow\"><\/span><\/span><\/span><\/a><\/li>\n<li id=\"menu-item-3449\" class=\"menu-item menu-item-type-post_type menu-item-object-page menu-item-top-level menu-item-top-level-4\"><a href=\"https:\/\/esc-sec.ca\/fr\/awards\/bert-john-carr-award\/\" itemprop=\"url\"><span class=\"avia-bullet\"><\/span><span class=\"avia-menu-text\">Bert et John Carr<\/span><span class=\"avia-menu-fx\"><span class=\"avia-arrow-wrap\"><span class=\"avia-arrow\"><\/span><\/span><\/span><\/a><\/li>\n<li id=\"menu-item-3450\" class=\"menu-item menu-item-type-post_type menu-item-object-page menu-item-top-level menu-item-top-level-5\"><a href=\"https:\/\/esc-sec.ca\/fr\/awards\/membres-honoraires\/\" itemprop=\"url\"><span class=\"avia-bullet\"><\/span><span class=\"avia-menu-text\">Membres Honoraires<\/span><span class=\"avia-menu-fx\"><span class=\"avia-arrow-wrap\"><span class=\"avia-arrow\"><\/span><\/span><\/span><\/a><\/li>\n<li id=\"menu-item-3451\" class=\"menu-item menu-item-type-post_type menu-item-object-page menu-item-top-level menu-item-top-level-6\"><a href=\"https:\/\/esc-sec.ca\/fr\/awards\/associes\/\" itemprop=\"url\"><span class=\"avia-bullet\"><\/span><span class=\"avia-menu-text\">Membres Associ\u00e9s<\/span><span class=\"avia-menu-fx\"><span class=\"avia-arrow-wrap\"><span class=\"avia-arrow\"><\/span><\/span><\/span><\/a><\/li>\n<li id=\"menu-item-3452\" class=\"menu-item menu-item-type-post_type menu-item-object-page menu-item-top-level menu-item-top-level-7\"><a href=\"https:\/\/esc-sec.ca\/fr\/awards\/call-for-nominations\/\" itemprop=\"url\"><span class=\"avia-bullet\"><\/span><span class=\"avia-menu-text\">Les mises en candidature<\/span><span class=\"avia-menu-fx\"><span class=\"avia-arrow-wrap\"><span class=\"avia-arrow\"><\/span><\/span><\/span><\/a><\/li>\n<\/ul><\/div><\/div><div class='sticky_placeholder'><\/div><div id='after_submenu'  class='main_color av_default_container_wrap container_wrap sidebar_right' style=' '  ><div class='container' ><div class='template-page content  av-content-small alpha units'><div class='post-entry post-entry-type-page post-entry-270'><div class='entry-content-wrapper clearfix'>\n<div class=\"flex_column av_one_full  flex_column_div av-zero-column-padding first  avia-builder-el-2  el_after_av_submenu  el_before_av_hr  avia-builder-el-first  \" style='border-radius:0px; '><div  style='padding-bottom:10px; font-size:45px;' class='av-special-heading av-special-heading-h1  blockquote modern-quote  avia-builder-el-3  avia-builder-el-no-sibling  av-inherit-size '><h1 class='av-special-heading-tag '  itemprop=\"headline\"  >Soci\u00e9t\u00e9 d\u2018entomologie du Canada &#8211; M\u00e9daille d\u2019or<\/h1><div class='special-heading-border'><div class='special-heading-inner-border' ><\/div><\/div><\/div><\/div>\n<div  style='height:30px' class='hr hr-invisible   avia-builder-el-4  el_after_av_one_full  el_before_av_one_fourth '><span class='hr-inner ' ><span class='hr-inner-style'><\/span><\/span><\/div>\n<div class=\"flex_column av_one_fourth  flex_column_div av-zero-column-padding first  avia-builder-el-5  el_after_av_hr  el_before_av_three_fourth  \" style='border-radius:0px; '><div  class='avia-image-container  av-styling-    avia-builder-el-6  avia-builder-el-no-sibling  avia-align-center '  itemprop=\"image\" itemscope=\"itemscope\" itemtype=\"https:\/\/schema.org\/ImageObject\"  ><div class='avia-image-container-inner'><div class='avia-image-overlay-wrap'><img class='wp-image-9864 avia-img-lazy-loading-not-9864 avia_image' src='https:\/\/esc-sec.ca\/wp-content\/uploads\/2023\/10\/7-Gold-Medal-Award_Evenden.jpg' alt='' title='7 Gold-Medal-Award_Evenden' height=\"1000\" width=\"1000\"  itemprop=\"thumbnailUrl\"  \/><\/div><\/div><\/div><\/div><div class=\"flex_column av_three_fourth  flex_column_div av-zero-column-padding   avia-builder-el-7  el_after_av_one_fourth  el_before_av_one_full  \" style='border-radius:0px; '><section class=\"av_textblock_section \"  itemscope=\"itemscope\" itemtype=\"https:\/\/schema.org\/CreativeWork\" ><div class='avia_textblock  '   itemprop=\"text\" ><p><strong>M\u00e9daille d\u2019or 2023<\/strong><\/p>\n<p><strong>Maya Eveden<br \/>\n<\/strong><\/p>\n<p>La m\u00e9daille d\u2019or de la SEC reconna\u00eet les r\u00e9alisations exceptionnelles en entomologie canadienne. La r\u00e9cipiendaire de la m\u00e9daille d\u2019or de la SEC 2023 est Dre Maya Evenenden, professeure \u00e0 l\u2019Universit\u00e9 dAlberta.<\/p>\n<p>Maya Evenden est professeure \u00e0 l&rsquo;Universit\u00e9 d&rsquo;Alberta depuis 2003. Auparavant, elle a obtenu son doctorat \u00e0 l&rsquo;Universit\u00e9 Simon Fraser (1998) et a travaill\u00e9 \u00e0 l&rsquo;Universit\u00e9 du Kentucky et \u00e0 l&rsquo;Universit\u00e9 West Chester (Pennsylvanie). Elle est l&rsquo;auteure de 112 publications \u00e9valu\u00e9es par des pairs, dont 89 en tant que premi\u00e8re ou derni\u00e8re auteure, portant notamment sur l&rsquo;\u00e9cologie chimique des insectes ravageurs. Ses recherches contribuent aux connaissances sur les interactions intrasp\u00e9cifiques (ph\u00e9romones) et intersp\u00e9cifiques \u00e0 plusieurs niveaux trophiques. Elle et son \u00e9quipe appliquent les connaissances acquises dans le laboratoire \u00e0 des applications dans la gestion des ravageurs tels que la confusion sexuelle, les attracticides et la surveillance bas\u00e9e sur les ph\u00e9romones.<\/p>\n<p>Dre Evenden a cr\u00e9\u00e9 un MOOC tr\u00e8s populaire, Bugs 101, qui a d\u00e9j\u00e0 \u00e9t\u00e9 suivi par plus de 40 000 apprenants de 130 pays au cours des quatre ann\u00e9es qui ont suivi sa mise en ligne. Pour cette entreprise, elle a re\u00e7u le prix de communication scientifique de la Soci\u00e9t\u00e9 entomologie d&rsquo;Am\u00e9rique (2022) et le prix de l&rsquo;enseignement \u00e0 distance de l&rsquo;Universit\u00e9 d&rsquo;Alberta (2021). Elle a \u00e9galement \u00e9t\u00e9 r\u00e9compens\u00e9e par son employeur par un Prix de mentorat des \u00e9tudes sup\u00e9rieures (2022), ayant supervis\u00e9 30 personnes de la communaut\u00e9 \u00e9tudiantes des cycles sup\u00e9rieurs. La Soci\u00e9t\u00e9 d&rsquo;entomologie du Canada lui a d\u00e9cern\u00e9 le prix C. Gordon Hewitt (2007).<\/p>\n<p>Dre Evenden a servi ses soci\u00e9t\u00e9s professionnelles au plus haut niveau, agissant en tant que pr\u00e9sidente des Soci\u00e9t\u00e9s d&rsquo;entomologie de l&rsquo;Alberta (2006) et du Canada (2010), ainsi que de la branche internationale de la Soci\u00e9t\u00e9 entomologie d&rsquo;Am\u00e9rique (2017).<\/p>\n<\/div><\/section><\/div><div class=\"flex_column av_one_full  flex_column_div av-zero-column-padding first  avia-builder-el-9  el_after_av_three_fourth  avia-builder-el-last  column-top-margin\" style='border-radius:0px; '><p><div  style='padding-bottom:10px; ' class='av-special-heading av-special-heading-h2    avia-builder-el-10  el_before_av_textblock  avia-builder-el-first  '><h2 class='av-special-heading-tag '  itemprop=\"headline\"  >Les r\u00e9cipiendaires<\/h2><div class='special-heading-border'><div class='special-heading-inner-border' ><\/div><\/div><\/div><br \/>\n<section class=\"av_textblock_section \"  itemscope=\"itemscope\" itemtype=\"https:\/\/schema.org\/CreativeWork\" ><div class='avia_textblock  '   itemprop=\"text\" ><p>1963 \u00a0 A.W.A. Brown<br \/>\n1964 \u00a0 R. Glen<br \/>\n1965 \u00a0 M.L. Prebble<br \/>\n1966 \u00a0 C.W. Farstad<br \/>\n1967 \u00a0 B.N. Smallman<br \/>\n1968 \u00a0 W.G. Wellington<br \/>\n1969 \u00a0 K.E.F. Watt<br \/>\n1970 \u00a0 C.S. Holling<br \/>\n1971 \u00a0 J.G. Rempel<br \/>\n1972 \u00a0 R.W. Salt<br \/>\n1973 \u00a0 B. Hocking<br \/>\n1974 \u00a0 P.S. Corbet<br \/>\n1975 \u00a0 G.G.E. Scudder<br \/>\n1976 \u00a0 B.P. Beirne<br \/>\n1977 \u00a0 J.A. Downes<br \/>\n1978 \u00a0 R.W. Stark<br \/>\n1979 \u00a0 G.P. Holland<br \/>\n1980 \u00a0 G.E. Ball<br \/>\n1982 \u00a0 E.G. Munroe<br \/>\n1983 \u00a0 F.L. McEwen<br \/>\n1984 \u00a0 K.G. Davey<br \/>\n1985 \u00a0 R.N. Sinha<br \/>\n1986 \u00a0 E.J. Leroux<br \/>\n1987 \u00a0 J.N. McNeil<br \/>\n1988 \u00a0 J.H. Borden<br \/>\n1989 \u00a0 M. Mackauer<br \/>\n1990 \u00a0 S. Tobe<br \/>\n1991 \u00a0 R.G.H. Downer<br \/>\n1992 \u00a0 G.B. Wiggins<br \/>\n1993 \u00a0 (No Award)<br \/>\n1994 \u00a0 T. Royama<br \/>\n1995 \u00a0 R.A. Brust<br \/>\n1996 \u00a0 J. Kukalova-Peck<br \/>\n1997 \u00a0 P. Harris<br \/>\n1998 \u00a0 D.M. Rosenberg<br \/>\n1999 \u00a0 L. Masner<br \/>\n2001 \u00a0 J. R. Spence<br \/>\n2002 \u00a0 R.J. Lamb<br \/>\n2003 \u00a0 H. Danks<br \/>\n2004 \u00a0 J. Myers<br \/>\n2005 \u00a0 P. Kevan<br \/>\n2006 \u00a0 R. Ring<br \/>\n2007 \u00a0 C. Gillott<br \/>\n2008 \u00a0 B. Roitberg<br \/>\n2009 \u00a0 N. Holliday<br \/>\n2010 \u00a0 C. Vincent (<a href=\"http:\/\/esc-sec.ca\/wp\/wp-content\/uploads\/2017\/01\/gold_medal_charles_vincent.pdf\">pdf<\/a>)<br \/>\n2011 \u00a0 M. Isman<br \/>\n2012 \u00a0 F.A.H. Sperling<br \/>\n2013 \u00a0 S.A. Marshall<br \/>\n2014 \u00a0 David R. Gillespie<br \/>\n2015 \u00a0 Jon Sweeney<br \/>\n2016 \u00a0 Guy Boivin<br \/>\n2017\u00a0 \u00a0Gerhard Gries<br \/>\n2018\u00a0\u00a0 Jacques Brodeur<br \/>\n2019\u00a0\u00a0 Peter Mason<br \/>\n2020\u00a0 Michel Cusson<br \/>\n2021 \u00a0 Gail Anderson<br \/>\n2022\u00a0 Donna Giberson<\/p>\n<\/div><\/section><br \/>\n<div  style='height:25px' class='hr hr-invisible   avia-builder-el-12  el_after_av_textblock  el_before_av_heading '><span class='hr-inner ' ><span class='hr-inner-style'><\/span><\/span><\/div><br \/>\n<div  style='padding-bottom:10px; ' class='av-special-heading av-special-heading-h2    avia-builder-el-13  el_after_av_hr  el_before_av_textblock  '><h2 class='av-special-heading-tag '  itemprop=\"headline\"  >R\u00e8gles<\/h2><div class='special-heading-border'><div class='special-heading-inner-border' ><\/div><\/div><\/div><br \/>\n<section class=\"av_textblock_section \"  itemscope=\"itemscope\" itemtype=\"https:\/\/schema.org\/CreativeWork\" ><div class='avia_textblock  '   itemprop=\"text\" ><p>La m\u00e9daille d\u2019or de la Soci\u00e9t\u00e9 d\u2019entomologie du Canada soulignant une contribution exceptionnelle \u00e0 l\u2019avancement de l\u2019entomologie au Canada est d\u00e9cern\u00e9e chaque ann\u00e9e par la Soci\u00e9t\u00e9, sauf si le Comit\u00e9 des prix d\u2019excellence ou le Conseil d\u2019administration juge qu\u2019aucun prix de doit \u00eatre d\u00e9cern\u00e9.<\/p>\n<p>Il doit \u00eatre d\u00e9termin\u00e9 que les r\u00e9cipiendaires ont apport\u00e9 une contribution exceptionnelle au domaine de l\u2019entomologie au Canada sur la base non seulement de leurs comp\u00e9tences d\u00e9montr\u00e9es, mais aussi du respect d\u2019au moins une des conditions suivantes :<\/p>\n<ul>\n<li>ex\u00e9cution de recherches de qualit\u00e9 sup\u00e9rieure, soit individuellement, soit avec des collaborateurs, dans le domaine de l\u2019entomologie ou dans un domaine connexe dans lequel les r\u00e9sultats obtenus ont d&rsquo;importantes r\u00e9percussions pour l&rsquo;entomologie au Canada;<\/li>\n<li>contribution m\u00e9ritoire \u00e0 l&rsquo;avancement des connaissances en entomologie ou \u00e0 la litt\u00e9rature entomologique, qu&rsquo;elle soit bas\u00e9e ou non sur la recherche originale men\u00e9e par le r\u00e9cipiendaire et que la documentation soit ou non principalement d\u2019origine canadienne, pour autant qu\u2019il soit d\u00e9montr\u00e9 clairement que cette contribution est d\u2019origine canadienne;<\/li>\n<li>engagement d\u00e9vou\u00e9 et fructueux en mati\u00e8re d\u2019\u00e9ducation \u00e0 l\u2019entomologie au Canada;<\/li>\n<li>application pratique exceptionnelle d\u2019un savoir faire scientifique ou technique b\u00e9n\u00e9ficiant au domaine de l\u2019entomologie au Canada;<\/li>\n<li>contributions sp\u00e9ciales dans les secteurs des services conseils, de la vulgarisation, de l\u2019industrie ou des relations publiques li\u00e9s ou b\u00e9n\u00e9ficiant \u00e0 l\u2019entomologie au Canada;<\/li>\n<li>poursuite d\u2019activit\u00e9s administratives qui ont favoris\u00e9 les r\u00e9alisations d\u2019autres personnes ou le progr\u00e8s g\u00e9n\u00e9ral des connaissances entomologiques ou du prestige de l\u2019entomologie au Canada;<\/li>\n<li>\u00e9tats de service de longue dur\u00e9e et m\u00e9ritoires au sein de la Soci\u00e9t\u00e9 ou d\u2019une de ses soci\u00e9t\u00e9s affili\u00e9es.<\/li>\n<\/ul>\n<p>Une seule M\u00e9daille d&rsquo;or est d\u00e9cern\u00e9e chaque ann\u00e9e. Toutefois, lorsque les circonstances le justifient, plusieurs personnes peuvent \u00eatre mentionn\u00e9es en lien avec ce prix.<\/p>\n<p>Il n&rsquo;est pas n\u00e9cessaire que les r\u00e9cipiendaires des prix soient membres de la Soci\u00e9t\u00e9, ni qu&rsquo;ils soient domicili\u00e9s au Canada, pour autant que leur contribution ait, ou ait eu, un impact important sur l&rsquo;entomologie au Canada.<\/p>\n<p>Ce prix peut \u00eatre remis \u00e0 plus d\u2019une occasion au m\u00eame individu, ou groupe d\u2019individus, mais seulement pour des contributions diff\u00e9rentes \u00e0 l\u2019entomologie au Canada.<\/p>\n<\/div><\/section><\/p><\/div><\/p>\n","protected":false},"excerpt":{"rendered":"","protected":false},"author":1,"featured_media":0,"parent":2352,"menu_order":10,"comment_status":"closed","ping_status":"closed","template":"","meta":{"footnotes":""},"class_list":["post-270","page","type-page","status-publish","hentry"],"jetpack_sharing_enabled":true,"_links":{"self":[{"href":"https:\/\/esc-sec.ca\/fr\/wp-json\/wp\/v2\/pages\/270","targetHints":{"allow":["GET"]}}],"collection":[{"href":"https:\/\/esc-sec.ca\/fr\/wp-json\/wp\/v2\/pages"}],"about":[{"href":"https:\/\/esc-sec.ca\/fr\/wp-json\/wp\/v2\/types\/page"}],"author":[{"embeddable":true,"href":"https:\/\/esc-sec.ca\/fr\/wp-json\/wp\/v2\/users\/1"}],"replies":[{"embeddable":true,"href":"https:\/\/esc-sec.ca\/fr\/wp-json\/wp\/v2\/comments?post=270"}],"version-history":[{"count":17,"href":"https:\/\/esc-sec.ca\/fr\/wp-json\/wp\/v2\/pages\/270\/revisions"}],"predecessor-version":[{"id":7042,"href":"https:\/\/esc-sec.ca\/fr\/wp-json\/wp\/v2\/pages\/270\/revisions\/7042"}],"up":[{"embeddable":true,"href":"https:\/\/esc-sec.ca\/fr\/wp-json\/wp\/v2\/pages\/2352"}],"wp:attachment":[{"href":"https:\/\/esc-sec.ca\/fr\/wp-json\/wp\/v2\/media?parent=270"}],"curies":[{"name":"wp","href":"https:\/\/api.w.org\/{rel}","templated":true}]}}