{"id":2368,"date":"2017-01-17T19:49:37","date_gmt":"2017-01-17T19:49:37","guid":{"rendered":"http:\/\/esc-sec.ca\/wp\/annual-meetings\/"},"modified":"2026-03-17T18:52:59","modified_gmt":"2026-03-17T18:52:59","slug":"annual-meetings-2","status":"publish","type":"page","link":"https:\/\/esc-sec.ca\/fr\/annual-meetings-2\/","title":{"rendered":"R\u00e9unions Annuelles"},"content":{"rendered":"<div id='av_section_1'  class='avia-section main_color avia-section-default avia-no-shadow  avia-bg-style-scroll  avia-builder-el-0  el_before_av_one_full  avia-builder-el-first   av-minimum-height av-minimum-height-custom  container_wrap sidebar_right' style='background-color: #9cbfc1; background-repeat: repeat-x; background-image: url(https:\/\/esc-sec.ca\/wp-content\/uploads\/2017\/01\/Cicindelinae_001.jpg);background-attachment: scroll; background-position: top center;  '  data-section-bg-repeat='repeat-x'><div class='container' style='height:100px'><main  role=\"main\" itemprop=\"mainContentOfPage\"  class='template-page content  av-content-small alpha units'><div class='post-entry post-entry-type-page post-entry-2368'><div class='entry-content-wrapper clearfix'><\/div><\/div><\/main><!-- close content main element --><\/div><\/div><div id='after_section_1'  class='main_color av_default_container_wrap container_wrap sidebar_right' style=' '  ><div class='container' ><div class='template-page content  av-content-small alpha units'><div class='post-entry post-entry-type-page post-entry-2368'><div class='entry-content-wrapper clearfix'>\n<div class=\"flex_column av_one_full  flex_column_div av-zero-column-padding first  avia-builder-el-1  el_after_av_section  el_before_av_one_full  avia-builder-el-first  \" style='border-radius:0px; '><div  style='padding-bottom:10px; font-size:45px;' class='av-special-heading av-special-heading-h1  blockquote modern-quote  avia-builder-el-2  avia-builder-el-no-sibling  av-inherit-size '><h1 class='av-special-heading-tag '  itemprop=\"headline\"  >R\u00e9unions annuelles conjointes de la Soci\u00e9t\u00e9 d\u2019entomologie du Canada<\/h1><div class='special-heading-border'><div class='special-heading-inner-border' ><\/div><\/div><\/div><\/div>\n<div class=\"flex_column av_one_full  flex_column_div av-zero-column-padding first  avia-builder-el-3  el_after_av_one_full  el_before_av_hr  column-top-margin\" style='border-radius:0px; '><section class=\"av_textblock_section \"  itemscope=\"itemscope\" itemtype=\"https:\/\/schema.org\/CreativeWork\" ><div class='avia_textblock  '   itemprop=\"text\" ><p style=\"text-align: center;\"><img loading=\"lazy\" decoding=\"async\" class=\"size-medium wp-image-10840 aligncenter\" src=\"https:\/\/esc-sec.ca\/wp-content\/uploads\/2026\/03\/JAM_Logo-286x300.jpg\" alt=\"\" width=\"286\" height=\"300\" srcset=\"https:\/\/esc-sec.ca\/wp-content\/uploads\/2026\/03\/JAM_Logo-286x300.jpg 286w, https:\/\/esc-sec.ca\/wp-content\/uploads\/2026\/03\/JAM_Logo-981x1030.jpg 981w, https:\/\/esc-sec.ca\/wp-content\/uploads\/2026\/03\/JAM_Logo-768x807.jpg 768w, https:\/\/esc-sec.ca\/wp-content\/uploads\/2026\/03\/JAM_Logo-1462x1536.jpg 1462w, https:\/\/esc-sec.ca\/wp-content\/uploads\/2026\/03\/JAM_Logo-1950x2048.jpg 1950w, https:\/\/esc-sec.ca\/wp-content\/uploads\/2026\/03\/JAM_Logo-1428x1500.jpg 1428w, https:\/\/esc-sec.ca\/wp-content\/uploads\/2026\/03\/JAM_Logo-671x705.jpg 671w\" sizes=\"auto, (max-width: 286px) 100vw, 286px\" \/><\/p>\n<p style=\"text-align: center;\"><a href=\"https:\/\/entsocmb.ca\/2026_JAM\/JAM.html\">Meeting Link<\/a><\/p>\n<\/div><\/section><\/div><div  style='height:40px' class='hr hr-invisible   avia-builder-el-5  el_after_av_one_full  el_before_av_heading '><span class='hr-inner ' ><span class='hr-inner-style'><\/span><\/span><\/div><\/p>\n<div  style='padding-bottom:10px; ' class='av-special-heading av-special-heading-h2    avia-builder-el-6  el_after_av_hr  el_before_av_toggle_container  '><h2 class='av-special-heading-tag '  itemprop=\"headline\"  >Code de conduite des r\u00e9unions de la Soci\u00e9t\u00e9 d\u2019entomologie du Canada<\/h2><div class='special-heading-border'><div class='special-heading-inner-border' ><\/div><\/div><\/div>\n<div   class=\"togglecontainer   toggle_close_all  avia-builder-el-7  el_after_av_heading  el_before_av_hr \" >\n<section class=\"av_toggle_section\"  itemscope=\"itemscope\" itemtype=\"https:\/\/schema.org\/CreativeWork\"  >    <div role=\"tablist\" class=\"single_toggle\" data-tags=\"{Tout} \"  >        <p data-fake-id=\"#toggle-id-1\" class=\"toggler \"  itemprop=\"headline\"    role=\"tab\" tabindex=\"0\" aria-controls=\"toggle-id-1\">voir ici<span class=\"toggle_icon\" >        <span class=\"vert_icon\"><\/span><span class=\"hor_icon\"><\/span><\/span><\/p>        <div id=\"toggle-id-1\" class=\"toggle_wrap \"   >            <div class=\"toggle_content invers-color \"  itemprop=\"text\"   ><p>Auteurs\u00a0: C. MacQuarrie, B Riel.<\/p>\n<p>Pr\u00e9ambule<\/p>\n<p>La r\u00e9daction de ce code de conduite a \u00e9t\u00e9 initi\u00e9e en 2018 \u00e0 la demande du conseil ex\u00e9cutif de la Soci\u00e9t\u00e9 d\u2019entomologie du Canada (SEC) et du Pr\u00e9sident de la SEC \u00e0 l\u2019\u00e9poque, Patrice Bouchard. Ce code de conduite a \u00e9t\u00e9 d\u00e9velopp\u00e9 apr\u00e8s la r\u00e9vision du code de conduite publi\u00e9 par la Soci\u00e9t\u00e9 canadienne d\u2019\u00e9cologie et d\u2019\u00e9volution, l\u2019union am\u00e9ricaine de g\u00e9ophysique, l\u2019Association am\u00e9ricaine pour l\u2019avancement de la science, la Soci\u00e9t\u00e9 d\u2019entomologie d\u2019Am\u00e9rique et le Congr\u00e8s international de conservation marine.<\/p>\n<p>Ce code de conduite sera utilis\u00e9 \u00e0 toutes les r\u00e9unions de la SEC, incluant les r\u00e9unions annuelles conjointes avec une soci\u00e9t\u00e9 d\u2019entomologie r\u00e9gionale affili\u00e9e et toute autre r\u00e9union que la SEC pourrait organiser ou appuyer. Pour les r\u00e9unions coorganis\u00e9es par des soci\u00e9t\u00e9s non affili\u00e9es, ce code de conduite sert de document de r\u00e9f\u00e9rence ou de mod\u00e8le pour un code de conduite conjoint \u00e0 \u00eatre d\u00e9velopp\u00e9 par la SEC en collaboration avec la soci\u00e9t\u00e9 non-affili\u00e9e qui organise la r\u00e9union. Si les organisateurs d\u2019une telle r\u00e9union ne d\u00e9veloppent pas de code de conduite, le pr\u00e9sent code de conduite sera utilis\u00e9.<\/p>\n<p>Histoire<\/p>\n<p>La premi\u00e8re \u00e9bauche de ce document a \u00e9t\u00e9 r\u00e9vis\u00e9e par Staffan Lindgren et Joanna Konopka en octobre 2018. Le conseil d\u2019administration de la SEC a r\u00e9vis\u00e9 une \u00e9bauche de ce code de conduite \u00e0 une r\u00e9union tenue en novembre 2018. Cette version a \u00e9t\u00e9 r\u00e9dig\u00e9e le 12 d\u00e9cembre 2018 et a \u00e9t\u00e9 approuv\u00e9e en principe par le CA en avril 2019. Elle a \u00e9t\u00e9 r\u00e9vis\u00e9e par l\u2019avocat de la SEC et des modifications mineures ont par la suite \u00e9t\u00e9 apport\u00e9es. La version finale a \u00e9t\u00e9 approuv\u00e9e par le CA de la SEC le 21 avril 2020 pour utilisation dans des r\u00e9unions futures de la SEC.<\/p>\n<p><strong>Code de conduite des r\u00e9unions de la Soci\u00e9t\u00e9 d\u2019entomologie du Canada<\/strong><\/p>\n<p>[Date d\u2019adoption du code\u00a0: 21 avril 2020]<\/p>\n<p><em>Note\u00a0: En cas de divergence entre les deux versions, la version anglaise pr\u00e9vaut.<\/em><\/p>\n<p>Ce code de conduite s\u2019applique \u00e0 toutes les r\u00e9unions et \u00e0 tous les \u00e9v\u00e9nements de la Soci\u00e9t\u00e9 d\u2019entomologie du Canada (SEC).<\/p>\n<p>En assistant \u00e0 toute r\u00e9union ou \u00e0 tout \u00e9v\u00e9nement de la SEC, vous acceptez de respecter ce code de conduite. Ce code s\u2019applique \u00e0 tous les participants, incluant, mais ne se limitant pas \u00e0\u00a0: l\u2019assistance, les conf\u00e9renciers, les invit\u00e9s, le personnel, les fournisseurs de service, les vendeurs et les commanditaires.<\/p>\n<p><u>Auteurs<\/u><\/p>\n<p>Tous les auteurs \u00e9num\u00e9r\u00e9s sur une pr\u00e9sentation ou un r\u00e9sum\u00e9 doivent \u00eatre en accord avec toute l\u2019information contenue dans la pr\u00e9sentation. Dans le cas contraire, la pr\u00e9sentation sera retir\u00e9e.<\/p>\n<p>La soumission d\u2019une pr\u00e9sentation \u00e0 une r\u00e9union annuelle conjointe de la SEC indique l\u2019intention d\u2019un des auteurs de la liste d\u2019assister \u00e0 la r\u00e9union. Des annulations r\u00e9p\u00e9t\u00e9es ou cons\u00e9cutives \u00e0 la derni\u00e8re minute pourraient amener le refus de soumissions futures.<\/p>\n<p><u>Photographie<\/u><\/p>\n<p>La SEC demande qu\u2019il n\u2019y ait pas de photographie ou de vid\u00e9ographie des pr\u00e9sentations ou affiches sans la permission explicite du pr\u00e9sentateur.<\/p>\n<p><u>Comportements attendus<\/u><\/p>\n<ul>\n<li>Traitez tous les autres participants avec gentillesse, respect et consid\u00e9ration.<\/li>\n<li>Communiquez ouvertement et avec respect avec les autres, et dans la langue de votre choix.<\/li>\n<li>Les attaques personnelles ne sont pas acceptables. On peut critiquer les id\u00e9es, mais pas les personnes.<\/li>\n<li>Pr\u00e9venez les organisateurs ou le personnel de la r\u00e9union si vous observez une situation dangereuse ou quelqu\u2019un en d\u00e9tresse.<\/li>\n<li>Respectez les r\u00e8gles et les politiques du site.<\/li>\n<\/ul>\n<p><u>Comportements inacceptables<\/u><\/p>\n<p>Les comportements violents ou discriminatoires ou le harc\u00e8lement sous quelque forme que ce soit ne seront pas tol\u00e9r\u00e9s. Par harc\u00e8lement, on entend le fait de tenir des propos ou d&rsquo;adopter un comportement vexatoire \u00e0 l&rsquo;encontre d&rsquo;une autre personne, qu\u2019on sait ou qu\u2019on devrait raisonnablement savoir qu&rsquo;ils sont importuns. Notez qu&rsquo;il est possible qu&rsquo;un seul incident, s&rsquo;il est suffisamment grave, constitue un harc\u00e8lement. Le harc\u00e8lement inclut, mais ne se limite pas \u00e0\u00a0: des gestes ou commentaires offensants (verbalement ou par \u00e9crit) li\u00e9s \u00e0 la race, l\u2019ascendance, le lieu d\u2019origine, la couleur, l\u2019origine ethnique, la citoyennet\u00e9, les croyances, le sexe, l\u2019orientation sexuelle, l\u2019identit\u00e9 de genre, l\u2019expression de genre, l\u2019\u00e2ge, le statut marital, le statut familial ou l\u2019invalidit\u00e9; l\u2019intimidation d\u00e9lib\u00e9r\u00e9e; la prise de photographie ou les enregistrements non d\u00e9sir\u00e9s; la perturbation soutenue des pr\u00e9sentations et \u00e9v\u00e9nements; ou toute forme d\u2019attention non d\u00e9sir\u00e9e, incluant des contacts physiques. Les participants auxquels sera demand\u00e9 de cesser les comportements de harc\u00e8lement devront s\u2019y conformer imm\u00e9diatement.<\/p>\n<p>D\u2019autres exemples de comportements inacceptables incluent\u00a0:<\/p>\n<ul>\n<li>Des abus physiques ou verbaux de tout participant.<\/li>\n<li>L\u2019utilisation d\u2019images sexuelles ou discriminatoires dans des endroits publics ou des pr\u00e9sentations.<\/li>\n<li>Des comportements d\u2019intimidation.<\/li>\n<li>Des repr\u00e9sailles en cas de d\u00e9nonciation de comportements inacceptables.<\/li>\n<\/ul>\n<p><u>Menace grave et imm\u00e9diate \u00e0 la s\u00e9curit\u00e9 personnelle ou publique<\/u><\/p>\n<p>Toute personne qui subit ou est t\u00e9moin d&rsquo;un comportement qui constitue une menace imm\u00e9diate pour la s\u00e9curit\u00e9 personnelle ou publique doit contacter les forces de l&rsquo;ordre locales (en appelant le 911) et avertir imm\u00e9diatement la s\u00e9curit\u00e9 du lieu.<\/p>\n<p><u>Signaler un comportement inacceptable<\/u><\/p>\n<p>Si vous faites l&rsquo;objet d&rsquo;un comportement inacceptable ou si vous avez \u00e9t\u00e9 t\u00e9moin d&rsquo;un tel comportement, veuillez en informer imm\u00e9diatement un d\u00e9fenseur du code de conduite. Les d\u00e9fenseurs du code de conduite porteront une identification afin de vous aider \u00e0 les identifier.<\/p>\n<p>Les notifications peuvent se faire sur place ou en envoyant un courriel \u00e0 [adresse courriel de notification<sup>1<\/sup>] ou en t\u00e9l\u00e9phonant au [num\u00e9ro de t\u00e9l\u00e9phone<a href=\"#_ftn1\" name=\"_ftnref1\">[1]<\/a>].<\/p>\n<p>Les signalements ne doivent jamais \u00eatre faits par le biais des m\u00e9dias sociaux afin de prot\u00e9ger la confidentialit\u00e9 et l&rsquo;\u00e9quit\u00e9 du processus de signalement et de garantir que les signalements sont re\u00e7us dans des d\u00e9lais rapides.<\/p>\n<p>Ind\u00e9pendamment du fait qu&rsquo;une notification soit faite, vous \u00eates encourag\u00e9s \u00e0 documenter par \u00e9crit le comportement inacceptable d\u00e8s que possible au cas o\u00f9 une enqu\u00eate plus approfondie serait n\u00e9cessaire.<\/p>\n<p><u>Enqu\u00eate de la SEC et r\u00e9ponse aux plaintes<\/u><\/p>\n<p>Les enqu\u00eates sur les comportements inacceptables pr\u00e9sum\u00e9s en vertu du pr\u00e9sent code de conduite rel\u00e8vent de la responsabilit\u00e9 d&rsquo;une personne ou d&rsquo;un comit\u00e9 nomm\u00e9 par le conseil d&rsquo;administration de la SEC.<\/p>\n<p>La personne charg\u00e9e de mener l&rsquo;enqu\u00eate peut \u00eatre interne ou externe \u00e0 l&rsquo;organisation. L&rsquo;enqu\u00eateur interrogera et recueillera des documents aupr\u00e8s de la personne qui aurait subi la violence ou le harc\u00e8lement, du ou des harceleurs pr\u00e9sum\u00e9s et de tout autre t\u00e9moin pertinent.<\/p>\n<p>Les informations fournies sur un incident ou une plainte ne seront pas divulgu\u00e9es, sauf si cela est n\u00e9cessaire pour enqu\u00eater sur la plainte ou l&rsquo;incident, pour prendre des mesures correctives ou si la loi l&rsquo;exige. Pendant la dur\u00e9e de l&rsquo;enqu\u00eate, la personne qui aurait subi un harc\u00e8lement, le ou les harceleurs pr\u00e9sum\u00e9s et les t\u00e9moins \u00e9ventuels ne doivent pas discuter de l&rsquo;incident ou de la plainte ou de l&rsquo;enqu\u00eate entre eux ou avec d&rsquo;autres membres de la SEC, sauf si cela est n\u00e9cessaire pour obtenir des conseils sur leurs droits.<\/p>\n<p>En fonction de la gravit\u00e9 du ou des incidents pr\u00e9sum\u00e9s, la SEC peut imposer des mesures provisoires pour garantir la sant\u00e9 et la s\u00e9curit\u00e9 de ses membres, de son personnel et de ses b\u00e9n\u00e9voles, y compris, mais sans s&rsquo;y limiter, la suspension de l&#8217;emploi r\u00e9mun\u00e9r\u00e9 ou la suspension des fonctions au sein du conseil d&rsquo;administration ou des comit\u00e9s, en attendant l&rsquo;ach\u00e8vement d&rsquo;une enqu\u00eate.<\/p>\n<p>\u00c0 l&rsquo;issue de l&rsquo;enqu\u00eate, le conseil d&rsquo;administration de la SEC d\u00e9cidera s&rsquo;il y a eu violence ou harc\u00e8lement et rendra compte de ses conclusions, y compris de toute mesure corrective qui sera prise, \u00e0 la personne qui aurait subi la violence ou le harc\u00e8lement et \u00e0 l&rsquo;auteur pr\u00e9sum\u00e9 du harc\u00e8lement.<\/p>\n<p>En plus de toute mesure provisoire prise, les contrevenants au pr\u00e9sent code de conduite recevront un r\u00e9sum\u00e9 \u00e9crit des mesures prises en r\u00e9ponse \u00e0 une enqu\u00eate ou \u00e0 un rapport d&rsquo;incident.<\/p>\n<p>Le conseil d&rsquo;administration de la SEC est responsable de la mise en \u0153uvre de toutes les r\u00e9ponses et sanctions qui peuvent r\u00e9sulter de l&rsquo;examen d&rsquo;une plainte.<\/p>\n<p>La SEC conservera tous les dossiers relatifs \u00e0 l&rsquo;enqu\u00eate pendant au moins un an \u00e0 compter de sa conclusion.<\/p>\n<p><u>Cons\u00e9quences<\/u><\/p>\n<p>La SEC se r\u00e9serve le droit de retirer une personne de toute r\u00e9union sans avertissement ni remboursement, d&rsquo;interdire sa participation \u00e0 des r\u00e9unions futures et de suspendre ou d&rsquo;annuler son adh\u00e9sion \u00e0 la SEC pour non-respect du pr\u00e9sent code de conduite.<\/p>\n<p><a href=\"#_ftnref1\" name=\"_ftn1\">[1]<\/a> Il s&rsquo;agit d&rsquo;une version g\u00e9n\u00e9rique du code qui sera utilis\u00e9e lors de toutes les r\u00e9unions de la SEC. Pour chaque r\u00e9union, ces coordonn\u00e9es g\u00e9n\u00e9riques seront remplac\u00e9es par les coordonn\u00e9es de notification sp\u00e9cifiques \u00e0 la r\u00e9union.<\/p>\n<p class=\"x_MsoNormal\"><a href=\"https:\/\/esc-sec.ca\/wp-content\/uploads\/2022\/08\/ESC-Meeting-CoC-compilation-FR.pdf\">Cliquez ici pour t\u00e9l\u00e9charger le Code de conduite des r\u00e9unions et tous les documents pertinents.<\/a><\/p>\n            <\/div>        <\/div>    <\/div><\/section>\n<\/div>\n<div  style='height:40px' class='hr hr-invisible   avia-builder-el-8  el_after_av_toggle_container  el_before_av_one_full '><span class='hr-inner ' ><span class='hr-inner-style'><\/span><\/span><\/div>\n<div class=\"flex_column av_one_full  flex_column_div av-zero-column-padding first  avia-builder-el-9  el_after_av_hr  el_before_av_hr  \" style='border-radius:0px; '><p><div  style='padding-bottom:10px; ' class='av-special-heading av-special-heading-h2    avia-builder-el-10  el_before_av_textblock  avia-builder-el-first  '><h2 class='av-special-heading-tag '  itemprop=\"headline\"  >R\u00e9unions r\u00e9centes <\/h2><div class='special-heading-border'><div class='special-heading-inner-border' ><\/div><\/div><\/div><br \/>\n<section class=\"av_textblock_section \"  itemscope=\"itemscope\" itemtype=\"https:\/\/schema.org\/CreativeWork\" ><div class='avia_textblock  '   itemprop=\"text\" ><ul>\n<li>2024 &#8211; Quebec City, hosted by the Entomological Society of Quebec (<a href=\"https:\/\/esc-sec.ca\/wp-content\/uploads\/2025\/09\/JAM-2024-Full-Program.pdf\">program<\/a>)<\/li>\n<li>2023 &#8211; Saskatoon, hosted by the Entomological Society of Saskatchewan (<a href=\"https:\/\/esc-sec.ca\/wp-content\/uploads\/2025\/09\/JAM-2023-Full-Program.pdf\">program<\/a>)<\/li>\n<li>2022 &#8211; Vancouver, hosted by the Entomological Society of British Columbia and the Entomological Society of America (<a href=\"https:\/\/esc-sec.ca\/wp-content\/uploads\/2023\/01\/2022-JAM-SAAG-Final.pdf\">program<\/a>)<\/li>\n<li>2021 &#8211; Virtual event, due to COVID-19 (<a href=\"https:\/\/www.entsocont.ca\/esceso-2021-jam-english.html\">website<\/a>) (<a href=\"https:\/\/esc-sec.ca\/wp-content\/uploads\/2022\/01\/JAM-2021-Program1.pdf\">program<\/a>)<\/li>\n<li>2020 &#8211; Calgary, cancelled due to COVID-19 (<a href=\"https:\/\/jam2020.ualberta.ca\/\">website<\/a>)<\/li>\n<li>2019 &#8211; Fredericton, hosted by the Acadian Entomological Society and the Canadian Society for Evolution &amp; Ecology (<a href=\"https:\/\/esc-sec.ca\/wp-content\/uploads\/2021\/11\/JAM-2019-Detailed-program1.pdf\">program<\/a>)<\/li>\n<li>2018 &#8211; Vancouver, hosted by the Entomological Society of British Columbia and the Entomological Society of America (<a href=\"http:\/\/esc-sec.ca\/wp-content\/uploads\/2019\/11\/JAM-2018-Program.pdf\">program<\/a>)<\/li>\n<li>2017 &#8211; Winnipeg,\u00a0hosted by the Entomological Society of Manitoba\u00a0(<a href=\"http:\/\/home.cc.umanitoba.ca\/~fieldspg\/ESC_ESM_meeting_webpage\/index.html\">website<\/a>) (<a href=\"https:\/\/esc-sec.ca\/wp-content\/uploads\/2021\/11\/JAM-2017-Program-2017-ESM-ESC-Winnipeg1.pdf\">program<\/a>)<\/li>\n<li>2016 &#8211; International Congress of Entomology, Orlando\u00a0(<a class=\"style13\" href=\"http:\/\/esc-sec.ca\/wp-content\/uploads\/2019\/11\/JAM-2016-Program-2016-ICE-Orlando.pdf\" target=\"_blank\" rel=\"noopener noreferrer\">program<\/a>)<\/li>\n<li>2015 &#8211; Montr\u00e9al, hosted by the Entomological Society of Qu\u00e9bec\u00a0(<a href=\"https:\/\/esc-sec.ca\/wp-content\/uploads\/2021\/11\/JAM-2015-Program-2015-SEQ-ESC-Montreal1.pdf\">program<\/a>)<\/li>\n<li>2014 &#8211; Saskatoon, hosted by the Entomological Societies of Saskatchewan\u00a0(<a class=\"style13\" href=\"http:\/\/www.entsocsask.ca\/esc\/esc-ess.html\" target=\"_blank\" rel=\"noopener noreferrer\">website<\/a>) (<a href=\"https:\/\/esc-sec.ca\/wp-content\/uploads\/2021\/11\/Complete-program-final-version.pdf\">program<\/a>)<\/li>\n<li>2013 &#8211; Guelph, hosted by the Entomological Society of Ontario\u00a0(<a class=\"style13\" href=\"http:\/\/esc-sec.ca\/wp-content\/uploads\/2019\/11\/JAM-2013-Program-ESO-ESC-Guelph.pdf\" target=\"_blank\" rel=\"noopener noreferrer\">program<\/a>)<\/li>\n<li>2012 &#8211; Edmonton, hosted by the Entomological Society of Alberta\u00a0(<a class=\"style13\" href=\"http:\/\/www.entsocalberta.ca\/JAM2012\/index.html\" target=\"_blank\" rel=\"noopener noreferrer\">website<\/a>) (<a href=\"https:\/\/esc-sec.ca\/wp-content\/uploads\/2021\/11\/ESC_2012_Full_program_Oct_24.pdf\">program<\/a>)<\/li>\n<li>2011 &#8211; Halifax, hosted by the Acadian Entomological Society\u00a0(<a href=\"http:\/\/www.acadianes.ca\/2011jam\" target=\"_blank\" rel=\"noopener noreferrer\">website<\/a>) (<a href=\"https:\/\/esc-sec.ca\/wp-content\/uploads\/2021\/11\/fulljamprog2011.pdf\">program<\/a>)<\/li>\n<li>2010 &#8211; Vancouver, hosted by the Entomological Society of British Columbia (<a href=\"http:\/\/esc-sec.ca\/wp\/wp-content\/uploads\/2017\/02\/2010program.pdf\">program<\/a>)<\/li>\n<li>2009 &#8211; Winnipeg, hosted by the Entomological Society of Manitoba (<a href=\"http:\/\/esc-sec.ca\/wp\/wp-content\/uploads\/2017\/02\/2009program.pdf\">program<\/a>)<\/li>\n<li>2008 &#8211; Ottawa, hosted by the Entomological Society of Ontario (<a href=\"http:\/\/esc-sec.ca\/wp\/wp-content\/uploads\/2017\/02\/2008program.pdf\">program<\/a>)<\/li>\n<li>2007 &#8211; Saskatoon, hosted by the Entomological Society of Saskatchewan (<a href=\"http:\/\/esc-sec.ca\/wp\/wp-content\/uploads\/2017\/02\/2007program.pdf\">program<\/a>)<\/li>\n<li>2006 &#8211; Montreal, hosted by the Entomological Society of Quebec (<a href=\"http:\/\/esc-sec.ca\/wp\/wp-content\/uploads\/2017\/02\/2006program.pdf\">program<\/a>)<\/li>\n<li>2005 &#8211; Canmore, hosted by the Entomological Society of Alberta (<a href=\"http:\/\/esc-sec.ca\/wp\/wp-content\/uploads\/2017\/02\/2005program.pdf\">program<\/a>)<\/li>\n<li>2004 &#8211; Charlottetown, hosted by the Acadian Entomological Society (<a href=\"http:\/\/esc-sec.ca\/wp\/wp-content\/uploads\/2017\/02\/2004program.pdf\">program<\/a>)<\/li>\n<li>2003 &#8211; Kelowna, hosted by the Entomological Society of British Columbia (<a href=\"http:\/\/esc-sec.ca\/wp\/wp-content\/uploads\/2017\/02\/2003program.pdf\">program<\/a>) (<a href=\"http:\/\/esc-sec.ca\/wp\/wp-content\/uploads\/2017\/02\/2003abstracts.pdf\">abstracts<\/a>)<\/li>\n<li>2002 &#8211; Winnipeg, hosted by the Entomological Society of Manitoba (<a href=\"http:\/\/esc-sec.ca\/wp\/wp-content\/uploads\/2017\/02\/2002proceedings.pdf\">program<\/a>)<\/li>\n<li>2001 &#8211; Niagara Falls, hosted by the Entomological Society of Ontario (<a href=\"http:\/\/esc-sec.ca\/wp\/wp-content\/uploads\/2017\/02\/2001program.pdf\">program<\/a>)<\/li>\n<\/ul>\n<\/div><\/section><br \/>\n<div  style='padding-bottom:10px; ' class='av-special-heading av-special-heading-h2    avia-builder-el-12  el_after_av_textblock  el_before_av_textblock  '><h2 class='av-special-heading-tag '  itemprop=\"headline\"  >R\u00e9unions (archives)<\/h2><div class='special-heading-border'><div class='special-heading-inner-border' ><\/div><\/div><\/div><br \/>\n<section class=\"av_textblock_section \"  itemscope=\"itemscope\" itemtype=\"https:\/\/schema.org\/CreativeWork\" ><div class='avia_textblock  '   itemprop=\"text\" ><ul>\n<li>2000 &#8211; Montr\u00e9al, accueillie par la Soci\u00e9t\u00e9 d\u2019entomologie du Qu\u00e9bec, Entomological Society of Canada and Entomological Society of America (<a href=\"https:\/\/esc-sec.ca\/wp-content\/uploads\/2022\/01\/JAM-2000.pdf\">programme<\/a>)<\/li>\n<li>1991 &#8211; Montr\u00e9al, accueillie par la Soci\u00e9t\u00e9 d\u2019entomologie du Qu\u00e9bec, Entomological Society of Canada and Entomological Society of Ontario (<a href=\"http:\/\/esc-sec.ca\/wp\/wp-content\/uploads\/2017\/02\/SEQ-SEC-ESOMontr\u00e9al_1991.pdf\">programme<\/a>)<\/li>\n<li>1990 &#8211; Banff, accueillie par la Entomological Society of Alberta (<a href=\"http:\/\/esc-sec.ca\/wp\/wp-content\/uploads\/2017\/02\/esa1990.pdf\">programme<\/a>)<\/li>\n<li>1981 &#8211; Banff, accueillie par la Entomological Society of Alberta (<a href=\"http:\/\/esc-sec.ca\/wp\/wp-content\/uploads\/2017\/02\/esa1981.pdf\">programme<\/a>)<\/li>\n<li>1973 &#8211; Banff, accueillie par la Entomological Society of Alberta (<a href=\"http:\/\/esc-sec.ca\/wp\/wp-content\/uploads\/2017\/02\/esa1973.pdf\">programme<\/a>)<\/li>\n<li>1966 &#8211; Banff, accueillie par la Entomological Society of Alberta (<a href=\"http:\/\/esc-sec.ca\/wp\/wp-content\/uploads\/2017\/02\/esa1966.pdf\">programme<\/a>)<\/li>\n<li>1957 &#8211; Lethbridge, accueillie par la Entomological Society of Alberta (<a href=\"http:\/\/esc-sec.ca\/wp\/wp-content\/uploads\/2017\/02\/esa1957.pdf\">programme<\/a>)<\/li>\n<\/ul>\n<\/div><\/section><\/p><\/div>\n<div   class='hr hr-default   avia-builder-el-14  el_after_av_one_full  el_before_av_one_full '><span class='hr-inner ' ><span class='hr-inner-style'><\/span><\/span><\/div>\n<div class=\"flex_column av_one_full  flex_column_div av-zero-column-padding first  avia-builder-el-15  el_after_av_hr  el_before_av_hr  \" style='border-radius:0px; '><section class=\"av_textblock_section \"  itemscope=\"itemscope\" itemtype=\"https:\/\/schema.org\/CreativeWork\" ><div class='avia_textblock  '   itemprop=\"text\" ><p>Pour les probl\u00e8mes en ce qui concerne les r\u00e9unions annuelles de la Soci\u00e9t\u00e9 Entomologique de Canada, s&rsquo;il vous pla\u00eet contacter notre Pr\u00e9sident du comit\u00e9 des r\u00e9unions annuelles,\u00a0<a href=\"mailto:chandra.moffat@agr.gc.ca\">Chandra Moffat<\/a> (chandra DOT moffat AT agr.gc.ca).<\/p>\n<\/div><\/section><\/div>\n<div  style='height:40px' class='hr hr-invisible   avia-builder-el-17  el_after_av_one_full  avia-builder-el-last '><span class='hr-inner ' ><span class='hr-inner-style'><\/span><\/span><\/div>\n","protected":false},"excerpt":{"rendered":"","protected":false},"author":1,"featured_media":0,"parent":0,"menu_order":0,"comment_status":"closed","ping_status":"closed","template":"","meta":{"footnotes":""},"class_list":["post-2368","page","type-page","status-publish","hentry"],"jetpack_sharing_enabled":true,"_links":{"self":[{"href":"https:\/\/esc-sec.ca\/fr\/wp-json\/wp\/v2\/pages\/2368","targetHints":{"allow":["GET"]}}],"collection":[{"href":"https:\/\/esc-sec.ca\/fr\/wp-json\/wp\/v2\/pages"}],"about":[{"href":"https:\/\/esc-sec.ca\/fr\/wp-json\/wp\/v2\/types\/page"}],"author":[{"embeddable":true,"href":"https:\/\/esc-sec.ca\/fr\/wp-json\/wp\/v2\/users\/1"}],"replies":[{"embeddable":true,"href":"https:\/\/esc-sec.ca\/fr\/wp-json\/wp\/v2\/comments?post=2368"}],"version-history":[{"count":54,"href":"https:\/\/esc-sec.ca\/fr\/wp-json\/wp\/v2\/pages\/2368\/revisions"}],"predecessor-version":[{"id":10848,"href":"https:\/\/esc-sec.ca\/fr\/wp-json\/wp\/v2\/pages\/2368\/revisions\/10848"}],"wp:attachment":[{"href":"https:\/\/esc-sec.ca\/fr\/wp-json\/wp\/v2\/media?parent=2368"}],"curies":[{"name":"wp","href":"https:\/\/api.w.org\/{rel}","templated":true}]}}