{"id":2352,"date":"2017-01-17T19:47:28","date_gmt":"2017-01-17T19:47:28","guid":{"rendered":"http:\/\/esc-sec.ca\/wp\/awards\/"},"modified":"2024-01-30T15:09:04","modified_gmt":"2024-01-30T15:09:04","slug":"awards","status":"publish","type":"page","link":"https:\/\/esc-sec.ca\/fr\/awards\/","title":{"rendered":"Prix"},"content":{"rendered":"<div id='av_section_1'  class='avia-section main_color avia-section-default avia-no-shadow  avia-bg-style-scroll  avia-builder-el-0  el_before_av_submenu  avia-builder-el-first   av-minimum-height av-minimum-height-custom  container_wrap sidebar_right' style='background-color: #9cbfc1; background-repeat: repeat-x; background-image: url(https:\/\/esc-sec.ca\/wp-content\/uploads\/2017\/01\/Cicindelinae_001.jpg);background-attachment: scroll; background-position: top center;  '  data-section-bg-repeat='repeat-x'><div class='container' style='height:100px'><main  role=\"main\" itemprop=\"mainContentOfPage\"  class='template-page content  av-content-small alpha units'><div class='post-entry post-entry-type-page post-entry-2352'><div class='entry-content-wrapper clearfix'>\n<\/div><\/div><\/main><!-- close content main element --><\/div><\/div><div class='clear'><\/div><div id='sub_menu1'  class='av-submenu-container main_color  avia-builder-el-1  el_after_av_section  el_before_av_one_full  av-sticky-submenu  submenu-not-first container_wrap sidebar_right' style='  z-index:301' ><div class='container av-menu-mobile-disabled '><ul id=\"menu-sub-menu-awards-french\" class=\"av-subnav-menu av-submenu-pos-center\"><li id=\"menu-item-3446\" class=\"menu-item menu-item-type-post_type menu-item-object-page menu-item-top-level menu-item-top-level-1\"><a href=\"https:\/\/esc-sec.ca\/fr\/awards\/medaille-dor\/\" itemprop=\"url\"><span class=\"avia-bullet\"><\/span><span class=\"avia-menu-text\">M\u00e9daille d&rsquo;or<\/span><span class=\"avia-menu-fx\"><span class=\"avia-arrow-wrap\"><span class=\"avia-arrow\"><\/span><\/span><\/span><\/a><\/li>\n<li id=\"menu-item-3447\" class=\"menu-item menu-item-type-post_type menu-item-object-page menu-item-top-level menu-item-top-level-2\"><a href=\"https:\/\/esc-sec.ca\/fr\/awards\/c-gordon-hewitt\/\" itemprop=\"url\"><span class=\"avia-bullet\"><\/span><span class=\"avia-menu-text\">C. Gordon Hewitt<\/span><span class=\"avia-menu-fx\"><span class=\"avia-arrow-wrap\"><span class=\"avia-arrow\"><\/span><\/span><\/span><\/a><\/li>\n<li id=\"menu-item-3448\" class=\"menu-item menu-item-type-post_type menu-item-object-page menu-item-top-level menu-item-top-level-3\"><a href=\"https:\/\/esc-sec.ca\/fr\/awards\/criddle\/\" itemprop=\"url\"><span class=\"avia-bullet\"><\/span><span class=\"avia-menu-text\">Norman Criddle<\/span><span class=\"avia-menu-fx\"><span class=\"avia-arrow-wrap\"><span class=\"avia-arrow\"><\/span><\/span><\/span><\/a><\/li>\n<li id=\"menu-item-3449\" class=\"menu-item menu-item-type-post_type menu-item-object-page menu-item-top-level menu-item-top-level-4\"><a href=\"https:\/\/esc-sec.ca\/fr\/awards\/bert-john-carr-award\/\" itemprop=\"url\"><span class=\"avia-bullet\"><\/span><span class=\"avia-menu-text\">Bert et John Carr<\/span><span class=\"avia-menu-fx\"><span class=\"avia-arrow-wrap\"><span class=\"avia-arrow\"><\/span><\/span><\/span><\/a><\/li>\n<li id=\"menu-item-3450\" class=\"menu-item menu-item-type-post_type menu-item-object-page menu-item-top-level menu-item-top-level-5\"><a href=\"https:\/\/esc-sec.ca\/fr\/awards\/membres-honoraires\/\" itemprop=\"url\"><span class=\"avia-bullet\"><\/span><span class=\"avia-menu-text\">Membres Honoraires<\/span><span class=\"avia-menu-fx\"><span class=\"avia-arrow-wrap\"><span class=\"avia-arrow\"><\/span><\/span><\/span><\/a><\/li>\n<li id=\"menu-item-3451\" class=\"menu-item menu-item-type-post_type menu-item-object-page menu-item-top-level menu-item-top-level-6\"><a href=\"https:\/\/esc-sec.ca\/fr\/awards\/associes\/\" itemprop=\"url\"><span class=\"avia-bullet\"><\/span><span class=\"avia-menu-text\">Membres Associ\u00e9s<\/span><span class=\"avia-menu-fx\"><span class=\"avia-arrow-wrap\"><span class=\"avia-arrow\"><\/span><\/span><\/span><\/a><\/li>\n<li id=\"menu-item-3452\" class=\"menu-item menu-item-type-post_type menu-item-object-page menu-item-top-level menu-item-top-level-7\"><a href=\"https:\/\/esc-sec.ca\/fr\/awards\/call-for-nominations\/\" itemprop=\"url\"><span class=\"avia-bullet\"><\/span><span class=\"avia-menu-text\">Les mises en candidature<\/span><span class=\"avia-menu-fx\"><span class=\"avia-arrow-wrap\"><span class=\"avia-arrow\"><\/span><\/span><\/span><\/a><\/li>\n<\/ul><\/div><\/div><div class='sticky_placeholder'><\/div><div id='after_submenu'  class='main_color av_default_container_wrap container_wrap sidebar_right' style=' '  ><div class='container' ><div class='template-page content  av-content-small alpha units'><div class='post-entry post-entry-type-page post-entry-2352'><div class='entry-content-wrapper clearfix'>\n<div class=\"flex_column av_one_full  flex_column_div av-zero-column-padding first  avia-builder-el-2  el_after_av_submenu  el_before_av_hr  avia-builder-el-first  \" style='border-radius:0px; '><p><div  style='padding-bottom:10px; font-size:45px;' class='av-special-heading av-special-heading-h1  blockquote modern-quote  avia-builder-el-3  el_before_av_textblock  avia-builder-el-first  av-inherit-size '><h1 class='av-special-heading-tag '  itemprop=\"headline\"  >Soci\u00e9t\u00e9 d\u2019entomologie du Canada &#8211; Les prix d\u2019excellence<\/h1><div class='special-heading-border'><div class='special-heading-inner-border' ><\/div><\/div><\/div><br \/>\n<section class=\"av_textblock_section \"  itemscope=\"itemscope\" itemtype=\"https:\/\/schema.org\/CreativeWork\" ><div class='avia_textblock  '   itemprop=\"text\" ><p>La soci\u00e9t\u00e9 g\u00e8re un certain nombre de prix pour les membres qui font un apport exceptionnel \u00e0 l\u2019entomologie au Canada. Pour de plus amples renseignements au sujet d\u2019un prix en\u00a0 particulier, pour consulter la liste des gagnants, ou pour proc\u00e9der \u00e0 la d\u00e9signation d\u2019un candidat, veillez utiliser un des liens ci-dessous.<\/p>\n<\/div><\/section><br \/>\n<div  style='padding-bottom:10px; ' class='av-special-heading av-special-heading-h2    avia-builder-el-5  el_after_av_textblock  el_before_av_icon_box  '><h2 class='av-special-heading-tag '  itemprop=\"headline\"  > R\u00e9cipiendaires de prix et r\u00e8gles<\/h2><div class='special-heading-border'><div class='special-heading-inner-border' ><\/div><\/div><\/div><br \/>\n<article  class=\"iconbox iconbox_left_content    avia-builder-el-6  el_after_av_heading  el_before_av_icon_box  \"  itemscope=\"itemscope\" itemtype=\"https:\/\/schema.org\/CreativeWork\" ><a href='http:\/\/esc-sec.ca\/wp\/awards\/gold-medal\/' title='La M\u00e9daille d\u2019or'  class=\"iconbox_icon heading-color\" aria-hidden='true' data-av_icon='\ue80a' data-av_iconfont='entypo-fontello'  style='color:#00a4c1; ' ><\/a><div class=\"iconbox_content\"><header class=\"entry-content-header\"><h3 class='iconbox_content_title  '  itemprop=\"headline\"  ><a href='http:\/\/esc-sec.ca\/wp\/awards\/gold-medal\/' title='La M\u00e9daille d\u2019or' >La M\u00e9daille d\u2019or<\/a><\/h3><\/header><div class='iconbox_content_container  '  itemprop=\"text\"  ><p>aux entomologistes qui ont contribu\u00e9 de fa\u00e7on remarquable \u00e0 l&rsquo;entomologie au Canada<\/p>\n<\/div><\/div><footer class=\"entry-footer\"><\/footer><\/article><br \/>\n<article  class=\"iconbox iconbox_left_content    avia-builder-el-7  el_after_av_icon_box  el_before_av_icon_box  \"  itemscope=\"itemscope\" itemtype=\"https:\/\/schema.org\/CreativeWork\" ><a href='http:\/\/esc-sec.ca\/wp\/awards\/c-gordon-hewitt\/' title='Prix C. Gordon Hewitt'  class=\"iconbox_icon heading-color\" aria-hidden='true' data-av_icon='\ue80a' data-av_iconfont='entypo-fontello'  style='color:#00a4c1; ' ><\/a><div class=\"iconbox_content\"><header class=\"entry-content-header\"><h3 class='iconbox_content_title  '  itemprop=\"headline\"  ><a href='http:\/\/esc-sec.ca\/wp\/awards\/c-gordon-hewitt\/' title='Prix C. Gordon Hewitt' >Prix C. Gordon Hewitt<\/a><\/h3><\/header><div class='iconbox_content_container  '  itemprop=\"text\"  ><p>emis aux entomologistes qui ont contribu\u00e9 de fa\u00e7on exceptionnelle \u00e0 l&rsquo;entomologie au Canada dans les 12 derni\u00e8res ann\u00e9es suivant leur doctorat<\/p>\n<\/div><\/div><footer class=\"entry-footer\"><\/footer><\/article><br \/>\n<article  class=\"iconbox iconbox_left_content    avia-builder-el-8  el_after_av_icon_box  el_before_av_icon_box  \"  itemscope=\"itemscope\" itemtype=\"https:\/\/schema.org\/CreativeWork\" ><a href='http:\/\/esc-sec.ca\/wp\/awards\/criddle\/' title='Prix Norman Criddle'  class=\"iconbox_icon heading-color\" aria-hidden='true' data-av_icon='\ue80a' data-av_iconfont='entypo-fontello'  style='color:#00a4c1; ' ><\/a><div class=\"iconbox_content\"><header class=\"entry-content-header\"><h3 class='iconbox_content_title  '  itemprop=\"headline\"  ><a href='http:\/\/esc-sec.ca\/wp\/awards\/criddle\/' title='Prix Norman Criddle' >Prix Norman Criddle<\/a><\/h3><\/header><div class='iconbox_content_container  '  itemprop=\"text\"  ><p>aux entomologistes amateurs qui o<span class=\"style14\"><span class=\"style11\">nt contribu\u00e9 de fa\u00e7on remarquable<\/span><\/span>\u00a0\u00e0 l&rsquo;avancement de l&rsquo;entomologie au Canada<\/p>\n<\/div><\/div><footer class=\"entry-footer\"><\/footer><\/article><br \/>\n<article  class=\"iconbox iconbox_left_content    avia-builder-el-9  el_after_av_icon_box  el_before_av_icon_box  \"  itemscope=\"itemscope\" itemtype=\"https:\/\/schema.org\/CreativeWork\" ><a href='http:\/\/esc-sec.ca\/wp\/awards\/bert-john-carr-award\/' title='Le prix Bert et John Carr'  class=\"iconbox_icon heading-color\" aria-hidden='true' data-av_icon='\ue80a' data-av_iconfont='entypo-fontello'  style='color:#00a4c1; ' ><\/a><div class=\"iconbox_content\"><header class=\"entry-content-header\"><h3 class='iconbox_content_title  '  itemprop=\"headline\"  ><a href='http:\/\/esc-sec.ca\/wp\/awards\/bert-john-carr-award\/' title='Le prix Bert et John Carr' >Le prix Bert et John Carr<\/a><\/h3><\/header><div class='iconbox_content_container  '  itemprop=\"text\"  ><p>un prix en argent permettant de supporter les activit\u00e9s de recherche d\u2019individus \u00e9tudiant la faunistique entomologique ou l\u2019histoire naturelle et la taxonomie de la faune des insectes du Canada<\/p>\n<\/div><\/div><footer class=\"entry-footer\"><\/footer><\/article><br \/>\n<article  class=\"iconbox iconbox_left_content    avia-builder-el-10  el_after_av_icon_box  el_before_av_icon_box  \"  itemscope=\"itemscope\" itemtype=\"https:\/\/schema.org\/CreativeWork\" ><a href='http:\/\/esc-sec.ca\/wp\/awards\/fellows\/' title='Membres associ\u00e9s'  class=\"iconbox_icon heading-color\" aria-hidden='true' data-av_icon='\ue80a' data-av_iconfont='entypo-fontello'  style='color:#00a4c1; ' ><\/a><div class=\"iconbox_content\"><header class=\"entry-content-header\"><h3 class='iconbox_content_title  '  itemprop=\"headline\"  ><a href='http:\/\/esc-sec.ca\/wp\/awards\/fellows\/' title='Membres associ\u00e9s' >Membres associ\u00e9s<\/a><\/h3><\/header><div class='iconbox_content_container  '  itemprop=\"text\"  ><p>qui o<span class=\"style14\"><span class=\"style11\">nt contribu\u00e9 de fa\u00e7on remarquable<\/span><\/span>\u00a0\u00e0 l&rsquo;avancement de l&rsquo;entomologie<\/p>\n<\/div><\/div><footer class=\"entry-footer\"><\/footer><\/article><br \/>\n<article  class=\"iconbox iconbox_left_content    avia-builder-el-11  el_after_av_icon_box  el_before_av_hr  \"  itemscope=\"itemscope\" itemtype=\"https:\/\/schema.org\/CreativeWork\" ><a href='https:\/\/esc-sec.ca\/wp-content\/uploads\/2023\/08\/ESC-SEC_Membres_Honoraires-FR-list-20230808.pdf' title='Membres honoraires'  class=\"iconbox_icon heading-color\" aria-hidden='true' data-av_icon='\ue80a' data-av_iconfont='entypo-fontello'  style='color:#00a4c1; ' ><\/a><div class=\"iconbox_content\"><header class=\"entry-content-header\"><h3 class='iconbox_content_title  '  itemprop=\"headline\"  ><a href='https:\/\/esc-sec.ca\/wp-content\/uploads\/2023\/08\/ESC-SEC_Membres_Honoraires-FR-list-20230808.pdf' title='Membres honoraires' >Membres honoraires<\/a><\/h3><\/header><div class='iconbox_content_container  '  itemprop=\"text\"  ><p>aux membres de la Soci\u00e9t\u00e9 qui o<span class=\"style14\"><span class=\"style11\">nt contribu\u00e9 de fa\u00e7on\u00a0<\/span><\/span>majeure \u00e0 l&rsquo;avancement de l&rsquo;entomologie<\/p>\n<\/div><\/div><footer class=\"entry-footer\"><\/footer><\/article><br \/>\n<div  style='height:10px' class='hr hr-invisible   avia-builder-el-12  el_after_av_icon_box  el_before_av_heading '><span class='hr-inner ' ><span class='hr-inner-style'><\/span><\/span><\/div><br \/>\n<div  style='padding-bottom:10px; ' class='av-special-heading av-special-heading-h2    avia-builder-el-13  el_after_av_hr  el_before_av_textblock  '><h2 class='av-special-heading-tag '  itemprop=\"headline\"  >Appel \u00e0 candidatures<\/h2><div class='special-heading-border'><div class='special-heading-inner-border' ><\/div><\/div><\/div><br \/>\n<section class=\"av_textblock_section \"  itemscope=\"itemscope\" itemtype=\"https:\/\/schema.org\/CreativeWork\" ><div class='avia_textblock  '   itemprop=\"text\" ><p class=\"x_MsoNormal\">Les candidatures doivent \u00eatre envoy\u00e9es soit par courriel au pr\u00e9sident du comit\u00e9 des prix d\u2019excellence, Christine Noronha (<a href=\"mailto:christine19@gmail.com\">christine19@gmail.com<\/a>) au plus tard le\u00a0<b>29 f\u00e9vrier 2024.<\/b><\/p>\n<\/div><\/section><br \/>\n<article  class=\"iconbox iconbox_left_content    avia-builder-el-15  el_after_av_textblock  el_before_av_hr  \"  itemscope=\"itemscope\" itemtype=\"https:\/\/schema.org\/CreativeWork\" ><a href='https:\/\/esc-sec.ca\/fr\/awards\/call-for-nominations\/' title='Appel \u00e0 candidatures'  class=\"iconbox_icon heading-color\" aria-hidden='true' data-av_icon='\ue81f' data-av_iconfont='entypo-fontello'  style='color:#00a4c1; ' ><\/a><div class=\"iconbox_content\"><header class=\"entry-content-header\"><h3 class='iconbox_content_title  '  itemprop=\"headline\"  ><a href='https:\/\/esc-sec.ca\/fr\/awards\/call-for-nominations\/' title='Appel \u00e0 candidatures' >Appel \u00e0 candidatures<\/a><\/h3><\/header><div class='iconbox_content_container  '  itemprop=\"text\"  ><p>Connaissez-vous un entomologiste respect\u00e9 qui m\u00e9rite une reconnaissance pour ses contributions remarquables dans son domaine au Canada?<\/p>\n<\/div><\/div><footer class=\"entry-footer\"><\/footer><\/article><br \/>\n<div  style='height:10px' class='hr hr-invisible   avia-builder-el-16  el_after_av_icon_box  el_before_av_heading '><span class='hr-inner ' ><span class='hr-inner-style'><\/span><\/span><\/div><br \/>\n<div  style='padding-bottom:10px; ' class='av-special-heading av-special-heading-h2    avia-builder-el-17  el_after_av_hr  el_before_av_icon_box  '><h2 class='av-special-heading-tag '  itemprop=\"headline\"  >BOURSES \u00c9TUDIANTES<\/h2><div class='special-heading-border'><div class='special-heading-inner-border' ><\/div><\/div><\/div><br \/>\n<article  class=\"iconbox iconbox_left_content    avia-builder-el-18  el_after_av_heading  avia-builder-el-last  \"  itemscope=\"itemscope\" itemtype=\"https:\/\/schema.org\/CreativeWork\" ><a href='http:\/\/esc-sec.ca\/fr\/students\/student-awards\/' title='Prix, bourses et subventions de voyages pour les \u00e9tudiants de la SEC '  class=\"iconbox_icon heading-color\" aria-hidden='true' data-av_icon='\ue80a' data-av_iconfont='entypo-fontello'  style='color:#00a4c1; ' ><\/a><div class=\"iconbox_content\"><header class=\"entry-content-header\"><h3 class='iconbox_content_title  '  itemprop=\"headline\"  ><a href='http:\/\/esc-sec.ca\/fr\/students\/student-awards\/' title='Prix, bourses et subventions de voyages pour les \u00e9tudiants de la SEC ' >Prix, bourses et subventions de voyages pour les \u00e9tudiants de la SEC <\/a><\/h3><\/header><div class='iconbox_content_container  '  itemprop=\"text\"  ><p>La date limite de pr\u00e9sentation des demandes est le\u00a01\u00a0mars de chaque ann\u00e9e<\/p>\n<\/div><\/div><footer class=\"entry-footer\"><\/footer><\/article><\/p><\/div><div  style='height:40px' class='hr hr-invisible   avia-builder-el-19  el_after_av_one_full  avia-builder-el-last '><span class='hr-inner ' ><span class='hr-inner-style'><\/span><\/span><\/div><\/p>\n","protected":false},"excerpt":{"rendered":"","protected":false},"author":1,"featured_media":0,"parent":0,"menu_order":0,"comment_status":"closed","ping_status":"closed","template":"","meta":{"footnotes":""},"class_list":["post-2352","page","type-page","status-publish","hentry"],"jetpack_sharing_enabled":true,"_links":{"self":[{"href":"https:\/\/esc-sec.ca\/fr\/wp-json\/wp\/v2\/pages\/2352","targetHints":{"allow":["GET"]}}],"collection":[{"href":"https:\/\/esc-sec.ca\/fr\/wp-json\/wp\/v2\/pages"}],"about":[{"href":"https:\/\/esc-sec.ca\/fr\/wp-json\/wp\/v2\/types\/page"}],"author":[{"embeddable":true,"href":"https:\/\/esc-sec.ca\/fr\/wp-json\/wp\/v2\/users\/1"}],"replies":[{"embeddable":true,"href":"https:\/\/esc-sec.ca\/fr\/wp-json\/wp\/v2\/comments?post=2352"}],"version-history":[{"count":23,"href":"https:\/\/esc-sec.ca\/fr\/wp-json\/wp\/v2\/pages\/2352\/revisions"}],"predecessor-version":[{"id":10028,"href":"https:\/\/esc-sec.ca\/fr\/wp-json\/wp\/v2\/pages\/2352\/revisions\/10028"}],"wp:attachment":[{"href":"https:\/\/esc-sec.ca\/fr\/wp-json\/wp\/v2\/media?parent=2352"}],"curies":[{"name":"wp","href":"https:\/\/api.w.org\/{rel}","templated":true}]}}