{"id":1941,"date":"2017-01-17T19:45:39","date_gmt":"2017-01-17T19:45:39","guid":{"rendered":"http:\/\/esc-sec.ca\/wp\/students\/"},"modified":"2025-11-25T19:38:26","modified_gmt":"2025-11-25T19:38:26","slug":"students","status":"publish","type":"page","link":"https:\/\/esc-sec.ca\/fr\/students\/","title":{"rendered":"\u00c9tudiants"},"content":{"rendered":"<div id='av_section_1'  class='avia-section main_color avia-section-default avia-no-shadow  avia-bg-style-scroll  avia-builder-el-0  el_before_av_one_full  avia-builder-el-first   av-minimum-height av-minimum-height-custom  container_wrap sidebar_right' style='background-color: #9cbfc1; background-repeat: repeat-x; background-image: url(https:\/\/esc-sec.ca\/wp-content\/uploads\/2017\/01\/Cicindelinae_001.jpg);background-attachment: scroll; background-position: top center;  '  data-section-bg-repeat='repeat-x'><div class='container' style='height:100px'><main  role=\"main\" itemprop=\"mainContentOfPage\"  class='template-page content  av-content-small alpha units'><div class='post-entry post-entry-type-page post-entry-1941'><div class='entry-content-wrapper clearfix'><\/div><\/div><\/main><!-- close content main element --><\/div><\/div><div id='after_section_1'  class='main_color av_default_container_wrap container_wrap sidebar_right' style=' '  ><div class='container' ><div class='template-page content  av-content-small alpha units'><div class='post-entry post-entry-type-page post-entry-1941'><div class='entry-content-wrapper clearfix'>\n<div class=\"flex_column av_one_full  flex_column_div av-zero-column-padding first  avia-builder-el-1  el_after_av_section  el_before_av_one_half  avia-builder-el-first  \" style='border-radius:0px; '><div  style='padding-bottom:10px; font-size:45px;' class='av-special-heading av-special-heading-h1  blockquote modern-quote  avia-builder-el-2  avia-builder-el-no-sibling  av-inherit-size '><h1 class='av-special-heading-tag '  itemprop=\"headline\"  >Affaires \u00e9tudiants et des jeunes professionnels de la SEC <\/h1><div class='special-heading-border'><div class='special-heading-inner-border' ><\/div><\/div><\/div><\/div>\n<div class=\"flex_column av_one_half  flex_column_div av-zero-column-padding first  avia-builder-el-3  el_after_av_one_full  el_before_av_one_half  column-top-margin\" style='border-radius:0px; '><p><div  style='padding-bottom:10px; ' class='av-special-heading av-special-heading-h2    avia-builder-el-4  el_before_av_hr  avia-builder-el-first  '><h2 class='av-special-heading-tag '  itemprop=\"headline\"  >Bienvenue aux \u00e9tudiants <span class='special_amp'>&amp;<\/span> jeunes professionnels!<\/h2><div class='special-heading-border'><div class='special-heading-inner-border' ><\/div><\/div><\/div><br \/>\n<div  style='height:25px' class='hr hr-invisible   avia-builder-el-5  el_after_av_heading  el_before_av_textblock '><span class='hr-inner ' ><span class='hr-inner-style'><\/span><\/span><\/div><br \/>\n<section class=\"av_textblock_section \"  itemscope=\"itemscope\" itemtype=\"https:\/\/schema.org\/CreativeWork\" ><div class='avia_textblock  '   itemprop=\"text\" ><p>Notre but premier est de communiquer aux membres \u00e9tudiants les opportunit\u00e9s de recherche, de formation et d\u2019avancement de carri\u00e8re, tant au sein de la Soci\u00e9t\u00e9 d\u2019entomologie du Canada qu\u2019\u00e0 l\u2019ext\u00e9rieur, ainsi que de promouvoir et plaider la cause des \u00e9tudiants et des jeunes professionnels qui \u00e9tudient l\u2019entomologie au Canada.<\/p>\n<p>Si vous \u00eates int\u00e9ress\u00e9s \u00e0 vous impliquer dans le comit\u00e9 des affaires \u00e9tudiantes et des jeunes professionnels, <a href=\"mailto:students@esc-sec.ca\">\u00e9crivez-nous<\/a>!<\/p>\n<p>~ Berenice and Georgiana<\/p>\n<\/div><\/section><\/p><\/div><div class=\"flex_column av_one_half  flex_column_div av-zero-column-padding   avia-builder-el-7  el_after_av_one_half  el_before_av_three_fifth  column-top-margin\" style='border-radius:0px; '><div  class='avia-image-container  av-styling-    avia-builder-el-8  avia-builder-el-no-sibling  avia-align-center '  itemprop=\"image\" itemscope=\"itemscope\" itemtype=\"https:\/\/schema.org\/ImageObject\"  ><div class='avia-image-container-inner'><div class='avia-image-overlay-wrap'><img class='wp-image-10770 avia-img-lazy-loading-not-10770 avia_image' src='https:\/\/esc-sec.ca\/wp-content\/uploads\/2025\/11\/Bernice-and-Georgia-300x216.jpg' alt='' title='COPYRIGHTED BY D&amp;M IMAGES' height=\"216\" width=\"300\"  itemprop=\"thumbnailUrl\"  \/><\/div><\/div><\/div><\/div><div class=\"flex_column av_three_fifth  flex_column_div av-zero-column-padding first  avia-builder-el-9  el_after_av_one_half  el_before_av_two_fifth  column-top-margin\" style='border-radius:0px; '><p><div  style='padding-bottom:10px; ' class='av-special-heading av-special-heading-h2    avia-builder-el-10  el_before_av_icon_box  avia-builder-el-first  '><h2 class='av-special-heading-tag '  itemprop=\"headline\"  >Ressources <span class='special_amp'>&amp;<\/span> Liens<\/h2><div class='special-heading-border'><div class='special-heading-inner-border' ><\/div><\/div><\/div><br \/>\n<article  class=\"iconbox iconbox_left_content    avia-builder-el-11  el_after_av_heading  el_before_av_icon_box  \"  itemscope=\"itemscope\" itemtype=\"https:\/\/schema.org\/CreativeWork\" ><a href='http:\/\/esc-sec.ca\/wp\/opportunities\/' title='Opportunit\u00e9s d\u2019emplois\/recherche'  class=\"iconbox_icon heading-color\" aria-hidden='true' data-av_icon='\ue8c9' data-av_iconfont='entypo-fontello'  style='color:#00a4c1; ' ><\/a><div class=\"iconbox_content\"><header class=\"entry-content-header\"><h3 class='iconbox_content_title  '  itemprop=\"headline\"  ><a href='http:\/\/esc-sec.ca\/wp\/opportunities\/' title='Opportunit\u00e9s d\u2019emplois\/recherche' >Opportunit\u00e9s d\u2019emplois\/recherche<\/a><\/h3><\/header><div class='iconbox_content_container  '  itemprop=\"text\"  ><p>Voir les opportunit\u00e9s professionnelles et pour les \u00e9tudes de cycles sup\u00e9rieurs actuelles<\/p>\n<\/div><\/div><footer class=\"entry-footer\"><\/footer><\/article><br \/>\n<article  class=\"iconbox iconbox_left_content    avia-builder-el-12  el_after_av_icon_box  el_before_av_icon_box  \"  itemscope=\"itemscope\" itemtype=\"https:\/\/schema.org\/CreativeWork\" ><a href='http:\/\/esc-sec.ca\/wp\/students\/student-awards\/' title='Bourses et subventions de voyages pour les \u00e9tudiants de la SEC '  class=\"iconbox_icon heading-color\" aria-hidden='true' data-av_icon='\ue808' data-av_iconfont='entypo-fontello'  style='color:#00a4c1; ' ><\/a><div class=\"iconbox_content\"><header class=\"entry-content-header\"><h3 class='iconbox_content_title  '  itemprop=\"headline\"  ><a href='http:\/\/esc-sec.ca\/wp\/students\/student-awards\/' title='Bourses et subventions de voyages pour les \u00e9tudiants de la SEC ' >Bourses et subventions de voyages pour les \u00e9tudiants de la SEC <\/a><\/h3><\/header><div class='iconbox_content_container  '  itemprop=\"text\"  ><p>La date limite pour les\u00a0prix \u00e9tudiants de la SEC\u00a0est le\u00a01<br \/>\nmars\u00a0de chaque ann\u00e9e<\/p>\n<\/div><\/div><footer class=\"entry-footer\"><\/footer><\/article><br \/>\n<article  class=\"iconbox iconbox_left_content    avia-builder-el-13  el_after_av_icon_box  el_before_av_icon_box  \"  itemscope=\"itemscope\" itemtype=\"https:\/\/schema.org\/CreativeWork\" ><a href='https:\/\/esc-sec.ca\/fr\/awards\/bert-john-carr-award\/' title='Le prix Bert et John Carr'  class=\"iconbox_icon heading-color\" aria-hidden='true' data-av_icon='\ue808' data-av_iconfont='entypo-fontello'  style='color:#00a4c1; ' ><\/a><div class=\"iconbox_content\"><header class=\"entry-content-header\"><h3 class='iconbox_content_title  '  itemprop=\"headline\"  ><a href='https:\/\/esc-sec.ca\/fr\/awards\/bert-john-carr-award\/' title='Le prix Bert et John Carr' >Le prix Bert et John Carr<\/a><\/h3><\/header><div class='iconbox_content_container  '  itemprop=\"text\"  ><p>la Soci\u00e9t\u00e9 invite des candidats \u00e0 appliquer pour ce prix en esp\u00e8ce, lequel est en appui \u00e0 des activit\u00e9s de recherche par des individus qui \u00e9tudient\u00a0<strong>la faunistique des insectes, ou l\u2019histoire naturelle et la taxonomie de la faune entomologique du Canada<\/strong>. Une pr\u00e9f\u00e9rence sera donn\u00e9e aux applications provenant d\u2019amateurs, mais des applications pr\u00e9sent\u00e9es par des \u00e9tudiants ou d\u2019autres individus seront aussi prises en consid\u00e9ration.<\/p>\n<\/div><\/div><footer class=\"entry-footer\"><\/footer><\/article><br \/>\n<article  class=\"iconbox iconbox_left_content    avia-builder-el-14  el_after_av_icon_box  el_before_av_icon_box  \"  itemscope=\"itemscope\" itemtype=\"https:\/\/schema.org\/CreativeWork\" ><a href='http:\/\/esc-sec.ca\/wp\/entomology-resources\/directory-of-entomological-education\/' title='Formations d\u2019entomologiques'  class=\"iconbox_icon heading-color\" aria-hidden='true' data-av_icon='\ue80b' data-av_iconfont='entypo-fontello'  style='color:#00a4c1; ' ><\/a><div class=\"iconbox_content\"><header class=\"entry-content-header\"><h3 class='iconbox_content_title  '  itemprop=\"headline\"  ><a href='http:\/\/esc-sec.ca\/wp\/entomology-resources\/directory-of-entomological-education\/' title='Formations d\u2019entomologiques' >Formations d\u2019entomologiques<\/a><\/h3><\/header><div class='iconbox_content_container  '  itemprop=\"text\"  ><p>Apprenez-en plus sur les entomologistes au Canada et trouvez des directeurs de recherche prometteurs<\/p>\n<\/div><\/div><footer class=\"entry-footer\"><\/footer><\/article><br \/>\n<article  class=\"iconbox iconbox_left_content    avia-builder-el-15  el_after_av_icon_box  el_before_av_icon_box  \"  itemscope=\"itemscope\" itemtype=\"https:\/\/schema.org\/CreativeWork\" ><a href='http:\/\/esc-sec.ca\/wp\/publications\/bulletin\/' title='Bulletin'  class=\"iconbox_icon heading-color\" aria-hidden='true' data-av_icon='\ue84d' data-av_iconfont='entypo-fontello'  style='color:#00a4c1; ' ><\/a><div class=\"iconbox_content\"><header class=\"entry-content-header\"><h3 class='iconbox_content_title  '  itemprop=\"headline\"  ><a href='http:\/\/esc-sec.ca\/wp\/publications\/bulletin\/' title='Bulletin' >Bulletin<\/a><\/h3><\/header><div class='iconbox_content_container  '  itemprop=\"text\"  ><p>Consultez le Bulletin pour lire le Coin de la rel\u00e8ve, une rubrique \u00e9crite par et pour les \u00e9tudiants de la SEC<\/p>\n<\/div><\/div><footer class=\"entry-footer\"><\/footer><\/article><br \/>\n<article  class=\"iconbox iconbox_left_content    avia-builder-el-16  el_after_av_icon_box  avia-builder-el-last  \"  itemscope=\"itemscope\" itemtype=\"https:\/\/schema.org\/CreativeWork\" ><a href='http:\/\/esc-sec.ca\/wp\/blog\/' title='Foisonnement de th\u00e8ses'  class=\"iconbox_icon heading-color\" aria-hidden='true' data-av_icon='\ue84f' data-av_iconfont='entypo-fontello'  style='color:#00a4c1; ' ><\/a><div class=\"iconbox_content\"><header class=\"entry-content-header\"><h3 class='iconbox_content_title  '  itemprop=\"headline\"  ><a href='http:\/\/esc-sec.ca\/wp\/blog\/' title='Foisonnement de th\u00e8ses' >Foisonnement de th\u00e8ses<\/a><\/h3><\/header><div class='iconbox_content_container  '  itemprop=\"text\"  ><p>Vous avez soutenu votre th\u00e8se dans la derni\u00e8re ann\u00e9e? Vous voulez la mettre en valeur dans un billet du blogue de la SEC? Cliquez ici!<\/p>\n<\/div><\/div><footer class=\"entry-footer\"><\/footer><\/article><\/p><\/div><\/p>\n<div class=\"flex_column av_two_fifth  flex_column_div av-zero-column-padding   avia-builder-el-17  el_after_av_three_fifth  el_before_av_hr  column-top-margin\" style='border-radius:0px; '><p><div  style='padding-bottom:10px; ' class='av-special-heading av-special-heading-h2    avia-builder-el-18  el_before_av_icon_box  avia-builder-el-first  '><h2 class='av-special-heading-tag '  itemprop=\"headline\"  >Rejoignez notre groupe Facebook<\/h2><div class='special-heading-border'><div class='special-heading-inner-border' ><\/div><\/div><\/div><br \/>\n<article  class=\"iconbox iconbox_left_content    avia-builder-el-19  el_after_av_heading  el_before_av_heading  \"  itemscope=\"itemscope\" itemtype=\"https:\/\/schema.org\/CreativeWork\" ><a href='https:\/\/www.facebook.com\/groups\/EntSocCanada\/' title='Groupe \u00e9tudiant de la Soci\u00e9t\u00e9 d\u2019entomologie du Canada ' target=\"_blank\" rel=\"noopener noreferrer\" class=\"iconbox_icon heading-color\" aria-hidden='true' data-av_icon='\ue8f5' data-av_iconfont='entypo-fontello' style='color:#00a4c1; '><\/a><div class=\"iconbox_content\"><header class=\"entry-content-header\"><h3 class='iconbox_content_title  '  itemprop=\"headline\"  ><a href='https:\/\/www.facebook.com\/groups\/EntSocCanada\/' title='Groupe \u00e9tudiant de la Soci\u00e9t\u00e9 d\u2019entomologie du Canada ' target=\"_blank\" rel=\"noopener noreferrer\">Groupe \u00e9tudiant de la Soci\u00e9t\u00e9 d\u2019entomologie du Canada <\/a><\/h3><\/header><div class='iconbox_content_container  '  itemprop=\"text\"  ><p>Opportunit\u00e9s d\u2019\u00e9tudes, d\u2019emplois et plus!<\/p>\n<\/div><\/div><footer class=\"entry-footer\"><\/footer><\/article><br \/>\n<div  style='padding-bottom:10px; ' class='av-special-heading av-special-heading-h2    avia-builder-el-20  el_after_av_icon_box  el_before_av_toggle_container  '><h2 class='av-special-heading-tag '  itemprop=\"headline\"  >Concernant le comit\u00e9 des affaires \u00e9tudiantes et des jeunes professionnels <\/h2><div class='special-heading-border'><div class='special-heading-inner-border' ><\/div><\/div><\/div><br \/>\n<div   class=\"togglecontainer   toggle_close_all  avia-builder-el-21  el_after_av_heading  avia-builder-el-last \" >\n<section class=\"av_toggle_section\"  itemscope=\"itemscope\" itemtype=\"https:\/\/schema.org\/CreativeWork\"  >    <div role=\"tablist\" class=\"single_toggle\" data-tags=\"{Tout} \"  >        <p data-fake-id=\"#toggle-id-1\" class=\"toggler \"  itemprop=\"headline\"    role=\"tab\" tabindex=\"0\" aria-controls=\"toggle-id-1\">Membres des comit\u00e9s 2026-2026<span class=\"toggle_icon\" >        <span class=\"vert_icon\"><\/span><span class=\"hor_icon\"><\/span><\/span><\/p>        <div id=\"toggle-id-1\" class=\"toggle_wrap \"   >            <div class=\"toggle_content invers-color \"  itemprop=\"text\"   ><ul>\n<li>Georgiana Antochi-Crihan (Saskatoon, Co-Chair)<\/li>\n<li>Berenice Romero (Baton Rouge, Co-Chair)<\/li>\n<li>Shawn Abraham (Edmonton)<\/li>\n<li>Jeremy Irvine (Saskatoon)<\/li>\n<\/ul>\n            <\/div>        <\/div>    <\/div><\/section>\n<section class=\"av_toggle_section\"  itemscope=\"itemscope\" itemtype=\"https:\/\/schema.org\/CreativeWork\"  >    <div role=\"tablist\" class=\"single_toggle\" data-tags=\"{Tout} \"  >        <p data-fake-id=\"#toggle-id-2\" class=\"toggler \"  itemprop=\"headline\"    role=\"tab\" tabindex=\"0\" aria-controls=\"toggle-id-2\">Mandat<span class=\"toggle_icon\" >        <span class=\"vert_icon\"><\/span><span class=\"hor_icon\"><\/span><\/span><\/p>        <div id=\"toggle-id-2\" class=\"toggle_wrap \"   >            <div class=\"toggle_content invers-color \"  itemprop=\"text\"   ><ul>\n<li>Conseiller les membres \u00e9tudiants, le conseil d\u2019administration et la Soci\u00e9t\u00e9 sur les programmes de la Soci\u00e9t\u00e9 qui concernent les \u00e9tudiants et sur les questions les concernant.<\/li>\n<li>Conseiller les membres \u00e9tudiants et la Soci\u00e9t\u00e9 sur la formation d\u2019entomologiste et sur les opportunit\u00e9s d\u2019emplois pour les entomologistes au Canada.<\/li>\n<\/ul>\n            <\/div>        <\/div>    <\/div><\/section>\n<section class=\"av_toggle_section\"  itemscope=\"itemscope\" itemtype=\"https:\/\/schema.org\/CreativeWork\"  >    <div role=\"tablist\" class=\"single_toggle\" data-tags=\"{Tout} \"  >        <p data-fake-id=\"#toggle-id-3\" class=\"toggler \"  itemprop=\"headline\"    role=\"tab\" tabindex=\"0\" aria-controls=\"toggle-id-3\">R\u00f4les et responsabilit\u00e9s<span class=\"toggle_icon\" >        <span class=\"vert_icon\"><\/span><span class=\"hor_icon\"><\/span><\/span><\/p>        <div id=\"toggle-id-3\" class=\"toggle_wrap \"   >            <div class=\"toggle_content invers-color \"  itemprop=\"text\"   ><ul>\n<li>Publication des sections\u00a0<i>Aile \u00e9tudiante<\/i>\u00a0(nouvelles et informations pertinentes pour les membres \u00e9tudiants de la SEC) et\u00a0<i>Foisonnement de th\u00e8ses<\/i>\u00a0(liste des nouveaux gradu\u00e9s poss\u00e9dant un dipl\u00f4me d\u2019\u00e9tudes sup\u00e9rieures au Canada) dans le Bulletin de la SEC.<\/li>\n<li>Organisation du symposium des \u00e9tudiants gradu\u00e9s et des ench\u00e8res silencieuses finan\u00e7ant les fonds de bourses lors des r\u00e9unions annuelles de la SEC.<\/li>\n<li>Diss\u00e9mination des informations pertinentes pour les membres \u00e9tudiants par le biais du site Internet de la SEC, tels que\u00a0le r\u00e9pertoire des formations en entomologie au Canada\u00a0et\u00a0les bourses \u00e9tudiantes de la SEC.<\/li>\n<li>Affichage r\u00e9gulier\u00a0des opportunit\u00e9s d\u2019emplois et de recherche\u00a0sur le site Internet de la SEC et le groupe des \u00e9tudiants de la SEC sur\u00a0Facebook.<\/li>\n<\/ul>\n            <\/div>        <\/div>    <\/div><\/section>\n<\/div><\/p><\/div><div  style='height:40px' class='hr hr-invisible   avia-builder-el-22  el_after_av_two_fifth  avia-builder-el-last '><span class='hr-inner ' ><span class='hr-inner-style'><\/span><\/span><\/div><\/p>\n","protected":false},"excerpt":{"rendered":"","protected":false},"author":1,"featured_media":0,"parent":0,"menu_order":0,"comment_status":"closed","ping_status":"closed","template":"","meta":{"footnotes":""},"class_list":["post-1941","page","type-page","status-publish","hentry"],"jetpack_sharing_enabled":true,"_links":{"self":[{"href":"https:\/\/esc-sec.ca\/fr\/wp-json\/wp\/v2\/pages\/1941","targetHints":{"allow":["GET"]}}],"collection":[{"href":"https:\/\/esc-sec.ca\/fr\/wp-json\/wp\/v2\/pages"}],"about":[{"href":"https:\/\/esc-sec.ca\/fr\/wp-json\/wp\/v2\/types\/page"}],"author":[{"embeddable":true,"href":"https:\/\/esc-sec.ca\/fr\/wp-json\/wp\/v2\/users\/1"}],"replies":[{"embeddable":true,"href":"https:\/\/esc-sec.ca\/fr\/wp-json\/wp\/v2\/comments?post=1941"}],"version-history":[{"count":18,"href":"https:\/\/esc-sec.ca\/fr\/wp-json\/wp\/v2\/pages\/1941\/revisions"}],"predecessor-version":[{"id":10776,"href":"https:\/\/esc-sec.ca\/fr\/wp-json\/wp\/v2\/pages\/1941\/revisions\/10776"}],"wp:attachment":[{"href":"https:\/\/esc-sec.ca\/fr\/wp-json\/wp\/v2\/media?parent=1941"}],"curies":[{"name":"wp","href":"https:\/\/api.w.org\/{rel}","templated":true}]}}