{"id":1926,"date":"2017-01-17T21:50:42","date_gmt":"2017-01-17T21:50:42","guid":{"rendered":"http:\/\/esc-sec.ca\/wp\/publications\/the-canadian-entomologist\/"},"modified":"2026-03-20T17:19:24","modified_gmt":"2026-03-20T17:19:24","slug":"the-canadian-entomologist","status":"publish","type":"page","link":"https:\/\/esc-sec.ca\/fr\/publications\/the-canadian-entomologist\/","title":{"rendered":"The Canadian Entomologist"},"content":{"rendered":"<div id='av_section_1'  class='avia-section main_color avia-section-default avia-no-shadow  av-section-color-overlay-active avia-bg-style-scroll  avia-builder-el-0  el_before_av_submenu  avia-builder-el-first   av-minimum-height av-minimum-height-custom  container_wrap sidebar_right' style='background-color: #9cbfc1;  '  ><div class='av-section-color-overlay-wrap'><div class='av-section-color-overlay' style='opacity: 0.5; background-image: url(https:\/\/esc-sec.ca\/wp-content\/themes\/enfold\/images\/background-images\/diagonal-thin-light.png); background-repeat: repeat;'><\/div><div class='container' style='height:100px'><main  role=\"main\" itemprop=\"mainContentOfPage\"  class='template-page content  av-content-small alpha units'><div class='post-entry post-entry-type-page post-entry-1926'><div class='entry-content-wrapper clearfix'>\n<\/div><\/div><\/main><!-- close content main element --><\/div><\/div><\/div><div class='clear'><\/div><div id='sub_menu1'  class='av-submenu-container main_color  avia-builder-el-1  el_after_av_section  el_before_av_one_full  av-sticky-submenu  submenu-not-first container_wrap sidebar_right' style='  z-index:301' ><div class='container av-menu-mobile-disabled '><ul id=\"menu-sub-menu-publications-french\" class=\"av-subnav-menu av-submenu-pos-center\"><li id=\"menu-item-3439\" class=\"menu-item menu-item-type-post_type menu-item-object-page menu-item-top-level menu-item-top-level-1\"><a href=\"https:\/\/esc-sec.ca\/fr\/publications\/the-canadian-entomologist\/\" itemprop=\"url\"><span class=\"avia-bullet\"><\/span><span class=\"avia-menu-text\">The Canadian Entomologist<\/span><span class=\"avia-menu-fx\"><span class=\"avia-arrow-wrap\"><span class=\"avia-arrow\"><\/span><\/span><\/span><\/a><\/li>\n<li id=\"menu-item-3440\" class=\"menu-item menu-item-type-post_type menu-item-object-page menu-item-top-level menu-item-top-level-2\"><a href=\"https:\/\/esc-sec.ca\/fr\/publications\/memoirs\/\" itemprop=\"url\"><span class=\"avia-bullet\"><\/span><span class=\"avia-menu-text\">M\u00e9moires<\/span><span class=\"avia-menu-fx\"><span class=\"avia-arrow-wrap\"><span class=\"avia-arrow\"><\/span><\/span><\/span><\/a><\/li>\n<li id=\"menu-item-3441\" class=\"menu-item menu-item-type-post_type menu-item-object-page menu-item-top-level menu-item-top-level-3\"><a href=\"https:\/\/esc-sec.ca\/fr\/publications\/bulletin\/\" itemprop=\"url\"><span class=\"avia-bullet\"><\/span><span class=\"avia-menu-text\">Bulletin<\/span><span class=\"avia-menu-fx\"><span class=\"avia-arrow-wrap\"><span class=\"avia-arrow\"><\/span><\/span><\/span><\/a><\/li>\n<li id=\"menu-item-3442\" class=\"menu-item menu-item-type-post_type menu-item-object-page menu-item-top-level menu-item-top-level-4\"><a href=\"https:\/\/esc-sec.ca\/fr\/publications\/aafc\/\" itemprop=\"url\"><span class=\"avia-bullet\"><\/span><span class=\"avia-menu-text\">AAFC<\/span><span class=\"avia-menu-fx\"><span class=\"avia-arrow-wrap\"><span class=\"avia-arrow\"><\/span><\/span><\/span><\/a><\/li>\n<li id=\"menu-item-3443\" class=\"menu-item menu-item-type-post_type menu-item-object-page menu-item-top-level menu-item-top-level-5\"><a href=\"https:\/\/esc-sec.ca\/fr\/publications\/diseases-and-pests-of-vegetable-crops\/\" itemprop=\"url\"><span class=\"avia-bullet\"><\/span><span class=\"avia-menu-text\">Maladies et Ravageurs des Cultures L\u00e9gumi\u00e8res au Canada<\/span><span class=\"avia-menu-fx\"><span class=\"avia-arrow-wrap\"><span class=\"avia-arrow\"><\/span><\/span><\/span><\/a><\/li>\n<li id=\"menu-item-3444\" class=\"menu-item menu-item-type-post_type menu-item-object-page menu-item-top-level menu-item-top-level-6\"><a href=\"https:\/\/esc-sec.ca\/fr\/publications\/biological-control-programmes-in-canada\/\" itemprop=\"url\"><span class=\"avia-bullet\"><\/span><span class=\"avia-menu-text\">S\u00e9rie Biological Control Programmes in Canada<\/span><span class=\"avia-menu-fx\"><span class=\"avia-arrow-wrap\"><span class=\"avia-arrow\"><\/span><\/span><\/span><\/a><\/li>\n<\/ul><\/div><\/div><div class='sticky_placeholder'><\/div><div id='after_submenu'  class='main_color av_default_container_wrap container_wrap sidebar_right' style=' '  ><div class='container' ><div class='template-page content  av-content-small alpha units'><div class='post-entry post-entry-type-page post-entry-1926'><div class='entry-content-wrapper clearfix'>\n<div class=\"flex_column av_one_full  flex_column_div av-zero-column-padding first  avia-builder-el-2  el_after_av_submenu  el_before_av_one_third  avia-builder-el-first  \" style='border-radius:0px; '><p><div  style='padding-bottom:10px; font-size:45px;' class='av-special-heading av-special-heading-h1  blockquote modern-quote  avia-builder-el-3  el_before_av_textblock  avia-builder-el-first  av-inherit-size '><h1 class='av-special-heading-tag '  itemprop=\"headline\"  >The Canadian Entomologist<\/h1><div class='special-heading-border'><div class='special-heading-inner-border' ><\/div><\/div><\/div><br \/>\n<section class=\"av_textblock_section \"  itemscope=\"itemscope\" itemtype=\"https:\/\/schema.org\/CreativeWork\" ><div class='avia_textblock  '   itemprop=\"text\" ><p>Fond\u00e9e en 1868,\u00a0<em>The Canadian Entomologist\u00a0<\/em>publie continuellement des travaux de recherche in\u00e9dits et des notes scientifiques touchant tous les aspects de l\u2019entomologie.<\/p>\n<\/div><\/section><\/p><\/div>\n<div class=\"flex_column av_one_third  flex_column_div av-zero-column-padding first  avia-builder-el-5  el_after_av_one_full  el_before_av_two_third  column-top-margin\" style='border-radius:0px; '><div  class='avia-image-container  av-styling-    avia-builder-el-6  avia-builder-el-no-sibling  avia-align-center '  itemprop=\"image\" itemscope=\"itemscope\" itemtype=\"https:\/\/schema.org\/ImageObject\"  ><div class='avia-image-container-inner'><div class='avia-image-overlay-wrap'><a href='http:\/\/journals.cambridge.org\/action\/displayJournal?jid=tce' class='avia_image' target=\"_blank\" rel=\"noopener noreferrer\"><img class='wp-image-10469 avia-img-lazy-loading-not-10469 avia_image' src='https:\/\/esc-sec.ca\/wp-content\/uploads\/2024\/12\/TCE_Cover_MockUp_V3-copy.jpg' alt='' title='TCE_Cover_MockUp_V3 copy'  itemprop=\"thumbnailUrl\"  \/><\/a><\/div><\/div><\/div><\/div>\n<div class=\"flex_column av_two_third  flex_column_div av-zero-column-padding   avia-builder-el-7  el_after_av_one_third  el_before_av_one_half  column-top-margin\" style='border-radius:0px; '><p><div  style='padding-bottom:0px; ' class='av-special-heading av-special-heading-h2    avia-builder-el-8  el_before_av_textblock  avia-builder-el-first  '><h2 class='av-special-heading-tag '  itemprop=\"headline\"  >Acc\u00e9dez \u00e0 The Canadian Entomologist<\/h2><div class='special-heading-border'><div class='special-heading-inner-border' ><\/div><\/div><\/div><br \/>\n<section class=\"av_textblock_section \"  itemscope=\"itemscope\" itemtype=\"https:\/\/schema.org\/CreativeWork\" ><div class='avia_textblock  '   itemprop=\"text\" ><p>Les membres de la SEC\u00a0peuvent obtenir un\u00a0acc\u00e8s gratuit \u00e0 tous les num\u00e9ros\u00a0de\u00a0<em>TCE<\/em> et tous\u00a0<span style=\"mso-bidi-font-style: italic;\">les<em> M\u00e9moires la Soci\u00e9t\u00e9 d\u2019entomologie du Canada<\/em><\/span> en visitant la section r\u00e9serv\u00e9e aux membres du site de la SEC.\u00a0L\u2019acc\u00e8s direct aux versions \u00e9lectroniques des volumes de <em style=\"mso-bidi-font-style: normal;\">The Canadian Entomologist <\/em>est conf\u00e9r\u00e9 selon certaines\u00a0<a href=\"http:\/\/esc-sec.ca\/wp\/wp-content\/uploads\/2017\/05\/conditionsofuse_2017_fr.pdf\">conditions d\u2019utilisations<\/a><span lang=\"FR-CA\" style=\"font-size: 12pt; font-family: 'inherit', serif; border: 1pt windowtext; padding: 0in; --darkreader-inline-border-top: #8c8273; --darkreader-inline-border-right: #8c8273; --darkreader-inline-border-bottom: #8c8273; --darkreader-inline-border-left: #8c8273;\" data-darkreader-inline-border-top=\"\" data-darkreader-inline-border-right=\"\" data-darkreader-inline-border-bottom=\"\" data-darkreader-inline-border-left=\"\">.<\/span><\/p>\n<p>Les tarifs d\u2019abonnement pour les non-membres se trouvent\u00a0<a href=\"https:\/\/www.cambridge.org\/core\/journals\/canadian-entomologist\">ici<\/a>. Les num\u00e9ros ant\u00e9rieurs de\u00a0<em><span style=\"border: 1pt windowtext; padding: 0in; --darkreader-inline-border-top: #8c8273; --darkreader-inline-border-right: #8c8273; --darkreader-inline-border-bottom: #8c8273; --darkreader-inline-border-left: #8c8273;\" data-darkreader-inline-border-top=\"\" data-darkreader-inline-border-right=\"\" data-darkreader-inline-border-bottom=\"\" data-darkreader-inline-border-left=\"\">The Canadian Entomologist<\/span><\/em>\u00a0et des\u00a0<em><span style=\"border: 1pt windowtext; padding: 0in; --darkreader-inline-border-top: #8c8273; --darkreader-inline-border-right: #8c8273; --darkreader-inline-border-bottom: #8c8273; --darkreader-inline-border-left: #8c8273;\" data-darkreader-inline-border-top=\"\" data-darkreader-inline-border-right=\"\" data-darkreader-inline-border-bottom=\"\" data-darkreader-inline-border-left=\"\">M\u00e9moires de la Soci\u00e9t\u00e9 d\u2019entomologie du Canada<\/span><\/em>\u00a0peuvent \u00eatre achet\u00e9s en tant qu\u2019archives num\u00e9riques aupr\u00e8s des Presses de l\u2019Universit\u00e9 Cambridge\u00a0<a href=\"http:\/\/journals.cambridge.org\/action\/displayJournal?jid=tce\">ici<\/a>.<\/p>\n<\/div><\/section><br \/>\n<div  style='padding-bottom:10px; ' class='av-special-heading av-special-heading-h2    avia-builder-el-10  el_after_av_textblock  el_before_av_textblock  '><h2 class='av-special-heading-tag '  itemprop=\"headline\"  >Publiez dans The Canadian Entomologist<\/h2><div class='special-heading-border'><div class='special-heading-inner-border' ><\/div><\/div><\/div><br \/>\n<section class=\"av_textblock_section \"  itemscope=\"itemscope\" itemtype=\"https:\/\/schema.org\/CreativeWork\" ><div class='avia_textblock  '   itemprop=\"text\" ><p>La revue\u00a0<em>The Canadian Entomologist<\/em>\u00a0(<em>TCE<\/em>) est publi\u00e9e par Cambridge University Press (CUP). Il y a plusieurs avantages importants \u00e0 ce partenariat. Tout d\u2019abord, TCE est maintenant un journal enti\u00e8rement \u00e9lectronique avec une publication continue, ce qui signifie qu\u2019il n\u2019y a pas de d\u00e9lai entre l\u2019acceptation et la mise en page des articles, et leur publication. En d\u2019autres termes, les manuscrits ne sont plus publi\u00e9s d\u2019abord sans num\u00e9ros de page en \u00ab\u00a0First View\u00a0\u00bb et ensuite avec les num\u00e9ros de pages dans des volumes individuels \u2013 \u00e0 la place, vos travaux seront publi\u00e9s dans leur format final d\u00e8s la fin du processus de production.<\/p>\n<p>CUP a \u00e9galement sign\u00e9 un <strong>accord de \u00ab\u00a0Lecture-Publication\u00a0\u00bb<\/strong> avec le R\u00e9seau canadien de documentation pour la recherche (RCDR), qui permet une lecture illimit\u00e9e et une publication en libre acc\u00e8s sans frais pour les auteurs affili\u00e9s aux \u00e9tablissements participants. Le RCDR repr\u00e9sente 42 \u00e9tablissements universitaires \u00e0 travers le Canada. CUP a \u00e9galement sign\u00e9 des accords similaires avec un grand nombre d\u2019institutions dans le monde. Pour les auteurs qui ne sont pas affili\u00e9s avec un \u00e9tablissement participant, CUP offre maintenant une r\u00e9duction sur les frais de publication en libre-acc\u00e8s pour les membres de la SEC (consultez les tarifs <a href=\"https:\/\/www.cambridge.org\/core\/journals\/canadian-entomologist\/information\/open-access-options\">ici<\/a>). Pour la publication r\u00e9guli\u00e8re (sans libre-acc\u00e8s), il n\u2019y a pas de frais de pages pour les articles publi\u00e9s dans notre revue et les illustrations en couleur sont publi\u00e9es gratuitement.<\/p>\n<p>Tous les manuscrits pour\u00a0<em><span style=\"border: 1pt windowtext; padding: 0in; --darkreader-inline-border-top: #8c8273; --darkreader-inline-border-right: #8c8273; --darkreader-inline-border-bottom: #8c8273; --darkreader-inline-border-left: #8c8273;\" data-darkreader-inline-border-top=\"\" data-darkreader-inline-border-right=\"\" data-darkreader-inline-border-bottom=\"\" data-darkreader-inline-border-left=\"\">The Canadian Entomologist<\/span><\/em>\u00a0doivent \u00eatre soumis en ligne en se connectant au site de ScholarOne pour la revue\u00a0:\u00a0<a href=\"http:\/\/mc.manuscriptcentral.com\/tce\" target=\"_blank\" rel=\"noopener\">http:\/\/mc.manuscriptcentral.com\/tce<\/a>. Toute question sur cette proc\u00e9dure doit \u00eatre envoy\u00e9e aux r\u00e9dacteurs en chef\u00a0:\u00a0<a href=\"mailto:editor@esc-sec.ca\">Amanda Roe<\/a>, <a href=\"mailto:editor@esc-sec.ca\">Suzanne Blatt<\/a> ou <a href=\"mailto:editor@esc-sec.ca\">Lisa Lumley<\/a>.<\/p>\n<p><img loading=\"lazy\" decoding=\"async\" class=\"size-full wp-image-10475 aligncenter\" src=\"https:\/\/esc-sec.ca\/wp-content\/uploads\/2024\/12\/SubmitMS_FR.jpg\" alt=\"\" width=\"150\" height=\"64\" \/><\/p>\n<h5>Pour plus d\u2019information, consultez :<\/h5>\n<ul>\n<li>L\u2019annonce de l\u2019entente \u00ab lecture &amp; publication \u00bb entre le RCDR et CUP : <a href=\"https:\/\/www.crkn-rcdr.ca\/fr\/le-rcdr-annonce-un-accord-transformatif-avec-cambridge-university-press\">https:\/\/www.crkn-rcdr.ca\/fr\/le-rcdr-annonce-un-accord-transformatif-avec-cambridge-university-press<\/a><\/li>\n<li>Consultez les ententes de libre acc\u00e8s pour votre organisation au Canada ou ailleurs : <a href=\"https:\/\/www.cambridge.org\/core\/services\/open-access-policies\/waivers-discounts\">https:\/\/www.cambridge.org\/core\/services\/open-access-policies\/waivers-discounts<\/a><\/li>\n<\/ul>\n<\/div><\/section><\/p><\/div>\n<div class=\"flex_column av_one_half  flex_column_div av-zero-column-padding first  avia-builder-el-12  el_after_av_two_third  el_before_av_one_half  column-top-margin\" style='border-radius:0px; '><p><div  style='padding-bottom:10px; ' class='av-special-heading av-special-heading-h2    avia-builder-el-13  el_before_av_textblock  avia-builder-el-first  '><h2 class='av-special-heading-tag '  itemprop=\"headline\"  >Bureau de la R\u00e9daction<\/h2><div class='special-heading-border'><div class='special-heading-inner-border' ><\/div><\/div><\/div><br \/>\n<section class=\"av_textblock_section \"  itemscope=\"itemscope\" itemtype=\"https:\/\/schema.org\/CreativeWork\" ><div class='avia_textblock  '   itemprop=\"text\" ><p>Dr Lisa Lumley, r\u00e9dacteur en chef,<br \/>\nThe Canadian Entomologist<br \/>\nDepartment of Biological Sciences<br \/>\nUniversity of Alberta<br \/>\nCalgary, Alberta, Canada<br \/>\n<a href=\"mailto:editor@esc-sec.ca\">editor@esc-sec.ca<\/a><\/p>\n<p>Dre Suzanne Blatt, r\u00e9dactrice en chef<br \/>\nThe Canadian Entomologist<br \/>\nAgriculture et agroalimentaire Canada<br \/>\nCentre de recherche et de d\u00e9veloppement de Kentville<br \/>\nKentville, Nouvelle-\u00c9cosse<br \/>\nT\u00e9l.: 902 365-8552<br \/>\n<a href=\"mailto:editor@esc-sec.ca\">editor@esc-sec.ca<\/a><\/p>\n<p>Dre Amanda Roe, r\u00e9dactrice en chef<br \/>\nThe Canadian Entomologist<br \/>\nCentre de foresterie des Grands Lacs<br \/>\nService canadien des for\u00eats<br \/>\nRessources naturelles Canada<br \/>\nSault Ste. Marie, Ontario Canada<br \/>\nTel: 705-541-5517<br \/>\n<a href=\"mailto:editor@esc-sec.ca\">editor@esc-sec.ca<\/a><\/p>\n<p>Monique Keiran, adjoint \u00e0 la r\u00e9daction<\/p>\n<\/div><\/section><\/p><\/div><div class=\"flex_column av_one_half  flex_column_div av-zero-column-padding   avia-builder-el-15  el_after_av_one_half  el_before_av_hr  column-top-margin\" style='border-radius:0px; '><p><div  style='padding-bottom:10px; ' class='av-special-heading av-special-heading-h2    avia-builder-el-16  el_before_av_textblock  avia-builder-el-first  '><h2 class='av-special-heading-tag '  itemprop=\"headline\"  >Services d\u2019\u00c9dition <\/h2><div class='special-heading-border'><div class='special-heading-inner-border' ><\/div><\/div><\/div><br \/>\n<section class=\"av_textblock_section \"  itemscope=\"itemscope\" itemtype=\"https:\/\/schema.org\/CreativeWork\" ><div class='avia_textblock  '   itemprop=\"text\" ><p align=\"left\"><span style=\"font-family: arial;\">Customer Service Journals<br \/>\nCambridge University Press<br \/>\nOne Liberty Plaza, 20<sup>th<\/sup>\u00a0Floor<br \/>\nNew York, NY 10006<br \/>\nUnited States<br \/>\n<a href=\"mailto:sjournals_societies@cambridge.org\" target=\"_blank\" rel=\"noopener noreferrer\">sjournals_societies@cambridge.<wbr \/>org<\/a><br \/>\n<\/span><\/p>\n<\/div><\/section><\/p><\/div><\/p>\n<div  style='height:20px' class='hr hr-invisible   avia-builder-el-18  el_after_av_one_half  avia-builder-el-last '><span class='hr-inner ' ><span class='hr-inner-style'><\/span><\/span><\/div>\n","protected":false},"excerpt":{"rendered":"","protected":false},"author":1,"featured_media":0,"parent":1904,"menu_order":10,"comment_status":"closed","ping_status":"closed","template":"","meta":{"footnotes":""},"class_list":["post-1926","page","type-page","status-publish","hentry"],"jetpack_sharing_enabled":true,"_links":{"self":[{"href":"https:\/\/esc-sec.ca\/fr\/wp-json\/wp\/v2\/pages\/1926","targetHints":{"allow":["GET"]}}],"collection":[{"href":"https:\/\/esc-sec.ca\/fr\/wp-json\/wp\/v2\/pages"}],"about":[{"href":"https:\/\/esc-sec.ca\/fr\/wp-json\/wp\/v2\/types\/page"}],"author":[{"embeddable":true,"href":"https:\/\/esc-sec.ca\/fr\/wp-json\/wp\/v2\/users\/1"}],"replies":[{"embeddable":true,"href":"https:\/\/esc-sec.ca\/fr\/wp-json\/wp\/v2\/comments?post=1926"}],"version-history":[{"count":19,"href":"https:\/\/esc-sec.ca\/fr\/wp-json\/wp\/v2\/pages\/1926\/revisions"}],"predecessor-version":[{"id":10851,"href":"https:\/\/esc-sec.ca\/fr\/wp-json\/wp\/v2\/pages\/1926\/revisions\/10851"}],"up":[{"embeddable":true,"href":"https:\/\/esc-sec.ca\/fr\/wp-json\/wp\/v2\/pages\/1904"}],"wp:attachment":[{"href":"https:\/\/esc-sec.ca\/fr\/wp-json\/wp\/v2\/media?parent=1926"}],"curies":[{"name":"wp","href":"https:\/\/api.w.org\/{rel}","templated":true}]}}