{"id":1916,"date":"2017-01-17T21:53:36","date_gmt":"2017-01-17T21:53:36","guid":{"rendered":"http:\/\/esc-sec.ca\/wp\/publications\/aafc\/"},"modified":"2017-09-13T15:42:28","modified_gmt":"2017-09-13T15:42:28","slug":"aafc","status":"publish","type":"page","link":"https:\/\/esc-sec.ca\/fr\/publications\/aafc\/","title":{"rendered":"AAFC"},"content":{"rendered":"<div id='av_section_1'  class='avia-section main_color avia-section-default avia-no-shadow  avia-bg-style-scroll  avia-builder-el-0  el_before_av_submenu  avia-builder-el-first   container_wrap sidebar_right' style='background-color: #9cbfc1;  '  ><div class='container' ><main  role=\"main\" itemprop=\"mainContentOfPage\"  class='template-page content  av-content-small alpha units'><div class='post-entry post-entry-type-page post-entry-1916'><div class='entry-content-wrapper clearfix'>\n<\/div><\/div><\/main><!-- close content main element --><\/div><\/div><div class='clear'><\/div><div id='sub_menu1'  class='av-submenu-container main_color  avia-builder-el-1  el_after_av_section  el_before_av_one_full  av-sticky-submenu  submenu-not-first container_wrap sidebar_right' style='  z-index:301' ><div class='container av-menu-mobile-disabled '><ul id=\"menu-sub-menu-publications-french\" class=\"av-subnav-menu av-submenu-pos-center\"><li id=\"menu-item-3439\" class=\"menu-item menu-item-type-post_type menu-item-object-page menu-item-top-level menu-item-top-level-1\"><a href=\"https:\/\/esc-sec.ca\/fr\/publications\/the-canadian-entomologist\/\" itemprop=\"url\"><span class=\"avia-bullet\"><\/span><span class=\"avia-menu-text\">The Canadian Entomologist<\/span><span class=\"avia-menu-fx\"><span class=\"avia-arrow-wrap\"><span class=\"avia-arrow\"><\/span><\/span><\/span><\/a><\/li>\n<li id=\"menu-item-3440\" class=\"menu-item menu-item-type-post_type menu-item-object-page menu-item-top-level menu-item-top-level-2\"><a href=\"https:\/\/esc-sec.ca\/fr\/publications\/memoirs\/\" itemprop=\"url\"><span class=\"avia-bullet\"><\/span><span class=\"avia-menu-text\">M\u00e9moires<\/span><span class=\"avia-menu-fx\"><span class=\"avia-arrow-wrap\"><span class=\"avia-arrow\"><\/span><\/span><\/span><\/a><\/li>\n<li id=\"menu-item-3441\" class=\"menu-item menu-item-type-post_type menu-item-object-page menu-item-top-level menu-item-top-level-3\"><a href=\"https:\/\/esc-sec.ca\/fr\/publications\/bulletin\/\" itemprop=\"url\"><span class=\"avia-bullet\"><\/span><span class=\"avia-menu-text\">Bulletin<\/span><span class=\"avia-menu-fx\"><span class=\"avia-arrow-wrap\"><span class=\"avia-arrow\"><\/span><\/span><\/span><\/a><\/li>\n<li id=\"menu-item-3442\" class=\"menu-item menu-item-type-post_type menu-item-object-page menu-item-top-level menu-item-top-level-4\"><a href=\"https:\/\/esc-sec.ca\/fr\/publications\/aafc\/\" itemprop=\"url\"><span class=\"avia-bullet\"><\/span><span class=\"avia-menu-text\">AAFC<\/span><span class=\"avia-menu-fx\"><span class=\"avia-arrow-wrap\"><span class=\"avia-arrow\"><\/span><\/span><\/span><\/a><\/li>\n<li id=\"menu-item-3443\" class=\"menu-item menu-item-type-post_type menu-item-object-page menu-item-top-level menu-item-top-level-5\"><a href=\"https:\/\/esc-sec.ca\/fr\/publications\/diseases-and-pests-of-vegetable-crops\/\" itemprop=\"url\"><span class=\"avia-bullet\"><\/span><span class=\"avia-menu-text\">Maladies et Ravageurs des Cultures L\u00e9gumi\u00e8res au Canada<\/span><span class=\"avia-menu-fx\"><span class=\"avia-arrow-wrap\"><span class=\"avia-arrow\"><\/span><\/span><\/span><\/a><\/li>\n<li id=\"menu-item-3444\" class=\"menu-item menu-item-type-post_type menu-item-object-page menu-item-top-level menu-item-top-level-6\"><a href=\"https:\/\/esc-sec.ca\/fr\/publications\/biological-control-programmes-in-canada\/\" itemprop=\"url\"><span class=\"avia-bullet\"><\/span><span class=\"avia-menu-text\">S\u00e9rie Biological Control Programmes in Canada<\/span><span class=\"avia-menu-fx\"><span class=\"avia-arrow-wrap\"><span class=\"avia-arrow\"><\/span><\/span><\/span><\/a><\/li>\n<\/ul><\/div><\/div><div class='sticky_placeholder'><\/div><div id='after_submenu'  class='main_color av_default_container_wrap container_wrap sidebar_right' style=' '  ><div class='container' ><div class='template-page content  av-content-small alpha units'><div class='post-entry post-entry-type-page post-entry-1916'><div class='entry-content-wrapper clearfix'>\n<div class=\"flex_column av_one_full  flex_column_div av-zero-column-padding first  avia-builder-el-2  el_after_av_submenu  avia-builder-el-no-sibling  \" style='border-radius:0px; '><p><div  style='padding-bottom:10px; font-size:45px;' class='av-special-heading av-special-heading-h1  blockquote modern-quote  avia-builder-el-3  el_before_av_textblock  avia-builder-el-first  av-inherit-size '><h1 class='av-special-heading-tag '  itemprop=\"headline\"  >Monographies d\u2019Agriculture et Agroalimentaire Canada<\/h1><div class='special-heading-border'><div class='special-heading-inner-border' ><\/div><\/div><\/div><br \/>\n<section class=\"av_textblock_section \"  itemscope=\"itemscope\" itemtype=\"https:\/\/schema.org\/CreativeWork\" ><div class='avia_textblock  '   itemprop=\"text\" ><p>La Soci\u00e9t\u00e9 d\u2019Entomologie du Canada (SEC) a obtenu l\u2019autorisation des droits d\u2019auteur de Sa Majest\u00e9 la Reine du chef du Canada, repr\u00e9sent\u00e9e par le Ministre d\u2019Agriculture et Agroalimentaire Canada (AAC), afin de publier sur le site Internet de la SEC les monographies suivantes, \u00e9crites par des employ\u00e9s de AAC. La SEC a \u00e9galement obtenue l\u2019autorisation des droits d\u2019auteur de la part d\u2019auteurs non-employ\u00e9s de AAC, identifi\u00e9s par un ast\u00e9risque. Tous les travaux poss\u00e8dent des droits d\u2019auteur \u00a9 Sa Majest\u00e9 la Reine du chef du Canada, repr\u00e9sent\u00e9e par le Ministre d\u2019Agriculture et Agroalimentaire Canada (1976-1993).<\/p>\n<\/div><\/section><br \/>\n<div   class='hr hr-short hr-left   avia-builder-el-5  el_after_av_textblock  el_before_av_textblock '><span class='hr-inner ' ><span class='hr-inner-style'><\/span><\/span><\/div><br \/>\n<section class=\"av_textblock_section \"  itemscope=\"itemscope\" itemtype=\"https:\/\/schema.org\/CreativeWork\" ><div class='avia_textblock  '   itemprop=\"text\" ><p>Various authors, 1983, Manual of Nearctic Diptera. Volume 1, 674 (<a href=\"http:\/\/esc-sec.ca\/wp\/wp-content\/uploads\/2017\/03\/AAFC_manual_of_nearctic_diptera_vol_1.pdf\">pdf<\/a>)<\/p>\n<p>Various authors, 1987, Manual of Nearctic Diptera. Volume 2, 658\u00a0(<a href=\"http:\/\/esc-sec.ca\/wp\/wp-content\/uploads\/2017\/03\/AAFC_manual_of_nearctic_diptera_vol_2.pdf\">pdf<\/a>)<\/p>\n<p>Various authors, 1990, Manual of Nearctic Diptera. Volume 3, 249\u00a0(<a href=\"http:\/\/esc-sec.ca\/wp\/wp-content\/uploads\/2017\/03\/AAFC_manual_of_nearctic_diptera_vol_3.pdf\">pdf<\/a>)<\/p>\n<p>Various authors, 1987, The insects, spiders and mites of Cape Breton Highlands National Park, BRC Report 1, 302\u00a0(<a href=\"http:\/\/esc-sec.ca\/wp\/wp-content\/uploads\/2017\/03\/AAFC_insects_spiders_and_mites_of_cape_breton.pdf\">pdf<\/a>)<\/p>\n<p>Anderson, R.S. &amp; Peck, S., 1985, The carrion beetles of Canada and Alaska: Coleoptera: Silphidae and Agyrtidae, Insects and Arachnids of Canada Handbook Series, 13, 121\u00a0(<a href=\"http:\/\/esc-sec.ca\/wp\/wp-content\/uploads\/2017\/03\/AAFC_insects_and_arachnids_part_13.pdf\">pdf<\/a>)<\/p>\n<p>Anderson, R.V. &amp; Mulvey, R.H., 1979, Plant-parasitic nematodes in Canada. an illustrated key to the genera \/ Part 1, 152\u00a0(<a href=\"http:\/\/esc-sec.ca\/wp\/wp-content\/uploads\/2017\/03\/AAFC_plant_parasitic_nematodes_in_canada_part_1_key.pdf\">pdf<\/a>)<\/p>\n<p>Bousquet, Y. (1990), Beetles associated with stored products in Canada: an identification guide. Canada Department of Agriculture Publication: 1-220\u00a0(<a href=\"http:\/\/esc-sec.ca\/wp\/wp-content\/uploads\/2017\/03\/AAFC_bousquet1990.pdf\">pdf<\/a>)<\/p>\n<p>Bousquet, Y., 1991, Checklist of beetles of Canada and Alaska, 430\u00a0(<a href=\"http:\/\/esc-sec.ca\/wp\/wp-content\/uploads\/2017\/03\/AAFC_checklist_of_beetles_of_canada_and_alaska.pdf\">pdf<\/a>)<\/p>\n<p>Bright, D.E., 1993, The weevils of Canada and Alaska. Volume 1: Coleoptera: Curculionoidea, excluding Scolytidae and Curculionidae, Insects and Arachnids of Canada Handbook Series, 21, 217\u00a0(<a href=\"http:\/\/esc-sec.ca\/wp\/wp-content\/uploads\/2017\/03\/AAFC_insects_and_arachnids_part_21.pdf\">pdf<\/a>)<\/p>\n<p>Bright, D.E., 1976, The bark beetles of Canada and Alaska: Coleoptera: Scolytidae, Insects and Arachnids of Canada Handbook Series, 2, 241\u00a0(<a href=\"http:\/\/esc-sec.ca\/wp\/wp-content\/uploads\/2017\/03\/AAFC_insects_and_arachnids_part_2.pdf\">pdf<\/a>)<\/p>\n<p>Bright, D.E., 1987, The metallic wood-boring beetles of Canada and Alaska: Coleoptera: Buprestidae, Insects and Arachnids of Canada Handbook Series, 15, 335\u00a0(<a href=\"http:\/\/esc-sec.ca\/wp\/wp-content\/uploads\/2017\/03\/AAFC_insects_and_arachnids_part_15.pdf\">pdf<\/a>)<\/p>\n<p>Campbell, J.M., Sarazin, M.J. &amp; Lyons, B., 1989, Canadian beetles (Coleoptera) injurious to crops, ornamentals, stored products, and buildings, 491\u00a0(<a href=\"http:\/\/esc-sec.ca\/wp\/wp-content\/uploads\/2017\/03\/AAFC_canadian_beetles_coleoptera.pdf\">pdf<\/a>)<\/p>\n<p>Cody, W.J.; Savile, D.B.O.; Sarazin, M.J., 1986, Systematics in Agriculture Canada at Ottawa, 1886-1986, Historical Series (Canada, Agriculture Canada), 28, 83\u00a0(<a href=\"http:\/\/esc-sec.ca\/wp\/wp-content\/uploads\/2017\/03\/AAFC_syst_a_can1886-1986-eng.pdf\">pdf<\/a>)<\/p>\n<p>Cody, W.J., 1986, La recherche en syst\u00e9matique \u00e0 Agriculture Canada, Ottawa, 1886-1986, S\u00e9rie historique (Canada, Agriculture Canada), 28, 83\u00a0(<a href=\"http:\/\/esc-sec.ca\/wp\/wp-content\/uploads\/2017\/03\/AAFC_syst_a_can1886-1986-fr.pdf\">pdf<\/a>)<\/p>\n<p>Dondale, C.D. &amp; Redner, J.H., 1990, The wolf spiders, nurseryweb spiders, and lynx spiders of Canada and Alaska: Araneae: Lycosidae, Pisauridae, and Oxyopidae, Insects and Arachnids of Canada Handbook Series, 17, 383\u00a0(<a href=\"http:\/\/esc-sec.ca\/wp\/wp-content\/uploads\/2017\/03\/AAFC_insects_and_arachnids_part_17.pdf\">pdf<\/a>)<\/p>\n<p>Dondale, C.D. &amp; Redner, J.H., 1978, The crab spiders of Canada and Alaska: Araneae: Philodromidae and Thomisidae, Insects and Arachnids of Canada Handbook Series, 5, 255\u00a0(<a href=\"http:\/\/esc-sec.ca\/wp\/wp-content\/uploads\/2017\/03\/AAFC_insects_and_arachnids_part_5.pdf\">pdf<\/a>)<\/p>\n<p>Dondale, C.D. &amp; Redner, J.H., 1982, The sac spiders of Canada and Alaska: Araneae: Clubionidae and Anyphaenidae, Insects and Arachnids of Canada Handbook Series, 9, 194\u00a0(<a href=\"http:\/\/esc-sec.ca\/wp\/wp-content\/uploads\/2017\/03\/AAFC_insects_and_arachnids_part_9.pdf\">pdf<\/a>)<\/p>\n<p>Ebsary, B.A., 1991, Catalog of the order Tylenchida (Nematoda) \/ Catalogue, ordre des Tylenchida (Nematoda), 196\u00a0(<a href=\"http:\/\/esc-sec.ca\/wp\/wp-content\/uploads\/2017\/03\/AAFC_catalog_of_order_tylenchida.pdf\">pdf<\/a>)<\/p>\n<p>Foottit, R.G. &amp; Richards, 1993, The genera of the aphids of Canada: Homoptera: Aphidoidea and Phylloxeroidea, Insects and Arachnids of Canada Handbook Series, 22, 766\u00a0(<a href=\"http:\/\/esc-sec.ca\/wp\/wp-content\/uploads\/2017\/03\/AAFC_insects_and_arachnids_part_22.pdf\">pdf<\/a>)<\/p>\n<p>Goulet, H., 1992, The genera and subgenera of the sawflies of Canada and Alaska: Hymenoptera: Symphyta, Insects and Arachnids of Canada Handbook Series, 20, 235\u00a0(<a href=\"http:\/\/esc-sec.ca\/wp\/wp-content\/uploads\/2017\/03\/AAFC_insects_and_arachnids_part_20.pdf\">pdf<\/a>)<\/p>\n<p>Goulet, H. &amp; Huber, J., 1993, Hymenoptera of the world: an identification guide to families, 668\u00a0(<a href=\"http:\/\/esc-sec.ca\/wp\/wp-content\/uploads\/2017\/03\/AAFC_hymenoptera_of_the_world.pdf\">pdf<\/a>)<\/p>\n<p>Hamilton, K.G.A., 1982, The spittlebugs of Canada: Homoptera: Cercopidae, Insects and Arachnids of Canada Handbook Series, 10, 102\u00a0(<a href=\"http:\/\/esc-sec.ca\/wp\/wp-content\/uploads\/2017\/03\/AAFC_insects_and_arachnids_part_10.pdf\">pdf<\/a>)<\/p>\n<p>Kelton, L.A., 1978, The Anthocoridae of Canada and Alaska: Heteroptera, Anthocoridae, Insects and Arachnids of Canada Handbook Series, 4, 101\u00a0(<a href=\"http:\/\/esc-sec.ca\/wp\/wp-content\/uploads\/2017\/03\/AAFC_insects_and_arachnids_part_4.pdf\">pdf<\/a>)<\/p>\n<p>Kelton, L.A., 1980, The plant bugs of the Prairie Provinces of Canada: Heteroptera: Miridae, Insects and Arachnids of Canada Handbook Series, 8, 408\u00a0(<a href=\"http:\/\/esc-sec.ca\/wp\/wp-content\/uploads\/2017\/03\/AAFC_insects_and_arachnids_part_8.pdf\">pdf<\/a>)<\/p>\n<p>Martin, J.E.H., 1983, R\u00e9colte, pr\u00e9paration et conservation des insectes, des acariens et des araign\u00e9es, Insects and Arachnids of Canada Handbook Series, 1 (French), 205\u00a0(<a href=\"http:\/\/esc-sec.ca\/wp\/wp-content\/uploads\/2017\/03\/AAFC_insects_and_arachnids_part_1_fre.pdf\">pdf<\/a>)<\/p>\n<p>Martin, J.E.H., 1977, Collecting, preparing, and preserving insects, mites, and spiders, Insects and Arachnids of Canada Handbook Series, 1 (English), 182\u00a0(<a href=\"http:\/\/esc-sec.ca\/wp\/wp-content\/uploads\/2017\/03\/AAFC_insects_and_arachnids_part_1_eng.pdf\">pdf<\/a>)<\/p>\n<p>Matsuda, R., 1977, The Aradidae of Canada: Hemiptera: Aradidae, Insects and Arachnids of Canada Handbook Series, 3, 116\u00a0(<a href=\"http:\/\/esc-sec.ca\/wp\/wp-content\/uploads\/2017\/03\/AAFC_insects_and_arachnids_part_3.pdf\">pdf<\/a>)<\/p>\n<p>Oliver, D.R. &amp; Roussel, 1983, The genera of larval midges of Canada: Diptera, Chironomidae, Insects and Arachnids of Canada Handbook Series, 11, 263\u00a0(<a href=\"http:\/\/esc-sec.ca\/wp\/wp-content\/uploads\/2017\/03\/AAFC_insects_and_arachnids_part_11.pdf\">pdf<\/a>)<\/p>\n<p>Oliver, D.R., Dillon, M.E. &amp; Cranston, P.S. 1990, A catalogue of Nearctic Chironomidae, 98\u00a0(<a href=\"http:\/\/esc-sec.ca\/wp\/wp-content\/uploads\/2017\/03\/AAFC_catalog_of_nearctic_chironomidae.pdf\">pdf<\/a>)<\/p>\n<p>Platnick, N.I. &amp; Dondale, C.D., 1991, The ground spiders of Canada and Alaska : Araneae: Gnaphosidae, Insects and Arachnids of Canada Handbook Series, 19, 297\u00a0(<a href=\"http:\/\/esc-sec.ca\/wp\/wp-content\/uploads\/2017\/03\/AAFC_insects_and_arachnids_part_19.pdf\">pdf<\/a>)<\/p>\n<p>Rockburne, E.W., 1976, The cutworm moths of Ontario and Quebec, 164\u00a0(<a href=\"http:\/\/esc-sec.ca\/wp\/wp-content\/uploads\/2017\/03\/AAFC_cutworm_moths_of_ontario_and_quebec.pdf\">pdf<\/a>)<\/p>\n<p>Schmid, F., 1980, Genera des Trichopt\u00e8res du Canada et des \u00c9tats adjacents, Insects and Arachnids of Canada Handbook Series, 7 (French), 296\u00a0(<a href=\"http:\/\/esc-sec.ca\/wp\/wp-content\/uploads\/2017\/03\/AAFC_insects_and_arachnids_part_7_fre.pdf\">pdf<\/a>)<\/p>\n<p>Teskey, H.J., 1990, The horse flies and deer flies of Canada and Alaska: Diptera: Tabanidae, Insects and Arachnids of Canada Handbook Series, 16, 381\u00a0(<a href=\"http:\/\/esc-sec.ca\/wp\/wp-content\/uploads\/2017\/03\/AAFC_insects_and_arachnids_part_16.pdf\">pdf<\/a>)<\/p>\n<p>Vickery, V.R. &amp; Kevan, D.K.McE., 1986, The grasshoppers, crickets, and related insects of Canada and adjacent regions: Ulonata: Dermaptera, Cheleutoptera, Notoptera, Dictuoptera, Grylloptera, and Orthoptera, Insects and Arachnids of Canada Handbook Series, 14, 918\u00a0(<a href=\"http:\/\/esc-sec.ca\/wp\/wp-content\/uploads\/2017\/03\/AAFC_insects_and_arachnids_part_14.pdf\">pdf<\/a>)<\/p>\n<p>Vockeroth, J.R., 1991, The flower flies of the subfamily Syrphinae of Canada, Alaska, and Greenland, Diptera: Syrphidae, Insects and Arachnids of Canada Handbook Series, 18, 456\u00a0(<a href=\"http:\/\/esc-sec.ca\/wp\/wp-content\/uploads\/2017\/03\/AAFC_insects_and_arachnids_part_18.pdf\">pdf<\/a>)<\/p>\n<p>Wood, D.M., Dang, P.T. &amp; Ellis, R.A., 1979, The mosquitoes of Canada: Diptera: Culicidae, Insects and Arachnids of Canada Handbook Series, 6 (English), 390\u00a0(<a href=\"http:\/\/esc-sec.ca\/wp\/wp-content\/uploads\/2017\/03\/AAFC_insects_and_arachnids_part_6.pdf\">pdf<\/a>)<\/p>\n<p>Wood, D.M., Dang, P.T. &amp; Ellis, R.A., 1984, Cl\u00e9s des genres et des esp\u00e8ces de moustiques du Canada: Diptera: Culicida, Insects and Arachnids of Canada Handbook Series, 6 (French), 93\u00a0(<a href=\"http:\/\/esc-sec.ca\/wp\/wp-content\/uploads\/2017\/03\/AAFC_diptera_culicidea_cles_des_genres_fre.pdf\">pdf<\/a>)<\/p>\n<p>Yoshimoto, C.M., 1984, The families and subfamilies of Canadian Chalcidoid wasps, Insects and Arachnids of Canada Handbook Series, 12, 149\u00a0(<a href=\"http:\/\/esc-sec.ca\/wp\/wp-content\/uploads\/2017\/03\/AAFC_insects_and_arachnids_part_12.pdf\">pdf<\/a>)<\/p>\n<\/div><\/section><br \/>\n<div  style='height:40px' class='hr hr-invisible  '><span class='hr-inner ' ><span class='hr-inner-style'><\/span><\/span><\/div><\/p><\/div>\n","protected":false},"excerpt":{"rendered":"","protected":false},"author":1,"featured_media":0,"parent":1904,"menu_order":60,"comment_status":"closed","ping_status":"closed","template":"","meta":{"footnotes":""},"class_list":["post-1916","page","type-page","status-publish","hentry"],"jetpack_sharing_enabled":true,"_links":{"self":[{"href":"https:\/\/esc-sec.ca\/fr\/wp-json\/wp\/v2\/pages\/1916","targetHints":{"allow":["GET"]}}],"collection":[{"href":"https:\/\/esc-sec.ca\/fr\/wp-json\/wp\/v2\/pages"}],"about":[{"href":"https:\/\/esc-sec.ca\/fr\/wp-json\/wp\/v2\/types\/page"}],"author":[{"embeddable":true,"href":"https:\/\/esc-sec.ca\/fr\/wp-json\/wp\/v2\/users\/1"}],"replies":[{"embeddable":true,"href":"https:\/\/esc-sec.ca\/fr\/wp-json\/wp\/v2\/comments?post=1916"}],"version-history":[{"count":1,"href":"https:\/\/esc-sec.ca\/fr\/wp-json\/wp\/v2\/pages\/1916\/revisions"}],"predecessor-version":[{"id":1917,"href":"https:\/\/esc-sec.ca\/fr\/wp-json\/wp\/v2\/pages\/1916\/revisions\/1917"}],"up":[{"embeddable":true,"href":"https:\/\/esc-sec.ca\/fr\/wp-json\/wp\/v2\/pages\/1904"}],"wp:attachment":[{"href":"https:\/\/esc-sec.ca\/fr\/wp-json\/wp\/v2\/media?parent=1916"}],"curies":[{"name":"wp","href":"https:\/\/api.w.org\/{rel}","templated":true}]}}