{"id":1908,"date":"2017-01-17T21:58:00","date_gmt":"2017-01-17T21:58:00","guid":{"rendered":"http:\/\/esc-sec.ca\/wp\/publications\/biological-control-programmes-in-canada\/"},"modified":"2017-09-13T15:34:42","modified_gmt":"2017-09-13T15:34:42","slug":"biological-control-programmes-in-canada","status":"publish","type":"page","link":"https:\/\/esc-sec.ca\/fr\/publications\/biological-control-programmes-in-canada\/","title":{"rendered":"S\u00e9rie Biological Control Programmes in Canada"},"content":{"rendered":"<div id='av_section_1'  class='avia-section main_color avia-section-default avia-no-shadow  avia-bg-style-scroll  avia-builder-el-0  el_before_av_submenu  avia-builder-el-first   container_wrap sidebar_right' style='background-color: #9cbfc1;  '  ><div class='container' ><main  role=\"main\" itemprop=\"mainContentOfPage\"  class='template-page content  av-content-small alpha units'><div class='post-entry post-entry-type-page post-entry-1908'><div class='entry-content-wrapper clearfix'>\n<\/div><\/div><\/main><!-- close content main element --><\/div><\/div><div class='clear'><\/div><div id='sub_menu1'  class='av-submenu-container main_color  avia-builder-el-1  el_after_av_section  el_before_av_one_full  av-sticky-submenu  submenu-not-first container_wrap sidebar_right' style='  z-index:301' ><div class='container av-menu-mobile-disabled '><ul id=\"menu-sub-menu-publications-french\" class=\"av-subnav-menu av-submenu-pos-center\"><li id=\"menu-item-3439\" class=\"menu-item menu-item-type-post_type menu-item-object-page menu-item-top-level menu-item-top-level-1\"><a href=\"https:\/\/esc-sec.ca\/fr\/publications\/the-canadian-entomologist\/\" itemprop=\"url\"><span class=\"avia-bullet\"><\/span><span class=\"avia-menu-text\">The Canadian Entomologist<\/span><span class=\"avia-menu-fx\"><span class=\"avia-arrow-wrap\"><span class=\"avia-arrow\"><\/span><\/span><\/span><\/a><\/li>\n<li id=\"menu-item-3440\" class=\"menu-item menu-item-type-post_type menu-item-object-page menu-item-top-level menu-item-top-level-2\"><a href=\"https:\/\/esc-sec.ca\/fr\/publications\/memoirs\/\" itemprop=\"url\"><span class=\"avia-bullet\"><\/span><span class=\"avia-menu-text\">M\u00e9moires<\/span><span class=\"avia-menu-fx\"><span class=\"avia-arrow-wrap\"><span class=\"avia-arrow\"><\/span><\/span><\/span><\/a><\/li>\n<li id=\"menu-item-3441\" class=\"menu-item menu-item-type-post_type menu-item-object-page menu-item-top-level menu-item-top-level-3\"><a href=\"https:\/\/esc-sec.ca\/fr\/publications\/bulletin\/\" itemprop=\"url\"><span class=\"avia-bullet\"><\/span><span class=\"avia-menu-text\">Bulletin<\/span><span class=\"avia-menu-fx\"><span class=\"avia-arrow-wrap\"><span class=\"avia-arrow\"><\/span><\/span><\/span><\/a><\/li>\n<li id=\"menu-item-3442\" class=\"menu-item menu-item-type-post_type menu-item-object-page menu-item-top-level menu-item-top-level-4\"><a href=\"https:\/\/esc-sec.ca\/fr\/publications\/aafc\/\" itemprop=\"url\"><span class=\"avia-bullet\"><\/span><span class=\"avia-menu-text\">AAFC<\/span><span class=\"avia-menu-fx\"><span class=\"avia-arrow-wrap\"><span class=\"avia-arrow\"><\/span><\/span><\/span><\/a><\/li>\n<li id=\"menu-item-3443\" class=\"menu-item menu-item-type-post_type menu-item-object-page menu-item-top-level menu-item-top-level-5\"><a href=\"https:\/\/esc-sec.ca\/fr\/publications\/diseases-and-pests-of-vegetable-crops\/\" itemprop=\"url\"><span class=\"avia-bullet\"><\/span><span class=\"avia-menu-text\">Maladies et Ravageurs des Cultures L\u00e9gumi\u00e8res au Canada<\/span><span class=\"avia-menu-fx\"><span class=\"avia-arrow-wrap\"><span class=\"avia-arrow\"><\/span><\/span><\/span><\/a><\/li>\n<li id=\"menu-item-3444\" class=\"menu-item menu-item-type-post_type menu-item-object-page menu-item-top-level menu-item-top-level-6\"><a href=\"https:\/\/esc-sec.ca\/fr\/publications\/biological-control-programmes-in-canada\/\" itemprop=\"url\"><span class=\"avia-bullet\"><\/span><span class=\"avia-menu-text\">S\u00e9rie Biological Control Programmes in Canada<\/span><span class=\"avia-menu-fx\"><span class=\"avia-arrow-wrap\"><span class=\"avia-arrow\"><\/span><\/span><\/span><\/a><\/li>\n<\/ul><\/div><\/div><div class='sticky_placeholder'><\/div><div id='after_submenu'  class='main_color av_default_container_wrap container_wrap sidebar_right' style=' '  ><div class='container' ><div class='template-page content  av-content-small alpha units'><div class='post-entry post-entry-type-page post-entry-1908'><div class='entry-content-wrapper clearfix'>\n<div class=\"flex_column av_one_full  flex_column_div av-zero-column-padding first  avia-builder-el-2  el_after_av_submenu  avia-builder-el-no-sibling  \" style='border-radius:0px; '><p><div  style='padding-bottom:10px; font-size:45px;' class='av-special-heading av-special-heading-h1  blockquote modern-quote  avia-builder-el-3  el_before_av_textblock  avia-builder-el-first  av-inherit-size '><h1 class='av-special-heading-tag '  itemprop=\"headline\"  >S\u00e9rie Biological Control Programmes in Canada<\/h1><div class='special-heading-border'><div class='special-heading-inner-border' ><\/div><\/div><\/div><br \/>\n<section class=\"av_textblock_section \"  itemscope=\"itemscope\" itemtype=\"https:\/\/schema.org\/CreativeWork\" ><div class='avia_textblock  '   itemprop=\"text\" ><p>La Soci\u00e9t\u00e9 d&rsquo;entomologie du Canada (SEC) a obtenu la permission de publier sur le site Internet de la SEC les trois premiers volumes de la s\u00e9rie Biological Control Programmes in Canada. Le 4e et 5e volume peut \u00eatre achet\u00e9 en version papier ou \u00e9lectronique chez CABI.<\/p>\n<\/div><\/section><br \/>\n<div   class='hr hr-short hr-left   avia-builder-el-5  el_after_av_textblock  el_before_av_textblock '><span class='hr-inner ' ><span class='hr-inner-style'><\/span><\/span><\/div><br \/>\n<section class=\"av_textblock_section \"  itemscope=\"itemscope\" itemtype=\"https:\/\/schema.org\/CreativeWork\" ><div class='avia_textblock  '   itemprop=\"text\" ><p>McLeod, J.H., McGugan, B.M. and Coppel, H.C., 1962, A review of the Biological Control Attempts Against Insects and Weeds in Canada. Commonwealth Agricultural Bureaux, Farnham Royal, England, 216 (<a href=\"http:\/\/esc-sec.ca\/wp\/wp-content\/uploads\/2017\/03\/bccanada_vol_1.pdf\">PDF<\/a>)<\/p>\n<p>Various authors, 1971, Biological Control Programmes Against Insects and Weeds in Canada 1959-1968. Commonwealth Agricultural Bureaux, Farnham Royal, England, 266 (<a href=\"http:\/\/esc-sec.ca\/wp\/wp-content\/uploads\/2017\/03\/bccanada_vol_2.pdf\">PDF<\/a>)<\/p>\n<p>Kelleher J.S. and Hulme M.A. (eds), 1984, Biological Control Programmes Against Insects and Weeds in Canada 1969-1980. CABI Publishing, London, UK. 409 (<a href=\"http:\/\/esc-sec.ca\/wp\/wp-content\/uploads\/2017\/03\/bccanada_vol_3.pdf\">PDF<\/a>)<\/p>\n<p>Mason, P.G. and Huber, J.T. (eds).\u00a02002. Biological Control Programmes in Canada 1981-2000.\u00a0CABI Publishing, Wallingford, Oxon, UK, 583 (<a href=\"http:\/\/bookshop.cabi.org\/default.aspx?site=191&amp;page=2633&amp;pid=280\" target=\"_blank\" rel=\"noopener noreferrer\">version papier<\/a>) (<a href=\"https:\/\/play.google.com\/store\/books\/details\/Mason_Peter_George_Biological_Control_Programmes_i?id=tDHWhOEhTckC&amp;feature=search_result#?t=W10\" target=\"_blank\" rel=\"noopener noreferrer\">version \u00e9lectronique<\/a>)<\/p>\n<p>Mason, P.G., Gillespie, D. (eds).\u00a02013. Biological Control Programmes in Canada 2001-2012.\u00a0CABI Publishing, Wallingford, Oxon, UK, 544 (<a href=\"http:\/\/bookshop.cabi.org\/default.aspx?site=191&amp;page=2633&amp;pid=280\" target=\"_blank\" rel=\"noopener noreferrer\">version papier<\/a>) (<a href=\"https:\/\/play.google.com\/store\/books\/details\/Mason_Peter_George_Biological_Control_Programmes_i?id=tDHWhOEhTckC&amp;feature=search_result#?t=W10\" target=\"_blank\" rel=\"noopener noreferrer\">version \u00e9lectronique<\/a>)<\/p>\n<\/div><\/section><\/p><\/div>\n","protected":false},"excerpt":{"rendered":"","protected":false},"author":1,"featured_media":0,"parent":1904,"menu_order":70,"comment_status":"closed","ping_status":"closed","template":"","meta":{"footnotes":""},"class_list":["post-1908","page","type-page","status-publish","hentry"],"jetpack_sharing_enabled":true,"_links":{"self":[{"href":"https:\/\/esc-sec.ca\/fr\/wp-json\/wp\/v2\/pages\/1908","targetHints":{"allow":["GET"]}}],"collection":[{"href":"https:\/\/esc-sec.ca\/fr\/wp-json\/wp\/v2\/pages"}],"about":[{"href":"https:\/\/esc-sec.ca\/fr\/wp-json\/wp\/v2\/types\/page"}],"author":[{"embeddable":true,"href":"https:\/\/esc-sec.ca\/fr\/wp-json\/wp\/v2\/users\/1"}],"replies":[{"embeddable":true,"href":"https:\/\/esc-sec.ca\/fr\/wp-json\/wp\/v2\/comments?post=1908"}],"version-history":[{"count":3,"href":"https:\/\/esc-sec.ca\/fr\/wp-json\/wp\/v2\/pages\/1908\/revisions"}],"predecessor-version":[{"id":1911,"href":"https:\/\/esc-sec.ca\/fr\/wp-json\/wp\/v2\/pages\/1908\/revisions\/1911"}],"up":[{"embeddable":true,"href":"https:\/\/esc-sec.ca\/fr\/wp-json\/wp\/v2\/pages\/1904"}],"wp:attachment":[{"href":"https:\/\/esc-sec.ca\/fr\/wp-json\/wp\/v2\/media?parent=1908"}],"curies":[{"name":"wp","href":"https:\/\/api.w.org\/{rel}","templated":true}]}}