{"id":1902,"date":"2017-01-17T20:43:51","date_gmt":"2017-01-17T20:43:51","guid":{"rendered":"http:\/\/esc-sec.ca\/wp\/affiliated-organizations\/"},"modified":"2019-04-02T13:46:36","modified_gmt":"2019-04-02T13:46:36","slug":"affiliated-organizations","status":"publish","type":"page","link":"https:\/\/esc-sec.ca\/fr\/the-society\/affiliated-organizations\/","title":{"rendered":"Organisations affili\u00e9es"},"content":{"rendered":"<div id='av_section_1'  class='avia-section main_color avia-section-default avia-no-shadow  avia-bg-style-scroll  avia-builder-el-0  el_before_av_submenu  avia-builder-el-first   container_wrap sidebar_right' style='background-color: #9cbfc1;  '  ><div class='container' ><main  role=\"main\" itemprop=\"mainContentOfPage\"  class='template-page content  av-content-small alpha units'><div class='post-entry post-entry-type-page post-entry-1902'><div class='entry-content-wrapper clearfix'>\n<\/div><\/div><\/main><!-- close content main element --><\/div><\/div><div class='clear'><\/div><div id='sub_menu1'  class='av-submenu-container main_color  avia-builder-el-1  el_after_av_section  el_before_av_one_full  av-sticky-submenu  submenu-not-first container_wrap sidebar_right' style='  z-index:301' ><div class='container av-menu-mobile-disabled '><ul id=\"menu-sub-menu-society-french\" class=\"av-subnav-menu av-submenu-pos-center\"><li id=\"menu-item-3434\" class=\"menu-item menu-item-type-post_type menu-item-object-page menu-item-top-level menu-item-top-level-1\"><a href=\"https:\/\/esc-sec.ca\/fr\/the-society\/history-and-heritage\/\" itemprop=\"url\"><span class=\"avia-bullet\"><\/span><span class=\"avia-menu-text\">Histoire et patrimoine<\/span><span class=\"avia-menu-fx\"><span class=\"avia-arrow-wrap\"><span class=\"avia-arrow\"><\/span><\/span><\/span><\/a><\/li>\n<li id=\"menu-item-3435\" class=\"menu-item menu-item-type-post_type menu-item-object-page menu-item-top-level menu-item-top-level-2\"><a href=\"https:\/\/esc-sec.ca\/fr\/the-society\/vision-mission-roles\/\" itemprop=\"url\"><span class=\"avia-bullet\"><\/span><span class=\"avia-menu-text\">Vision, Mission &#038; R\u00f4les<\/span><span class=\"avia-menu-fx\"><span class=\"avia-arrow-wrap\"><span class=\"avia-arrow\"><\/span><\/span><\/span><\/a><\/li>\n<li id=\"menu-item-3436\" class=\"menu-item menu-item-type-post_type menu-item-object-page menu-item-top-level menu-item-top-level-3\"><a href=\"https:\/\/esc-sec.ca\/fr\/the-society\/board-of-directors\/\" itemprop=\"url\"><span class=\"avia-bullet\"><\/span><span class=\"avia-menu-text\">Conseil d\u2019administration<\/span><span class=\"avia-menu-fx\"><span class=\"avia-arrow-wrap\"><span class=\"avia-arrow\"><\/span><\/span><\/span><\/a><\/li>\n<li id=\"menu-item-8230\" class=\"menu-item menu-item-type-post_type menu-item-object-page menu-item-top-level menu-item-top-level-4\"><a href=\"https:\/\/esc-sec.ca\/fr\/the-society\/enonce-de-diversite-et-dinclusion\/\" itemprop=\"url\"><span class=\"avia-bullet\"><\/span><span class=\"avia-menu-text\">\u00c9nonc\u00e9 de diversit\u00e9 et d\u2019inclusion<\/span><span class=\"avia-menu-fx\"><span class=\"avia-arrow-wrap\"><span class=\"avia-arrow\"><\/span><\/span><\/span><\/a><\/li>\n<li id=\"menu-item-8229\" class=\"menu-item menu-item-type-post_type menu-item-object-page menu-item-top-level menu-item-top-level-5\"><a href=\"https:\/\/esc-sec.ca\/fr\/the-society\/codedeconduite\/\" itemprop=\"url\"><span class=\"avia-bullet\"><\/span><span class=\"avia-menu-text\">Code de conduite g\u00e9n\u00e9ral<\/span><span class=\"avia-menu-fx\"><span class=\"avia-arrow-wrap\"><span class=\"avia-arrow\"><\/span><\/span><\/span><\/a><\/li>\n<li id=\"menu-item-3437\" class=\"menu-item menu-item-type-post_type menu-item-object-page menu-item-top-level menu-item-top-level-6\"><a href=\"https:\/\/esc-sec.ca\/fr\/the-society\/committees\/\" itemprop=\"url\"><span class=\"avia-bullet\"><\/span><span class=\"avia-menu-text\">Comit\u00e9s<\/span><span class=\"avia-menu-fx\"><span class=\"avia-arrow-wrap\"><span class=\"avia-arrow\"><\/span><\/span><\/span><\/a><\/li>\n<li id=\"menu-item-8226\" class=\"menu-item menu-item-type-post_type menu-item-object-page menu-item-top-level menu-item-top-level-7\"><a href=\"https:\/\/esc-sec.ca\/fr\/affiliated-societies\/\" itemprop=\"url\"><span class=\"avia-bullet\"><\/span><span class=\"avia-menu-text\">Soci\u00e9t\u00e9s Affili\u00e9es<\/span><span class=\"avia-menu-fx\"><span class=\"avia-arrow-wrap\"><span class=\"avia-arrow\"><\/span><\/span><\/span><\/a><\/li>\n<li id=\"menu-item-3438\" class=\"menu-item menu-item-type-post_type menu-item-object-page menu-item-top-level menu-item-top-level-8\"><a href=\"https:\/\/esc-sec.ca\/fr\/the-society\/affiliated-organizations\/\" itemprop=\"url\"><span class=\"avia-bullet\"><\/span><span class=\"avia-menu-text\">Organisations affili\u00e9es<\/span><span class=\"avia-menu-fx\"><span class=\"avia-arrow-wrap\"><span class=\"avia-arrow\"><\/span><\/span><\/span><\/a><\/li>\n<\/ul><\/div><\/div><div class='sticky_placeholder'><\/div><div id='after_submenu'  class='main_color av_default_container_wrap container_wrap sidebar_right' style=' '  ><div class='container' ><div class='template-page content  av-content-small alpha units'><div class='post-entry post-entry-type-page post-entry-1902'><div class='entry-content-wrapper clearfix'>\n<div class=\"flex_column av_one_full  flex_column_div av-zero-column-padding first  avia-builder-el-2  el_after_av_submenu  el_before_av_one_full  avia-builder-el-first  \" style='border-radius:0px; '><p><div  style='padding-bottom:10px; font-size:45px;' class='av-special-heading av-special-heading-h1  blockquote modern-quote  avia-builder-el-3  el_before_av_textblock  avia-builder-el-first  av-inherit-size '><h1 class='av-special-heading-tag '  itemprop=\"headline\"  >ORGANISATIONS AFFILI\u00c9ES<\/h1><div class='special-heading-border'><div class='special-heading-inner-border' ><\/div><\/div><\/div><br \/>\n<section class=\"av_textblock_section \"  itemscope=\"itemscope\" itemtype=\"https:\/\/schema.org\/CreativeWork\" ><div class='avia_textblock  '   itemprop=\"text\" ><p>Une organisation \u00e0 but non lucratif ayant les m\u00eames objectifs g\u00e9n\u00e9raux que la Soci\u00e9t\u00e9 peut faire une demande d&rsquo;affiliation avec la Soci\u00e9t\u00e9. Les applications approuv\u00e9es par le conseil d&rsquo;administration seront vot\u00e9es par les membres actifs.<\/p>\n<\/div><\/section><\/p><\/div><div class=\"flex_column av_one_full  flex_column_div av-zero-column-padding first  avia-builder-el-5  el_after_av_one_full  el_before_av_hr  column-top-margin\" style='border-radius:0px; '><p><div  style='padding-bottom:10px; ' class='av-special-heading av-special-heading-h3    avia-builder-el-6  el_before_av_textblock  avia-builder-el-first  '><h3 class='av-special-heading-tag '  itemprop=\"headline\"  >La Commission biologique du Canada<\/h3><div class='special-heading-border'><div class='special-heading-inner-border' ><\/div><\/div><\/div><br \/>\n<section class=\"av_textblock_section \"  itemscope=\"itemscope\" itemtype=\"https:\/\/schema.org\/CreativeWork\" ><div class='avia_textblock  '   itemprop=\"text\" ><p>La Commission biologique du Canada (CBC) est une organisation qui aide \u00e0 coordonner la recherche scientifique effectu\u00e9e par les sp\u00e9cialistes de la faune canadienne. L\u2019adh\u00e9sion \u00e0 la CBC est gratuite, et les membres forment un r\u00e9seau de scientifiques qui collaborent sur des projets pour acqu\u00e9rir et diss\u00e9miner l\u2019information sur la flore et la faune du Canada. Le concept de la CBC a \u00e9merg\u00e9 de discussions au sein de la SEC dans les ann\u00e9es 1970 qui a men\u00e9 \u00e0 une s\u00e9rie de contrats du gouvernement f\u00e9d\u00e9ral du Canada. En 1980, la CBC a \u00e9lu domicile au Mus\u00e9e national d\u2019histoire naturelle (par la suite renomm\u00e9 le Mus\u00e9e canadien de la nature) qui, \u00e0 partir de 1982, a fond\u00e9 le secr\u00e9tariat de la CBC. Cet arrangement a cess\u00e9 en 2010, et la CBC a \u00e9t\u00e9 transform\u00e9e en soci\u00e9t\u00e9 \u00e0 but non lucratif avec son propre conseil d\u2019administration.<\/p>\n<p>Bien que la CBC a un mandat plus large que les arthropodes, les arthropodes ont \u00e9t\u00e9 importants durant toute son existence, et la SEC et les membres de la Soci\u00e9t\u00e9 ont \u00e9t\u00e9 impliqu\u00e9s dans les activit\u00e9s de la CBC. La CBC tient sa r\u00e9union annuelle en conjonction avec la SEC, et la SEC et la CBC publient ensemble le <em>Canadian Journal of Arhtropod Identification<\/em>, pour lequel la SEC a la responsabilit\u00e9 \u00e9ditoriale. Parmi les r\u00e9cents accomplissements les plus importants de la CBC, on trouve la publication, en 2019, de <em>The Biota of Canada: Terrestrial Arthropods<\/em>, qui fournit une mise \u00e0 jour inestimable de la publication de 1979 de la CBC, <em>Canada and its insect fauna<\/em>, permettant la comparaison des connaissances sur la biodiversit\u00e9 sur un intervalle de plus de 40 ans. Un autre r\u00e9cent produit de la CBC, impliquant \u00e9galement la SEC de fa\u00e7on importante, est l\u2019ensemble de quatre volumes, <em>Arthropods of Canadian Grasslands<\/em>.<\/p>\n<p>Pour plus de d\u00e9tails sur ces publications, et toute autre publication, incluant pour plus d\u2019information sur l\u2019histoire de la CBC, visitez le site <a href=\"https:\/\/biologicalsurvey.ca\/\"><strong>web de la CBC<\/strong><\/a>.<\/p>\n<\/div><\/section><\/p><\/div><div  style='height:40px' class='hr hr-invisible   avia-builder-el-8  el_after_av_one_full  avia-builder-el-last '><span class='hr-inner ' ><span class='hr-inner-style'><\/span><\/span><\/div><\/p>\n","protected":false},"excerpt":{"rendered":"","protected":false},"author":1,"featured_media":0,"parent":1962,"menu_order":50,"comment_status":"closed","ping_status":"closed","template":"","meta":{"footnotes":""},"class_list":["post-1902","page","type-page","status-publish","hentry"],"jetpack_sharing_enabled":true,"_links":{"self":[{"href":"https:\/\/esc-sec.ca\/fr\/wp-json\/wp\/v2\/pages\/1902","targetHints":{"allow":["GET"]}}],"collection":[{"href":"https:\/\/esc-sec.ca\/fr\/wp-json\/wp\/v2\/pages"}],"about":[{"href":"https:\/\/esc-sec.ca\/fr\/wp-json\/wp\/v2\/types\/page"}],"author":[{"embeddable":true,"href":"https:\/\/esc-sec.ca\/fr\/wp-json\/wp\/v2\/users\/1"}],"replies":[{"embeddable":true,"href":"https:\/\/esc-sec.ca\/fr\/wp-json\/wp\/v2\/comments?post=1902"}],"version-history":[{"count":7,"href":"https:\/\/esc-sec.ca\/fr\/wp-json\/wp\/v2\/pages\/1902\/revisions"}],"predecessor-version":[{"id":5075,"href":"https:\/\/esc-sec.ca\/fr\/wp-json\/wp\/v2\/pages\/1902\/revisions\/5075"}],"up":[{"embeddable":true,"href":"https:\/\/esc-sec.ca\/fr\/wp-json\/wp\/v2\/pages\/1962"}],"wp:attachment":[{"href":"https:\/\/esc-sec.ca\/fr\/wp-json\/wp\/v2\/media?parent=1902"}],"curies":[{"name":"wp","href":"https:\/\/api.w.org\/{rel}","templated":true}]}}