{"id":1885,"date":"2017-01-17T20:42:18","date_gmt":"2017-01-17T20:42:18","guid":{"rendered":"http:\/\/esc-sec.ca\/wp\/vision-mission-roles\/"},"modified":"2018-01-03T19:54:32","modified_gmt":"2018-01-03T19:54:32","slug":"vision-mission-roles","status":"publish","type":"page","link":"https:\/\/esc-sec.ca\/fr\/the-society\/vision-mission-roles\/","title":{"rendered":"Vision, Mission &#038; R\u00f4les"},"content":{"rendered":"<div id='av_section_1'  class='avia-section main_color avia-section-default avia-no-shadow  av-section-color-overlay-active avia-bg-style-scroll  avia-builder-el-0  el_before_av_submenu  avia-builder-el-first   av-minimum-height av-minimum-height-custom  container_wrap sidebar_right' style='background-color: #9cbfc1;  '  ><div class='av-section-color-overlay-wrap'><div class='av-section-color-overlay' style='opacity: 0.5; background-image: url(https:\/\/esc-sec.ca\/wp-content\/themes\/enfold\/images\/background-images\/diagonal-thin-light.png); background-repeat: repeat;'><\/div><div class='container' style='height:100px'><main  role=\"main\" itemprop=\"mainContentOfPage\"  class='template-page content  av-content-small alpha units'><div class='post-entry post-entry-type-page post-entry-1885'><div class='entry-content-wrapper clearfix'>\n<\/div><\/div><\/main><!-- close content main element --><\/div><\/div><\/div><div class='clear'><\/div><div id='sub_menu1'  class='av-submenu-container main_color  avia-builder-el-1  el_after_av_section  el_before_av_one_full  av-sticky-submenu  submenu-not-first container_wrap sidebar_right' style='  z-index:301' ><div class='container av-menu-mobile-disabled '><ul id=\"menu-sub-menu-society-french\" class=\"av-subnav-menu av-submenu-pos-center\"><li id=\"menu-item-3434\" class=\"menu-item menu-item-type-post_type menu-item-object-page menu-item-top-level menu-item-top-level-1\"><a href=\"https:\/\/esc-sec.ca\/fr\/the-society\/history-and-heritage\/\" itemprop=\"url\"><span class=\"avia-bullet\"><\/span><span class=\"avia-menu-text\">Histoire et patrimoine<\/span><span class=\"avia-menu-fx\"><span class=\"avia-arrow-wrap\"><span class=\"avia-arrow\"><\/span><\/span><\/span><\/a><\/li>\n<li id=\"menu-item-3435\" class=\"menu-item menu-item-type-post_type menu-item-object-page menu-item-top-level menu-item-top-level-2\"><a href=\"https:\/\/esc-sec.ca\/fr\/the-society\/vision-mission-roles\/\" itemprop=\"url\"><span class=\"avia-bullet\"><\/span><span class=\"avia-menu-text\">Vision, Mission &#038; R\u00f4les<\/span><span class=\"avia-menu-fx\"><span class=\"avia-arrow-wrap\"><span class=\"avia-arrow\"><\/span><\/span><\/span><\/a><\/li>\n<li id=\"menu-item-3436\" class=\"menu-item menu-item-type-post_type menu-item-object-page menu-item-top-level menu-item-top-level-3\"><a href=\"https:\/\/esc-sec.ca\/fr\/the-society\/board-of-directors\/\" itemprop=\"url\"><span class=\"avia-bullet\"><\/span><span class=\"avia-menu-text\">Conseil d\u2019administration<\/span><span class=\"avia-menu-fx\"><span class=\"avia-arrow-wrap\"><span class=\"avia-arrow\"><\/span><\/span><\/span><\/a><\/li>\n<li id=\"menu-item-8230\" class=\"menu-item menu-item-type-post_type menu-item-object-page menu-item-top-level menu-item-top-level-4\"><a href=\"https:\/\/esc-sec.ca\/fr\/the-society\/enonce-de-diversite-et-dinclusion\/\" itemprop=\"url\"><span class=\"avia-bullet\"><\/span><span class=\"avia-menu-text\">\u00c9nonc\u00e9 de diversit\u00e9 et d\u2019inclusion<\/span><span class=\"avia-menu-fx\"><span class=\"avia-arrow-wrap\"><span class=\"avia-arrow\"><\/span><\/span><\/span><\/a><\/li>\n<li id=\"menu-item-8229\" class=\"menu-item menu-item-type-post_type menu-item-object-page menu-item-top-level menu-item-top-level-5\"><a href=\"https:\/\/esc-sec.ca\/fr\/the-society\/codedeconduite\/\" itemprop=\"url\"><span class=\"avia-bullet\"><\/span><span class=\"avia-menu-text\">Code de conduite g\u00e9n\u00e9ral<\/span><span class=\"avia-menu-fx\"><span class=\"avia-arrow-wrap\"><span class=\"avia-arrow\"><\/span><\/span><\/span><\/a><\/li>\n<li id=\"menu-item-3437\" class=\"menu-item menu-item-type-post_type menu-item-object-page menu-item-top-level menu-item-top-level-6\"><a href=\"https:\/\/esc-sec.ca\/fr\/the-society\/committees\/\" itemprop=\"url\"><span class=\"avia-bullet\"><\/span><span class=\"avia-menu-text\">Comit\u00e9s<\/span><span class=\"avia-menu-fx\"><span class=\"avia-arrow-wrap\"><span class=\"avia-arrow\"><\/span><\/span><\/span><\/a><\/li>\n<li id=\"menu-item-8226\" class=\"menu-item menu-item-type-post_type menu-item-object-page menu-item-top-level menu-item-top-level-7\"><a href=\"https:\/\/esc-sec.ca\/fr\/affiliated-societies\/\" itemprop=\"url\"><span class=\"avia-bullet\"><\/span><span class=\"avia-menu-text\">Soci\u00e9t\u00e9s Affili\u00e9es<\/span><span class=\"avia-menu-fx\"><span class=\"avia-arrow-wrap\"><span class=\"avia-arrow\"><\/span><\/span><\/span><\/a><\/li>\n<li id=\"menu-item-3438\" class=\"menu-item menu-item-type-post_type menu-item-object-page menu-item-top-level menu-item-top-level-8\"><a href=\"https:\/\/esc-sec.ca\/fr\/the-society\/affiliated-organizations\/\" itemprop=\"url\"><span class=\"avia-bullet\"><\/span><span class=\"avia-menu-text\">Organisations affili\u00e9es<\/span><span class=\"avia-menu-fx\"><span class=\"avia-arrow-wrap\"><span class=\"avia-arrow\"><\/span><\/span><\/span><\/a><\/li>\n<\/ul><\/div><\/div><div class='sticky_placeholder'><\/div><div id='after_submenu'  class='main_color av_default_container_wrap container_wrap sidebar_right' style=' '  ><div class='container' ><div class='template-page content  av-content-small alpha units'><div class='post-entry post-entry-type-page post-entry-1885'><div class='entry-content-wrapper clearfix'>\n<div class=\"flex_column av_one_full  flex_column_div av-zero-column-padding first  avia-builder-el-2  el_after_av_submenu  el_before_av_one_full  avia-builder-el-first  \" style='border-radius:0px; '><p><div  style='padding-bottom:10px; font-size:45px;' class='av-special-heading av-special-heading-h1  blockquote modern-quote  avia-builder-el-3  el_before_av_textblock  avia-builder-el-first  av-inherit-size '><h1 class='av-special-heading-tag '  itemprop=\"headline\"  >Vision<\/h1><div class='special-heading-border'><div class='special-heading-inner-border' ><\/div><\/div><\/div><br \/>\n<section class=\"av_textblock_section \"  itemscope=\"itemscope\" itemtype=\"https:\/\/schema.org\/CreativeWork\" ><div class='avia_textblock  '   itemprop=\"text\" ><p>La Soci\u00e9t\u00e9 d\u2019entomologie du Canada\/The Entomological Society of Canada (SEC\/ESC) sera l\u2019organisation responsable de promouvoir, faciliter, communiquer et d\u00e9fendre les int\u00e9r\u00eats de la recherche et l\u2019\u00e9ducation sur les insectes et leurs apparent\u00e9s, de faire le mentorat du d\u00e9veloppement des jeunes entomologistes, et mettra en valeur l\u2019expertise entomologique du Canada nationalement et internationalement.<\/p>\n<\/div><\/section><br \/>\n<div  style='padding-bottom:10px; font-size:45px;' class='av-special-heading av-special-heading-h1  blockquote modern-quote  avia-builder-el-5  el_after_av_textblock  el_before_av_textblock  av-inherit-size '><h1 class='av-special-heading-tag '  itemprop=\"headline\"  >Mission<\/h1><div class='special-heading-border'><div class='special-heading-inner-border' ><\/div><\/div><\/div><br \/>\n<section class=\"av_textblock_section \"  itemscope=\"itemscope\" itemtype=\"https:\/\/schema.org\/CreativeWork\" ><div class='avia_textblock  '   itemprop=\"text\" ><p style=\"font-weight: 400;\">\u00c9tablie en 1863, la Soci\u00e9t\u00e9 d\u2019entomologie du Canada\/The Entomological Society of Canada (SEC\/ESC) encourage, soutient et communique la connaissance des insectes et de leurs apparent\u00e9s au nom de ses membres et de tous les passionn\u00e9s des insectes.<\/p>\n<\/div><\/section><br \/>\n<div  style='padding-bottom:10px; font-size:45px;' class='av-special-heading av-special-heading-h1  blockquote modern-quote  av-inherit-size '><h1 class='av-special-heading-tag '  itemprop=\"headline\"  >R\u00f4les<\/h1><div class='special-heading-border'><div class='special-heading-inner-border' ><\/div><\/div><\/div><br \/>\n<section class=\"av_textblock_section \"  itemscope=\"itemscope\" itemtype=\"https:\/\/schema.org\/CreativeWork\" ><div class='avia_textblock  '   itemprop=\"text\" ><p>La Soci\u00e9t\u00e9 d\u2019entomologie du Canada (SEC) soutien la communaut\u00e9 entomologique du Canada et d\u2019ailleurs de multiples fa\u00e7ons, certaines uniques. Celles-ci incluent\u00a0:<\/p>\n<p><strong>Diss\u00e9mination des connaissances entomologiques.<\/strong> La SEC publie actuellement <em>The Canadian Entomologist<\/em>, <em>Canadian Journal of Arthropod Identification<\/em>, et le <em>Bulletin de la Soci\u00e9t\u00e9 d\u2019entomologie du Canada<\/em>. La SEC fournit un acc\u00e8s \u00e0 une litt\u00e9rature scientifique qui serait autrement non disponible, incluant 171 <em>M\u00e9moires de la Soci\u00e9t\u00e9 d\u2019entomologie du Canada<\/em> et 30 monographies d\u2019Agriculture et Agroalimentaire Canada. Les r\u00e9unions annuelles de la SEC se tiennent g\u00e9n\u00e9ralement conjointement avec les soci\u00e9t\u00e9s entomologiques r\u00e9gionales, et attirent plus de 500 entomologistes qui pr\u00e9sentent les r\u00e9sultats de leur recherche et qui r\u00e9seautent avec les autres.<\/p>\n<p><strong>D\u00e9veloppement des jeunes entomologistes. <\/strong>Les \u00e9tudiants et jeunes professionnels re\u00e7oivent des rabais sur l\u2019adh\u00e9sion \u00e0 la SEC et sur l\u2019inscription aux r\u00e9unions. Les \u00e9tudiants ont acc\u00e8s \u00e0 des subventions pour assister aux r\u00e9unions nationales, 12\u00a0000$ annuellement en bourses pour les \u00e9tudes sup\u00e9rieures, et des prix pour des pr\u00e9sentations remarquables aux r\u00e9unions annuelles de la SEC. Le comit\u00e9 des \u00e9tudiants et des jeunes professionnels de la SEC facilite le r\u00e9seautage, organise un symposium sur la recherche \u00e9tudiante et des activit\u00e9s de d\u00e9veloppement de carri\u00e8re aux r\u00e9unions annuelles, et fournit de l\u2019exp\u00e9rience dans la gouvernance de la soci\u00e9t\u00e9. La SEC fournit des subventions pour l\u2019\u00e9ducation au public aux soci\u00e9t\u00e9s r\u00e9gionales afin de soutenir les \u00e9v\u00e8nements de vulgarisation locales, parmi lesquelles plusieurs visent les enthousiastes d\u2019insectes d\u2019\u00e2ge scolaire \u2013 les scientifiques entomologistes du futur.<\/p>\n<p><strong>Promotion de l\u2019entomologie au Canada.<\/strong> Le comit\u00e9 de la politique scientifique de la SEC surveille les politiques scientifiques du gouvernement, de l\u2019industrie et des organisations non-gouvernementales et permet \u00e0 la Soci\u00e9t\u00e9 de prendre position sur les questions importantes qui affectent les membres de la SEC ou la science de l\u2019entomologie. Les actions incluent la repr\u00e9sentation dans les minist\u00e8res gouvernementaux et la participation dans les processus consultatifs du gouvernement, et l\u2019acc\u00e8s \u00e0 l\u2019information, pour les membres de la SEC, sur les implications des changements dans la r\u00e9glementation \u00e0 l\u2019\u00e9chelle nationale et internationale.<\/p>\n<p><strong>Reconnaissances des accomplissements entomologiques.<\/strong> La SEC reconna\u00eet les accomplissements exceptionnels par des prix annuels qui incluent la m\u00e9daille d\u2019or pour les accomplissements tout au long de la carri\u00e8re, le prix C. Gordon Hewitt pour l\u2019accomplissement en d\u00e9but de carri\u00e8re, et le prix Norman Criddle pour un accomplissement par un entomologiste non-professionnel. La Soci\u00e9t\u00e9 accorde le statut de membre honoraire et de membre associ\u00e9 aux individus qui ont apport\u00e9 des contributions significatives \u00e0 l\u2019avancement de l\u2019entomologie.<\/p>\n<p>La Commission biologique du Canada (CBC) est un organisme \u00e0 but non lucratif qui aide \u00e0 coordonner la recherche scientifique parmi les sp\u00e9cialistes sur le biote canadien.<\/p>\n<\/div><\/section><\/p><\/div>\n","protected":false},"excerpt":{"rendered":"","protected":false},"author":1,"featured_media":0,"parent":1962,"menu_order":20,"comment_status":"closed","ping_status":"closed","template":"","meta":{"footnotes":""},"class_list":["post-1885","page","type-page","status-publish","hentry"],"jetpack_sharing_enabled":true,"_links":{"self":[{"href":"https:\/\/esc-sec.ca\/fr\/wp-json\/wp\/v2\/pages\/1885","targetHints":{"allow":["GET"]}}],"collection":[{"href":"https:\/\/esc-sec.ca\/fr\/wp-json\/wp\/v2\/pages"}],"about":[{"href":"https:\/\/esc-sec.ca\/fr\/wp-json\/wp\/v2\/types\/page"}],"author":[{"embeddable":true,"href":"https:\/\/esc-sec.ca\/fr\/wp-json\/wp\/v2\/users\/1"}],"replies":[{"embeddable":true,"href":"https:\/\/esc-sec.ca\/fr\/wp-json\/wp\/v2\/comments?post=1885"}],"version-history":[{"count":8,"href":"https:\/\/esc-sec.ca\/fr\/wp-json\/wp\/v2\/pages\/1885\/revisions"}],"predecessor-version":[{"id":3913,"href":"https:\/\/esc-sec.ca\/fr\/wp-json\/wp\/v2\/pages\/1885\/revisions\/3913"}],"up":[{"embeddable":true,"href":"https:\/\/esc-sec.ca\/fr\/wp-json\/wp\/v2\/pages\/1962"}],"wp:attachment":[{"href":"https:\/\/esc-sec.ca\/fr\/wp-json\/wp\/v2\/media?parent=1885"}],"curies":[{"name":"wp","href":"https:\/\/api.w.org\/{rel}","templated":true}]}}